{"id":8987,"date":"2019-08-22T14:58:33","date_gmt":"2019-08-22T17:58:33","guid":{"rendered":"https:\/\/cipe.org.br\/novo\/?page_id=8987"},"modified":"2019-10-09T10:59:34","modified_gmt":"2019-10-09T13:59:34","slug":"registros-de-cirurgias","status":"publish","type":"page","link":"https:\/\/cipe.org.br\/novo\/registros-de-cirurgias\/","title":{"rendered":"Registros de Cirurgias"},"content":{"rendered":"<div class=\"members-access-error\">\u00c1rea de acesso restrito aos residentes de Cirurgia Pedi\u00e1trica cadastrados na CIPE. Caso n\u00e3o possua seus dados de acesso, fa\u00e7a o <a href=\"https:\/\/cipe.org.br\/novo\/recadastramento\/\">recadastramento pelo nosso site<\/a> e aguarde o envio dos mesmos.<\/div>\n","protected":false},"excerpt":{"rendered":"<div class=\"members-access-error\">\u00c1rea de acesso restrito aos residentes de Cirurgia Pedi\u00e1trica cadastrados na CIPE. Caso n\u00e3o possua seus dados de acesso, fa\u00e7a o <a href=\"https:\/\/cipe.org.br\/novo\/recadastramento\/\">recadastramento pelo nosso site<\/a> e aguarde o envio dos mesmos.<\/div>\n","protected":false},"author":1,"featured_media":0,"parent":0,"menu_order":0,"comment_status":"closed","ping_status":"closed","template":"","meta":{"footnotes":""},"_links":{"self":[{"href":"https:\/\/cipe.org.br\/novo\/wp-json\/wp\/v2\/pages\/8987"}],"collection":[{"href":"https:\/\/cipe.org.br\/novo\/wp-json\/wp\/v2\/pages"}],"about":[{"href":"https:\/\/cipe.org.br\/novo\/wp-json\/wp\/v2\/types\/page"}],"author":[{"embeddable":true,"href":"https:\/\/cipe.org.br\/novo\/wp-json\/wp\/v2\/users\/1"}],"replies":[{"embeddable":true,"href":"https:\/\/cipe.org.br\/novo\/wp-json\/wp\/v2\/comments?post=8987"}],"version-history":[{"count":5,"href":"https:\/\/cipe.org.br\/novo\/wp-json\/wp\/v2\/pages\/8987\/revisions"}],"predecessor-version":[{"id":9299,"href":"https:\/\/cipe.org.br\/novo\/wp-json\/wp\/v2\/pages\/8987\/revisions\/9299"}],"wp:attachment":[{"href":"https:\/\/cipe.org.br\/novo\/wp-json\/wp\/v2\/media?parent=8987"}],"curies":[{"name":"wp","href":"https:\/\/api.w.org\/{rel}","templated":true}]}}