{"id":8983,"date":"2019-08-22T14:57:16","date_gmt":"2019-08-22T17:57:16","guid":{"rendered":"https:\/\/cipe.org.br\/novo\/?page_id=8983"},"modified":"2026-05-04T10:45:48","modified_gmt":"2026-05-04T13:45:48","slug":"anuidade","status":"publish","type":"page","link":"https:\/\/cipe.org.br\/novo\/anuidade\/","title":{"rendered":"Anuidade"},"content":{"rendered":"<h5><img loading=\"lazy\" decoding=\"async\" class=\"aligncenter size-medium wp-image-22980\" src=\"https:\/\/cipe.org.br\/novo\/wp-content\/uploads\/2026\/02\/FEV-2026-POST-ANUIDADE-2026-01-375x500.jpg\" alt=\"\" width=\"375\" height=\"500\" srcset=\"https:\/\/cipe.org.br\/novo\/wp-content\/uploads\/2026\/02\/FEV-2026-POST-ANUIDADE-2026-01-375x500.jpg 375w, https:\/\/cipe.org.br\/novo\/wp-content\/uploads\/2026\/02\/FEV-2026-POST-ANUIDADE-2026-01-900x1200.jpg 900w, https:\/\/cipe.org.br\/novo\/wp-content\/uploads\/2026\/02\/FEV-2026-POST-ANUIDADE-2026-01-225x300.jpg 225w, https:\/\/cipe.org.br\/novo\/wp-content\/uploads\/2026\/02\/FEV-2026-POST-ANUIDADE-2026-01-768x1024.jpg 768w, https:\/\/cipe.org.br\/novo\/wp-content\/uploads\/2026\/02\/FEV-2026-POST-ANUIDADE-2026-01-56x75.jpg 56w, https:\/\/cipe.org.br\/novo\/wp-content\/uploads\/2026\/02\/FEV-2026-POST-ANUIDADE-2026-01-480x640.jpg 480w, https:\/\/cipe.org.br\/novo\/wp-content\/uploads\/2026\/02\/FEV-2026-POST-ANUIDADE-2026-01.jpg 1080w\" sizes=\"(max-width:767px) 375px, 375px\" \/><img loading=\"lazy\" decoding=\"async\" class=\"aligncenter size-medium wp-image-22981\" src=\"https:\/\/cipe.org.br\/novo\/wp-content\/uploads\/2026\/02\/FEV-2026-POST-ANUIDADE-2026-02-375x500.jpg\" alt=\"\" width=\"375\" height=\"500\" srcset=\"https:\/\/cipe.org.br\/novo\/wp-content\/uploads\/2026\/02\/FEV-2026-POST-ANUIDADE-2026-02-375x500.jpg 375w, https:\/\/cipe.org.br\/novo\/wp-content\/uploads\/2026\/02\/FEV-2026-POST-ANUIDADE-2026-02-900x1200.jpg 900w, https:\/\/cipe.org.br\/novo\/wp-content\/uploads\/2026\/02\/FEV-2026-POST-ANUIDADE-2026-02-225x300.jpg 225w, https:\/\/cipe.org.br\/novo\/wp-content\/uploads\/2026\/02\/FEV-2026-POST-ANUIDADE-2026-02-768x1024.jpg 768w, https:\/\/cipe.org.br\/novo\/wp-content\/uploads\/2026\/02\/FEV-2026-POST-ANUIDADE-2026-02-56x75.jpg 56w, https:\/\/cipe.org.br\/novo\/wp-content\/uploads\/2026\/02\/FEV-2026-POST-ANUIDADE-2026-02-480x640.jpg 480w, https:\/\/cipe.org.br\/novo\/wp-content\/uploads\/2026\/02\/FEV-2026-POST-ANUIDADE-2026-02.jpg 1080w\" sizes=\"(max-width:767px) 375px, 375px\" \/> <img loading=\"lazy\" decoding=\"async\" class=\"aligncenter size-medium wp-image-22982\" src=\"https:\/\/cipe.org.br\/novo\/wp-content\/uploads\/2026\/02\/FEV-2026-POST-ANUIDADE-2026-03-375x500.jpg\" alt=\"\" width=\"375\" height=\"500\" srcset=\"https:\/\/cipe.org.br\/novo\/wp-content\/uploads\/2026\/02\/FEV-2026-POST-ANUIDADE-2026-03-375x500.jpg 375w, https:\/\/cipe.org.br\/novo\/wp-content\/uploads\/2026\/02\/FEV-2026-POST-ANUIDADE-2026-03-900x1200.jpg 900w, https:\/\/cipe.org.br\/novo\/wp-content\/uploads\/2026\/02\/FEV-2026-POST-ANUIDADE-2026-03-225x300.jpg 225w, https:\/\/cipe.org.br\/novo\/wp-content\/uploads\/2026\/02\/FEV-2026-POST-ANUIDADE-2026-03-768x1024.jpg 768w, https:\/\/cipe.org.br\/novo\/wp-content\/uploads\/2026\/02\/FEV-2026-POST-ANUIDADE-2026-03-56x75.jpg 56w, https:\/\/cipe.org.br\/novo\/wp-content\/uploads\/2026\/02\/FEV-2026-POST-ANUIDADE-2026-03-480x640.jpg 480w, https:\/\/cipe.org.br\/novo\/wp-content\/uploads\/2026\/02\/FEV-2026-POST-ANUIDADE-2026-03.jpg 1080w\" sizes=\"(max-width:767px) 375px, 375px\" \/> <img loading=\"lazy\" decoding=\"async\" class=\"aligncenter size-medium wp-image-22990\" src=\"https:\/\/cipe.org.br\/novo\/wp-content\/uploads\/2026\/02\/FEV-2026-POST-ANUIDADE-2026-04-SITE-375x500.jpg\" alt=\"\" width=\"375\" height=\"500\" srcset=\"https:\/\/cipe.org.br\/novo\/wp-content\/uploads\/2026\/02\/FEV-2026-POST-ANUIDADE-2026-04-SITE-375x500.jpg 375w, https:\/\/cipe.org.br\/novo\/wp-content\/uploads\/2026\/02\/FEV-2026-POST-ANUIDADE-2026-04-SITE-900x1200.jpg 900w, https:\/\/cipe.org.br\/novo\/wp-content\/uploads\/2026\/02\/FEV-2026-POST-ANUIDADE-2026-04-SITE-225x300.jpg 225w, https:\/\/cipe.org.br\/novo\/wp-content\/uploads\/2026\/02\/FEV-2026-POST-ANUIDADE-2026-04-SITE-768x1024.jpg 768w, https:\/\/cipe.org.br\/novo\/wp-content\/uploads\/2026\/02\/FEV-2026-POST-ANUIDADE-2026-04-SITE-56x75.jpg 56w, https:\/\/cipe.org.br\/novo\/wp-content\/uploads\/2026\/02\/FEV-2026-POST-ANUIDADE-2026-04-SITE-480x640.jpg 480w, https:\/\/cipe.org.br\/novo\/wp-content\/uploads\/2026\/02\/FEV-2026-POST-ANUIDADE-2026-04-SITE.jpg 1080w\" sizes=\"(max-width:767px) 375px, 375px\" \/><img loading=\"lazy\" decoding=\"async\" class=\"aligncenter size-medium wp-image-22991\" src=\"https:\/\/cipe.org.br\/novo\/wp-content\/uploads\/2026\/02\/FEV-2026-POST-ANUIDADE-2026-05-SITE-375x500.jpg\" alt=\"\" width=\"375\" height=\"500\" srcset=\"https:\/\/cipe.org.br\/novo\/wp-content\/uploads\/2026\/02\/FEV-2026-POST-ANUIDADE-2026-05-SITE-375x500.jpg 375w, https:\/\/cipe.org.br\/novo\/wp-content\/uploads\/2026\/02\/FEV-2026-POST-ANUIDADE-2026-05-SITE-900x1200.jpg 900w, https:\/\/cipe.org.br\/novo\/wp-content\/uploads\/2026\/02\/FEV-2026-POST-ANUIDADE-2026-05-SITE-225x300.jpg 225w, https:\/\/cipe.org.br\/novo\/wp-content\/uploads\/2026\/02\/FEV-2026-POST-ANUIDADE-2026-05-SITE-768x1024.jpg 768w, https:\/\/cipe.org.br\/novo\/wp-content\/uploads\/2026\/02\/FEV-2026-POST-ANUIDADE-2026-05-SITE-56x75.jpg 56w, https:\/\/cipe.org.br\/novo\/wp-content\/uploads\/2026\/02\/FEV-2026-POST-ANUIDADE-2026-05-SITE-480x640.jpg 480w, https:\/\/cipe.org.br\/novo\/wp-content\/uploads\/2026\/02\/FEV-2026-POST-ANUIDADE-2026-05-SITE.jpg 1080w\" sizes=\"(max-width:767px) 375px, 375px\" \/><img loading=\"lazy\" decoding=\"async\" class=\"aligncenter size-medium wp-image-23137\" src=\"https:\/\/cipe.org.br\/novo\/wp-content\/uploads\/2026\/04\/ABR-2026-POST-ANUIDADE-2026-04-site-375x500.jpg\" alt=\"\" width=\"375\" height=\"500\" srcset=\"https:\/\/cipe.org.br\/novo\/wp-content\/uploads\/2026\/04\/ABR-2026-POST-ANUIDADE-2026-04-site-375x500.jpg 375w, https:\/\/cipe.org.br\/novo\/wp-content\/uploads\/2026\/04\/ABR-2026-POST-ANUIDADE-2026-04-site-900x1200.jpg 900w, https:\/\/cipe.org.br\/novo\/wp-content\/uploads\/2026\/04\/ABR-2026-POST-ANUIDADE-2026-04-site-225x300.jpg 225w, https:\/\/cipe.org.br\/novo\/wp-content\/uploads\/2026\/04\/ABR-2026-POST-ANUIDADE-2026-04-site-768x1024.jpg 768w, https:\/\/cipe.org.br\/novo\/wp-content\/uploads\/2026\/04\/ABR-2026-POST-ANUIDADE-2026-04-site-56x75.jpg 56w, https:\/\/cipe.org.br\/novo\/wp-content\/uploads\/2026\/04\/ABR-2026-POST-ANUIDADE-2026-04-site-480x640.jpg 480w, https:\/\/cipe.org.br\/novo\/wp-content\/uploads\/2026\/04\/ABR-2026-POST-ANUIDADE-2026-04-site.jpg 1080w\" sizes=\"(max-width:767px) 375px, 375px\" \/><img loading=\"lazy\" decoding=\"async\" class=\"aligncenter size-medium wp-image-22985\" src=\"https:\/\/cipe.org.br\/novo\/wp-content\/uploads\/2026\/02\/FEV-2026-POST-ANUIDADE-2026-06-375x500.jpg\" alt=\"\" width=\"375\" height=\"500\" srcset=\"https:\/\/cipe.org.br\/novo\/wp-content\/uploads\/2026\/02\/FEV-2026-POST-ANUIDADE-2026-06-375x500.jpg 375w, https:\/\/cipe.org.br\/novo\/wp-content\/uploads\/2026\/02\/FEV-2026-POST-ANUIDADE-2026-06-900x1200.jpg 900w, https:\/\/cipe.org.br\/novo\/wp-content\/uploads\/2026\/02\/FEV-2026-POST-ANUIDADE-2026-06-225x300.jpg 225w, https:\/\/cipe.org.br\/novo\/wp-content\/uploads\/2026\/02\/FEV-2026-POST-ANUIDADE-2026-06-768x1024.jpg 768w, https:\/\/cipe.org.br\/novo\/wp-content\/uploads\/2026\/02\/FEV-2026-POST-ANUIDADE-2026-06-56x75.jpg 56w, https:\/\/cipe.org.br\/novo\/wp-content\/uploads\/2026\/02\/FEV-2026-POST-ANUIDADE-2026-06-480x640.jpg 480w, https:\/\/cipe.org.br\/novo\/wp-content\/uploads\/2026\/02\/FEV-2026-POST-ANUIDADE-2026-06.jpg 1080w\" sizes=\"(max-width:767px) 375px, 375px\" \/><\/h5>\n<p>As conquistas de 2025 e o in\u00edcio de 2026 refor\u00e7am um caminho claro: mais desenvolvimento cient\u00edfico, maior integra\u00e7\u00e3o entre especialistas e uma atua\u00e7\u00e3o institucional cada vez mais forte e representativa.<\/p>\n<p>A anuidade \u00e9 mais do que uma contribui\u00e7\u00e3o administrativa.<\/p>\n<p>\u00c9 um investimento direto na especialidade, na forma\u00e7\u00e3o cont\u00ednua, na defesa profissional e na constru\u00e7\u00e3o coletiva de uma CIPE mais ativa e participativa.<\/p>\n<p>Confira nas imagens como se associar e os valores de anuidade para 2026.<\/p>\n<p>Quanto maior o envolvimento dos cirurgi\u00f5es pedi\u00e1tricos, maior o impacto da nossa atua\u00e7\u00e3o \u2014 hoje e no futuro.<\/p>\n<p>A <strong>CIPE<\/strong> segue avan\u00e7ando com responsabilidade, planejamento e compromisso com a Cirurgia Pedi\u00e1trica brasileira.<\/p>\n<p><strong>Sua participa\u00e7\u00e3o faz toda a diferen\u00e7a.<\/strong><\/p>\n<p><strong>Associe-se!<\/strong><\/p>\n<p>&#8212;<\/p>\n<p><strong>J\u00e1 \u00e9 associado?<br \/>\nBasta enviar o comprovante de pagamento da anuidade para o e-mail <a href=\"mailto:secretaria@cipe.org.br\">secretaria@cipe.org.br\u00a0<\/a> ou por WhatsApp (<a href=\"https:\/\/api.whatsapp.com\/send?1=pt_BR&amp;phone=5511933608955\">clique aqui para iniciar conversa<\/a>).<\/strong><\/p>\n<p><strong>Novo s\u00f3cio: deseja se associar?<br \/>\nConfira o passo a passo <a href=\"https:\/\/cipe.org.br\/novo\/associe-se\/\">aqui<\/a><\/strong>.<\/p>\n<p>Nova diretoria e equipe CIPE<br \/>\nDesenvolvimento e Reintegra\u00e7\u00e3o\u2800<\/p>\n","protected":false},"excerpt":{"rendered":"<p>As conquistas de 2025 e o in\u00edcio de 2026 refor\u00e7am um caminho claro: mais desenvolvimento cient\u00edfico, maior integra\u00e7\u00e3o entre especialistas e uma atua\u00e7\u00e3o institucional cada vez<span class=\"excerpt-hellip\"> [\u2026]<\/span><\/p>\n","protected":false},"author":1,"featured_media":0,"parent":0,"menu_order":0,"comment_status":"closed","ping_status":"closed","template":"","meta":{"footnotes":""},"_links":{"self":[{"href":"https:\/\/cipe.org.br\/novo\/wp-json\/wp\/v2\/pages\/8983"}],"collection":[{"href":"https:\/\/cipe.org.br\/novo\/wp-json\/wp\/v2\/pages"}],"about":[{"href":"https:\/\/cipe.org.br\/novo\/wp-json\/wp\/v2\/types\/page"}],"author":[{"embeddable":true,"href":"https:\/\/cipe.org.br\/novo\/wp-json\/wp\/v2\/users\/1"}],"replies":[{"embeddable":true,"href":"https:\/\/cipe.org.br\/novo\/wp-json\/wp\/v2\/comments?post=8983"}],"version-history":[{"count":47,"href":"https:\/\/cipe.org.br\/novo\/wp-json\/wp\/v2\/pages\/8983\/revisions"}],"predecessor-version":[{"id":23188,"href":"https:\/\/cipe.org.br\/novo\/wp-json\/wp\/v2\/pages\/8983\/revisions\/23188"}],"wp:attachment":[{"href":"https:\/\/cipe.org.br\/novo\/wp-json\/wp\/v2\/media?parent=8983"}],"curies":[{"name":"wp","href":"https:\/\/api.w.org\/{rel}","templated":true}]}}