{"id":8976,"date":"2019-08-22T14:55:59","date_gmt":"2019-08-22T17:55:59","guid":{"rendered":"https:\/\/cipe.org.br\/novo\/?page_id=8976"},"modified":"2025-04-30T17:12:49","modified_gmt":"2025-04-30T20:12:49","slug":"a-cirurgia-pediatrica","status":"publish","type":"page","link":"https:\/\/cipe.org.br\/novo\/a-cirurgia-pediatrica\/","title":{"rendered":"A Cirurgia Pedi\u00e1trica"},"content":{"rendered":"<p><iframe loading=\"lazy\" title=\"A IMPORT\u00c2NCIA DO CIRURGI\u00c3O PEDI\u00c1TRICO PARA A SA\u00daDE INFANTIL\" width=\"1220\" height=\"686\" src=\"https:\/\/www.youtube.com\/embed\/QCNkENRyUG8?feature=oembed\" frameborder=\"0\" allow=\"accelerometer; autoplay; clipboard-write; encrypted-media; gyroscope; picture-in-picture; web-share\" referrerpolicy=\"strict-origin-when-cross-origin\" allowfullscreen><\/iframe><\/p>\n<p>Gostou do v\u00eddeo e gostaria de compartilhar? Fa\u00e7a o download clicando <strong><a href=\"https:\/\/www.dropbox.com\/scl\/fi\/h9p4tpb96v3thumfda6q5\/ABR-2025-POST-IMPORTANCIA-CIRURGIAO.mp4?rlkey=is9pugn0yuhim2n1z8w12cbxt&amp;dl=0\">aqui<\/a><\/strong> e publique nas suas redes sociais.<\/p>\n<p>&nbsp;<\/p>\n<p><a href=\"https:\/\/cipe.org.br\/novo\/wp-content\/uploads\/2019\/09\/declaracao_cipe.jpeg\"><img loading=\"lazy\" decoding=\"async\" class=\"aligncenter size-large wp-image-9554\" src=\"https:\/\/cipe.org.br\/novo\/wp-content\/uploads\/2019\/09\/declaracao_cipe-1024x1024.jpeg\" alt=\"\" width=\"640\" height=\"640\" srcset=\"https:\/\/cipe.org.br\/novo\/wp-content\/uploads\/2019\/09\/declaracao_cipe-1024x1024.jpeg 1024w, https:\/\/cipe.org.br\/novo\/wp-content\/uploads\/2019\/09\/declaracao_cipe-150x150.jpeg 150w, https:\/\/cipe.org.br\/novo\/wp-content\/uploads\/2019\/09\/declaracao_cipe-300x300.jpeg 300w, https:\/\/cipe.org.br\/novo\/wp-content\/uploads\/2019\/09\/declaracao_cipe-768x768.jpeg 768w, https:\/\/cipe.org.br\/novo\/wp-content\/uploads\/2019\/09\/declaracao_cipe-600x600.jpeg 600w, https:\/\/cipe.org.br\/novo\/wp-content\/uploads\/2019\/09\/declaracao_cipe-100x100.jpeg 100w, https:\/\/cipe.org.br\/novo\/wp-content\/uploads\/2019\/09\/declaracao_cipe.jpeg 1280w\" sizes=\"(max-width:767px) 480px, 640px\" \/><\/a><\/p>\n<ul>\n<li><strong>O QUE \u00c9 A CIRURGIA PEDIATRICA?<\/strong><\/li>\n<\/ul>\n<p>\u00c9 a especialidade m\u00e9dica respons\u00e1vel pelo tratamento clinico-cir\u00fargico de crian\u00e7as com doen\u00e7as cong\u00eanitas ou adquiridas, do per\u00edodo antinatal at\u00e9 o fim da puberdade.<\/p>\n<p>Tem extensa \u00e1rea de atua\u00e7\u00e3o, pois atua em v\u00e1rios sistemas org\u00e2nicos (digest\u00f3rio, respirat\u00f3rio, genitourin\u00e1rio, vascular, tegumentar e musculoesquel\u00e9tico).<\/p>\n<ul>\n<li><strong>QUAL A FORMA\u00c7\u00c3O DO CIRURGI\u00c3O PEDI\u00c1TRICO?<\/strong><\/li>\n<\/ul>\n<p>Atualmente a forma\u00e7\u00e3o m\u00ednima do cirurgi\u00e3o pedi\u00e1trico varia de 5 a 6 anos. Vai depender da op\u00e7\u00e3o do m\u00e9dico em fazer como pr\u00e9 &#8211; requisito 2 anos de Residencia M\u00e9dica (RM) na \u00c1rea de Cirurgia B\u00e1sica ou 3 anos de RM em Cirurgia Geral, op\u00e7\u00e3o esta que no final concede t\u00edtulo de especialista em Cirurgia Geral.<\/p>\n<p>Ap\u00f3s o pr\u00e9 &#8211; requisito, 3 anos de RM em Cirurgia Pedi\u00e1trica e mais 1 ano opcional de est\u00e1gio em Centros de Aperfei\u00e7oamento credenciados pela CIPE (Queimados, Cirurgia Pedi\u00e1trica Oncol\u00f3gica, Cirurgia Pedi\u00e1trica Tor\u00e1cica e Cirurgia Pedi\u00e1trica Urol\u00f3gica).<\/p>\n<ul>\n<li><strong>ONDE O CIRURGI\u00c3O PEDIATRICO PODE ATUAR?<\/strong><\/li>\n<\/ul>\n<p><strong>Pr\u00e9-natal:<\/strong> no diagn\u00f3stico de malforma\u00e7\u00f5es cong\u00eanitas durante a gesta\u00e7\u00e3o, com programa\u00e7\u00e3o para corre\u00e7\u00e3o cir\u00fargica ap\u00f3s o nascimento. Em alguns casos, o procedimento cir\u00fargico pode ser realizado ainda no \u00fatero da m\u00e3e (<strong>Cirurgia Fetal<\/strong>).<\/p>\n<p><strong>Neonatal:<\/strong> compreende os pacientes desde o nascimento at\u00e9 o vig\u00e9simo oitavo dia de vida, prematuros ou nascidos a termo. Nessa faixa et\u00e1ria predominam as malforma\u00e7\u00f5es cong\u00eanitas.<\/p>\n<p><strong>Cirurgia Pedi\u00e1trica Geral:<\/strong> ap\u00f3s o per\u00edodo neonatal, envolve tanto malforma\u00e7\u00f5es cong\u00eanitas com diagn\u00f3stico mais tardio, assim como outras patologias de car\u00e1ter eletivo ou de urg\u00eancia, dos diversos sistemas org\u00e2nicos.<\/p>\n<p><strong>Cirurgia Pedi\u00e1trica Urol\u00f3gica:<\/strong> investiga\u00e7\u00e3o e tratamento de doen\u00e7as do sistema urin\u00e1rio.<\/p>\n<p><strong>Cirurgia Pedi\u00e1trica do Trauma:<\/strong> o profissional atua em servi\u00e7os de emerg\u00eancia, sendo imprescind\u00edvel a sua presen\u00e7a no tratamento de crian\u00e7as politraumatizadas, pois estas apresentam caracter\u00edsticas distintas dos adultos.<\/p>\n<p><strong>Cirurgia Pedi\u00e1trica Oncol\u00f3gica:<\/strong> tumores, benignos ou malignos, t\u00eam apresenta\u00e7\u00e3o diferenciada em crian\u00e7as, inclusive com caracter\u00edsticas histol\u00f3gicas espec\u00edficas, que determinam o tratamento.<\/p>\n<p><strong>Cirurgia Pedi\u00e1trica Videolaparoscopia:<\/strong> na verdade, n\u00e3o se trata de \u00e1rea de atua\u00e7\u00e3o, mas sim uma t\u00e9cnica cir\u00fargica que necessita de treinamento espec\u00edfico e intensivo do profissional; e que pode ser aplicada em v\u00e1rias situa\u00e7\u00f5es da pr\u00e1tica di\u00e1ria da especialidade.<\/p>\n<p>E mais recentemente na <strong>Cirurgia Pedi\u00e1trica Rob\u00f3tica<\/strong>, que assim como a videolaparoscopia, \u00e9 uma t\u00e9cnica cir\u00fargica que necessita de um treinamento espec\u00edfico e intensivo.<\/p>\n<p><strong>QUAL O MERCADO DE TRABALHO DO CIRURGI\u00c3O PEDI\u00c1TRICO?<\/strong><\/p>\n<p>O cirurgi\u00e3o pedi\u00e1trico pode trabalhar como profissional liberal em consult\u00f3rio particular e realizando cirurgias em car\u00e1ter ambulatorial em hospital dia ou em hospital de grande porte, a depender do grau de complexidade da doen\u00e7a a ser tratada. Pode estar inserido a servi\u00e7os hospitalares, trabalhando em car\u00e1ter ambulatorial ou emergencial, fazendo plant\u00f5es presenciais ou de sobreaviso; ou tamb\u00e9m pode atuar nas \u00e1reas de pesquisa e ensino.<\/p>\n<p>Normalmente est\u00e1 ligado a um servi\u00e7o hospitalar, em conjunto com outras especialidades pedi\u00e1tricas; sendo necess\u00e1rio infraestrutura e disponibilidade de equipamentos e materiais cir\u00fargicos adequados \u00e0s diversas faixas et\u00e1rias, al\u00e9m de suporte de terapia intensiva neonatal e pedi\u00e1trica.<\/p>\n<p style=\"text-align: center;\"><a href=\"https:\/\/cipe.org.br\/novo\/wp-content\/uploads\/2020\/09\/cipe-defesa.pdf\" target=\"_blank\" rel=\"noopener noreferrer\">CONFIRA NOTA T\u00c9CNICA: CIRURGIA PEDI\u00c1TRICA<\/a><\/p>\n","protected":false},"excerpt":{"rendered":"<p>Gostou do v\u00eddeo e gostaria de compartilhar? Fa\u00e7a o download clicando aqui e publique nas suas redes sociais. &nbsp; O QUE \u00c9 A CIRURGIA PEDIATRICA? \u00c9<span class=\"excerpt-hellip\"> [\u2026]<\/span><\/p>\n","protected":false},"author":1,"featured_media":0,"parent":0,"menu_order":0,"comment_status":"closed","ping_status":"closed","template":"","meta":{"footnotes":""},"_links":{"self":[{"href":"https:\/\/cipe.org.br\/novo\/wp-json\/wp\/v2\/pages\/8976"}],"collection":[{"href":"https:\/\/cipe.org.br\/novo\/wp-json\/wp\/v2\/pages"}],"about":[{"href":"https:\/\/cipe.org.br\/novo\/wp-json\/wp\/v2\/types\/page"}],"author":[{"embeddable":true,"href":"https:\/\/cipe.org.br\/novo\/wp-json\/wp\/v2\/users\/1"}],"replies":[{"embeddable":true,"href":"https:\/\/cipe.org.br\/novo\/wp-json\/wp\/v2\/comments?post=8976"}],"version-history":[{"count":13,"href":"https:\/\/cipe.org.br\/novo\/wp-json\/wp\/v2\/pages\/8976\/revisions"}],"predecessor-version":[{"id":9144,"href":"https:\/\/cipe.org.br\/novo\/wp-json\/wp\/v2\/pages\/8976\/revisions\/9144"}],"wp:attachment":[{"href":"https:\/\/cipe.org.br\/novo\/wp-json\/wp\/v2\/media?parent=8976"}],"curies":[{"name":"wp","href":"https:\/\/api.w.org\/{rel}","templated":true}]}}