{"id":8968,"date":"2019-08-22T14:54:44","date_gmt":"2019-08-22T17:54:44","guid":{"rendered":"https:\/\/cipe.org.br\/novo\/?page_id=8968"},"modified":"2021-04-14T14:08:02","modified_gmt":"2021-04-14T17:08:02","slug":"jornada-brasileira-de-residentes-de-cirurgia-pediatrica","status":"publish","type":"page","link":"https:\/\/cipe.org.br\/novo\/jornada-brasileira-de-residentes-de-cirurgia-pediatrica\/","title":{"rendered":"Jornada Brasileira de Residentes de Cirurgia Pedi\u00e1trica"},"content":{"rendered":"<p><strong>EDI\u00c7\u00d5ES ANTERIORES<\/strong><\/p>\n<p style=\"text-align: center;\"><a href=\"https:\/\/cipe.org.br\/novo\/confira-destaques-da-vii-jornada-brasileira-de-cirurgia-pediatrica-ocorrida-em-conjunto-com-o-vi-simposio-das-ligas-academicas-de-cirurgia-pediatrica-e-com-o-xii-congresso-paulista-de-cirurgia-pediatr\/\"><img loading=\"lazy\" decoding=\"async\" class=\"aligncenter size-full wp-image-9328\" src=\"https:\/\/cipe.org.br\/novo\/wp-content\/uploads\/2019\/09\/congresso-paulista-agosto.jpg\" alt=\"\" width=\"526\" height=\"526\" srcset=\"https:\/\/cipe.org.br\/novo\/wp-content\/uploads\/2019\/09\/congresso-paulista-agosto.jpg 526w, https:\/\/cipe.org.br\/novo\/wp-content\/uploads\/2019\/09\/congresso-paulista-agosto-150x150.jpg 150w, https:\/\/cipe.org.br\/novo\/wp-content\/uploads\/2019\/09\/congresso-paulista-agosto-300x300.jpg 300w, https:\/\/cipe.org.br\/novo\/wp-content\/uploads\/2019\/09\/congresso-paulista-agosto-100x100.jpg 100w\" sizes=\"(max-width:767px) 480px, 526px\" \/><\/a><\/p>\n<p style=\"text-align: center;\"><a href=\"https:\/\/cipe.org.br\/novo\/confira-destaques-da-vii-jornada-brasileira-de-cirurgia-pediatrica-ocorrida-em-conjunto-com-o-vi-simposio-das-ligas-academicas-de-cirurgia-pediatrica-e-com-o-xii-congresso-paulista-de-cirurgia-pediatr\/\">SAIBA COMO FOI<\/a><\/p>\n","protected":false},"excerpt":{"rendered":"<p>EDI\u00c7\u00d5ES ANTERIORES SAIBA COMO FOI<\/p>\n","protected":false},"author":1,"featured_media":0,"parent":0,"menu_order":0,"comment_status":"closed","ping_status":"closed","template":"","meta":{"footnotes":""},"_links":{"self":[{"href":"https:\/\/cipe.org.br\/novo\/wp-json\/wp\/v2\/pages\/8968"}],"collection":[{"href":"https:\/\/cipe.org.br\/novo\/wp-json\/wp\/v2\/pages"}],"about":[{"href":"https:\/\/cipe.org.br\/novo\/wp-json\/wp\/v2\/types\/page"}],"author":[{"embeddable":true,"href":"https:\/\/cipe.org.br\/novo\/wp-json\/wp\/v2\/users\/1"}],"replies":[{"embeddable":true,"href":"https:\/\/cipe.org.br\/novo\/wp-json\/wp\/v2\/comments?post=8968"}],"version-history":[{"count":4,"href":"https:\/\/cipe.org.br\/novo\/wp-json\/wp\/v2\/pages\/8968\/revisions"}],"predecessor-version":[{"id":15766,"href":"https:\/\/cipe.org.br\/novo\/wp-json\/wp\/v2\/pages\/8968\/revisions\/15766"}],"wp:attachment":[{"href":"https:\/\/cipe.org.br\/novo\/wp-json\/wp\/v2\/media?parent=8968"}],"curies":[{"name":"wp","href":"https:\/\/api.w.org\/{rel}","templated":true}]}}