{"id":8967,"date":"2019-08-22T14:54:26","date_gmt":"2019-08-22T17:54:26","guid":{"rendered":"https:\/\/cipe.org.br\/novo\/?page_id=8967"},"modified":"2026-01-28T09:36:55","modified_gmt":"2026-01-28T12:36:55","slug":"congresso-brasileiro-de-urologia-pediatrica","status":"publish","type":"page","link":"https:\/\/cipe.org.br\/novo\/congresso-brasileiro-de-urologia-pediatrica\/","title":{"rendered":"Congresso Brasileiro de Urologia Pedi\u00e1trica"},"content":{"rendered":"<p><a href=\"https:\/\/www.congressocipe.com.br\/\"><img loading=\"lazy\" decoding=\"async\" class=\"size-medium wp-image-22832 aligncenter\" src=\"https:\/\/cipe.org.br\/novo\/wp-content\/uploads\/2026\/01\/SITE-CBUP-2025-DESTAQUE-500x301.jpg\" alt=\"\" width=\"500\" height=\"301\" srcset=\"https:\/\/cipe.org.br\/novo\/wp-content\/uploads\/2026\/01\/SITE-CBUP-2025-DESTAQUE-500x301.jpg 500w, https:\/\/cipe.org.br\/novo\/wp-content\/uploads\/2026\/01\/SITE-CBUP-2025-DESTAQUE-1200x723.jpg 1200w, https:\/\/cipe.org.br\/novo\/wp-content\/uploads\/2026\/01\/SITE-CBUP-2025-DESTAQUE-300x181.jpg 300w, https:\/\/cipe.org.br\/novo\/wp-content\/uploads\/2026\/01\/SITE-CBUP-2025-DESTAQUE-768x463.jpg 768w, https:\/\/cipe.org.br\/novo\/wp-content\/uploads\/2026\/01\/SITE-CBUP-2025-DESTAQUE-125x75.jpg 125w, https:\/\/cipe.org.br\/novo\/wp-content\/uploads\/2026\/01\/SITE-CBUP-2025-DESTAQUE-480x289.jpg 480w, https:\/\/cipe.org.br\/novo\/wp-content\/uploads\/2026\/01\/SITE-CBUP-2025-DESTAQUE.jpg 1320w\" sizes=\"(max-width:767px) 480px, 500px\" \/><\/a><\/p>\n<h3 style=\"text-align: center;\"><a href=\"https:\/\/www.even3.com.br\/anais\/xxv-congresso-brasileiro-urologia-pediatrica\/\"><strong>CLIQUE AQUI PARA ACESSAR\u00a0OS ANAIS DO CONGRESSO<\/strong><\/a><\/h3>\n<p>&nbsp;<\/p>\n<p><img loading=\"lazy\" decoding=\"async\" class=\"aligncenter wp-image-22654 size-medium\" src=\"https:\/\/cipe.org.br\/novo\/wp-content\/uploads\/2025\/11\/NOTICIA-COMO-FOI-O-XXV-CBUP-02-500x312.jpg\" alt=\"\" width=\"500\" height=\"312\" srcset=\"https:\/\/cipe.org.br\/novo\/wp-content\/uploads\/2025\/11\/NOTICIA-COMO-FOI-O-XXV-CBUP-02-500x312.jpg 500w, https:\/\/cipe.org.br\/novo\/wp-content\/uploads\/2025\/11\/NOTICIA-COMO-FOI-O-XXV-CBUP-02-1200x750.jpg 1200w, https:\/\/cipe.org.br\/novo\/wp-content\/uploads\/2025\/11\/NOTICIA-COMO-FOI-O-XXV-CBUP-02-300x187.jpg 300w, https:\/\/cipe.org.br\/novo\/wp-content\/uploads\/2025\/11\/NOTICIA-COMO-FOI-O-XXV-CBUP-02-768x480.jpg 768w, https:\/\/cipe.org.br\/novo\/wp-content\/uploads\/2025\/11\/NOTICIA-COMO-FOI-O-XXV-CBUP-02-1536x959.jpg 1536w, https:\/\/cipe.org.br\/novo\/wp-content\/uploads\/2025\/11\/NOTICIA-COMO-FOI-O-XXV-CBUP-02-120x75.jpg 120w, https:\/\/cipe.org.br\/novo\/wp-content\/uploads\/2025\/11\/NOTICIA-COMO-FOI-O-XXV-CBUP-02-480x300.jpg 480w, https:\/\/cipe.org.br\/novo\/wp-content\/uploads\/2025\/11\/NOTICIA-COMO-FOI-O-XXV-CBUP-02-1320x825.jpg 1320w, https:\/\/cipe.org.br\/novo\/wp-content\/uploads\/2025\/11\/NOTICIA-COMO-FOI-O-XXV-CBUP-02.jpg 1865w\" sizes=\"(max-width:767px) 480px, 500px\" \/><\/p>\n<p><strong>O XXV CBUP FOI MARCADO POR CI\u00caNCIA, INTEGRA\u00c7\u00c3O E ATUALIZA\u00c7\u00c3O.<\/strong><\/p>\n<p><strong>O XXV Congresso Brasileiro de Urologia Pedi\u00e1trica<\/strong>, realizado no Rio de Janeiro, reuniu <strong>especialistas do Brasil e do exterior<\/strong> em uma programa\u00e7\u00e3o marcada por troca cient\u00edfica, cirurgias ao vivo, discuss\u00e3o de casos e momentos de conviv\u00eancia entre profissionais da especialidade.<\/p>\n<p>A edi\u00e7\u00e3o manteve o compromisso da CIPE com um modelo de congresso din\u00e2mico, <strong>centrado em situa\u00e7\u00f5es reais da pr\u00e1tica cl\u00ednica<\/strong>. A abordagem baseada em casos permitiu debates mais profundos, troca de experi\u00eancias e constru\u00e7\u00e3o coletiva de conhecimento, fortalecendo a forma\u00e7\u00e3o e a atua\u00e7\u00e3o dos participantes.<\/p>\n<p>O primeiro dia foi dedicado exclusivamente ao tema das <strong>hiposp\u00e1dias<\/strong>, dada sua relev\u00e2ncia na rotina da urologia pedi\u00e1trica. Ao longo da manh\u00e3 e da tarde, foram apresentadas abordagens cir\u00fargicas, an\u00e1lises de resultados, complexidades e atualiza\u00e7\u00f5es t\u00e9cnicas, contribuindo para um panorama abrangente e pr\u00e1tico.<\/p>\n<p>Outro destaque da programa\u00e7\u00e3o foram as <strong>cirurgias transmitidas ao vivo, com discuss\u00e3o simult\u00e2nea em tempo real<\/strong>. Essa experi\u00eancia proporcionou um ambiente de aprendizado \u00fanico, permitindo observar detalhes t\u00e9cnicos, decis\u00f5es intraoperat\u00f3rias e diferentes perspectivas de profissionais convidados do Brasil e de outros pa\u00edses.<\/p>\n<p>Os dias seguintes concentraram <strong>casos cl\u00ednicos cuidadosamente selecionados<\/strong>, contemplando os principais diagn\u00f3sticos e desafios da especialidade. Cada sess\u00e3o foi conduzida de forma participativa, com contribui\u00e7\u00e3o ativa dos congressistas, promovendo integra\u00e7\u00e3o e valorizando a experi\u00eancia coletiva da CIPE.<\/p>\n<p>Agradecemos a presen\u00e7a de todas e todos que participaram desta edi\u00e7\u00e3o e contribu\u00edram para mais um congresso marcado por <strong>aprendizado, atualiza\u00e7\u00e3o e fortalecimento da nossa especialidade<\/strong>.<\/p>\n<p><strong>Nova diretoria e equipe CIPE<\/strong><br \/>\n<strong>Desenvolvimento e reintegra\u00e7\u00e3o<\/strong><\/p>\n<p>&#8211;<\/p>\n<p>Confira nos links abaixo as fotos registradas durante o evento, organizadas por dia:<\/p>\n<p><strong><a href=\"https:\/\/cipe.org.br\/novo\/registro-xxv-cbup-dia-30-10\/\">PRIMEIRO DIA | 30 de Outubro<\/a><\/strong><\/p>\n<p><strong><a href=\"https:\/\/cipe.org.br\/novo\/registro-xxv-cbup-dia-31-10\/\">SEGUNDO DIA | 31 de Outubro<\/a><br \/>\n<\/strong><\/p>\n<p><strong><a href=\"https:\/\/cipe.org.br\/novo\/registro-xxv-cbup-dia-01-11\/\">TERCEIRO DIA | 01 de Novembro<\/a><\/strong><\/p>\n<p>&nbsp;<\/p>\n<p style=\"text-align: center;\">&#8212;<\/p>\n<p>&nbsp;<\/p>\n<p style=\"text-align: center;\"><strong>EDI\u00c7\u00d5ES ANTERIORES<\/strong><\/p>\n<p>&nbsp;<\/p>\n<p><a href=\"https:\/\/congressocipe.com.br\/2023\/\"><img loading=\"lazy\" decoding=\"async\" class=\"aligncenter wp-image-20323\" src=\"https:\/\/cipe.org.br\/novo\/wp-content\/uploads\/2023\/11\/LOGO-EM-PNG-1-1024x708.png\" alt=\"\" width=\"277\" height=\"192\" srcset=\"https:\/\/cipe.org.br\/novo\/wp-content\/uploads\/2023\/11\/LOGO-EM-PNG-1-1024x708.png 1024w, https:\/\/cipe.org.br\/novo\/wp-content\/uploads\/2023\/11\/LOGO-EM-PNG-1-300x207.png 300w, https:\/\/cipe.org.br\/novo\/wp-content\/uploads\/2023\/11\/LOGO-EM-PNG-1-768x531.png 768w, https:\/\/cipe.org.br\/novo\/wp-content\/uploads\/2023\/11\/LOGO-EM-PNG-1-1536x1062.png 1536w, https:\/\/cipe.org.br\/novo\/wp-content\/uploads\/2023\/11\/LOGO-EM-PNG-1-2048x1416.png 2048w, https:\/\/cipe.org.br\/novo\/wp-content\/uploads\/2023\/11\/LOGO-EM-PNG-1-1200x829.png 1200w, https:\/\/cipe.org.br\/novo\/wp-content\/uploads\/2023\/11\/LOGO-EM-PNG-1-1320x912.png 1320w, https:\/\/cipe.org.br\/novo\/wp-content\/uploads\/2023\/11\/LOGO-EM-PNG-1-600x415.png 600w\" sizes=\"(max-width:767px) 277px, 277px\" \/><\/a><\/p>\n<p><a href=\"https:\/\/congressocipe.com.br\/cbup\/\"><img loading=\"lazy\" decoding=\"async\" class=\"aligncenter wp-image-15763 \" src=\"https:\/\/cipe.org.br\/novo\/wp-content\/uploads\/2021\/04\/logo-1024x341.png\" alt=\"\" width=\"493\" height=\"164\" srcset=\"https:\/\/cipe.org.br\/novo\/wp-content\/uploads\/2021\/04\/logo-1024x341.png 1024w, https:\/\/cipe.org.br\/novo\/wp-content\/uploads\/2021\/04\/logo-300x100.png 300w, https:\/\/cipe.org.br\/novo\/wp-content\/uploads\/2021\/04\/logo-768x256.png 768w, https:\/\/cipe.org.br\/novo\/wp-content\/uploads\/2021\/04\/logo-1536x512.png 1536w, https:\/\/cipe.org.br\/novo\/wp-content\/uploads\/2021\/04\/logo-2048x683.png 2048w, https:\/\/cipe.org.br\/novo\/wp-content\/uploads\/2021\/04\/logo-1200x400.png 1200w, https:\/\/cipe.org.br\/novo\/wp-content\/uploads\/2021\/04\/logo-600x200.png 600w\" sizes=\"(max-width:767px) 480px, 493px\" \/><\/a><\/p>\n<p style=\"text-align: center;\"><a href=\"https:\/\/cipe.org.br\/novo\/22o-congresso-brasileiro-de-urologia-pediatrica-tem-quatro-dias-de-atualizacoes-e-cirurgias-ao-vivo\/\"><img loading=\"lazy\" decoding=\"async\" class=\"aligncenter wp-image-9086\" src=\"https:\/\/cipe.org.br\/novo\/wp-content\/uploads\/2019\/08\/congresso_uro_2019_logo.jpg\" alt=\"\" width=\"531\" height=\"101\" srcset=\"https:\/\/cipe.org.br\/novo\/wp-content\/uploads\/2019\/08\/congresso_uro_2019_logo.jpg 789w, https:\/\/cipe.org.br\/novo\/wp-content\/uploads\/2019\/08\/congresso_uro_2019_logo-300x57.jpg 300w, https:\/\/cipe.org.br\/novo\/wp-content\/uploads\/2019\/08\/congresso_uro_2019_logo-768x146.jpg 768w, https:\/\/cipe.org.br\/novo\/wp-content\/uploads\/2019\/08\/congresso_uro_2019_logo-600x114.jpg 600w\" sizes=\"(max-width:767px) 480px, 531px\" \/><\/a><\/p>\n<p style=\"text-align: center;\"><a href=\"https:\/\/cipe.org.br\/novo\/22o-congresso-brasileiro-de-urologia-pediatrica-tem-quatro-dias-de-atualizacoes-e-cirurgias-ao-vivo\/\" rel=\"noopener noreferrer\">SAIBA COMO FOI<\/a><\/p>\n","protected":false},"excerpt":{"rendered":"<p>CLIQUE AQUI PARA ACESSAR\u00a0OS ANAIS DO CONGRESSO &nbsp; O XXV CBUP FOI MARCADO POR CI\u00caNCIA, INTEGRA\u00c7\u00c3O E ATUALIZA\u00c7\u00c3O. O XXV Congresso Brasileiro de Urologia Pedi\u00e1trica, realizado<span class=\"excerpt-hellip\"> [\u2026]<\/span><\/p>\n","protected":false},"author":1,"featured_media":0,"parent":0,"menu_order":0,"comment_status":"closed","ping_status":"closed","template":"","meta":{"footnotes":""},"_links":{"self":[{"href":"https:\/\/cipe.org.br\/novo\/wp-json\/wp\/v2\/pages\/8967"}],"collection":[{"href":"https:\/\/cipe.org.br\/novo\/wp-json\/wp\/v2\/pages"}],"about":[{"href":"https:\/\/cipe.org.br\/novo\/wp-json\/wp\/v2\/types\/page"}],"author":[{"embeddable":true,"href":"https:\/\/cipe.org.br\/novo\/wp-json\/wp\/v2\/users\/1"}],"replies":[{"embeddable":true,"href":"https:\/\/cipe.org.br\/novo\/wp-json\/wp\/v2\/comments?post=8967"}],"version-history":[{"count":34,"href":"https:\/\/cipe.org.br\/novo\/wp-json\/wp\/v2\/pages\/8967\/revisions"}],"predecessor-version":[{"id":22687,"href":"https:\/\/cipe.org.br\/novo\/wp-json\/wp\/v2\/pages\/8967\/revisions\/22687"}],"wp:attachment":[{"href":"https:\/\/cipe.org.br\/novo\/wp-json\/wp\/v2\/media?parent=8967"}],"curies":[{"name":"wp","href":"https:\/\/api.w.org\/{rel}","templated":true}]}}