{"id":8956,"date":"2015-04-14T08:59:31","date_gmt":"2015-04-14T11:59:31","guid":{"rendered":"https:\/\/cipe.org.br\/novo\/?page_id=8956"},"modified":"2026-03-10T16:16:03","modified_gmt":"2026-03-10T19:16:03","slug":"titulo-de-especialista","status":"publish","type":"page","link":"https:\/\/cipe.org.br\/novo\/titulo-de-especialista\/","title":{"rendered":"T\u00edtulo de Especialista"},"content":{"rendered":"<h3 style=\"text-align: center;\" data-pm-slice=\"1 1 []\"><strong>Prova de T\u00edtulo de Especialista 2025<\/strong><\/h3>\n<h5 style=\"text-align: center;\"><strong><a href=\"https:\/\/cipe.org.br\/novo\/wp-content\/uploads\/2025\/11\/APROVADOS-29.10.2025.pdf\" target=\"_blank\" rel=\"noopener\">CLIQUE AQUI PARA CONFERIR A LISTA DE APROVADOS<\/a><\/strong><\/h5>\n<h5 style=\"text-align: center;\"><a href=\"https:\/\/cipe.org.br\/novo\/wp-content\/uploads\/2025\/10\/GABARITO-PROVA-TEORICA.pdf\"><strong>CLIQUE AQUI PARA CONFERIR O GABABARITO DA PROVA TE\u00d3RICA<\/strong><\/a><\/h5>\n<h5 style=\"text-align: center;\"><a href=\"https:\/\/cipe.org.br\/novo\/wp-content\/uploads\/2025\/10\/GABARITO-PROVA-TEORICO-PRATICA.xlsx\"><strong>CLIQUE AQUI PARA CONFERIR O GABABARITO DA PROVA TE\u00d3RICO-PR\u00c1TICA<\/strong><\/a><\/h5>\n<p style=\"text-align: center;\">&#8212;<\/p>\n<p style=\"text-align: center;\" data-pm-slice=\"1 1 []\"><strong><img loading=\"lazy\" decoding=\"async\" class=\"aligncenter size-medium wp-image-22197\" src=\"https:\/\/cipe.org.br\/novo\/wp-content\/uploads\/2025\/09\/JULHO-2025-POST-TITULO-DE-ESPECIALISTA-INFORMACOES-01-1-375x500.jpg\" alt=\"\" width=\"375\" height=\"500\" srcset=\"https:\/\/cipe.org.br\/novo\/wp-content\/uploads\/2025\/09\/JULHO-2025-POST-TITULO-DE-ESPECIALISTA-INFORMACOES-01-1-375x500.jpg 375w, https:\/\/cipe.org.br\/novo\/wp-content\/uploads\/2025\/09\/JULHO-2025-POST-TITULO-DE-ESPECIALISTA-INFORMACOES-01-1-900x1200.jpg 900w, https:\/\/cipe.org.br\/novo\/wp-content\/uploads\/2025\/09\/JULHO-2025-POST-TITULO-DE-ESPECIALISTA-INFORMACOES-01-1-225x300.jpg 225w, https:\/\/cipe.org.br\/novo\/wp-content\/uploads\/2025\/09\/JULHO-2025-POST-TITULO-DE-ESPECIALISTA-INFORMACOES-01-1-768x1024.jpg 768w, https:\/\/cipe.org.br\/novo\/wp-content\/uploads\/2025\/09\/JULHO-2025-POST-TITULO-DE-ESPECIALISTA-INFORMACOES-01-1-56x75.jpg 56w, https:\/\/cipe.org.br\/novo\/wp-content\/uploads\/2025\/09\/JULHO-2025-POST-TITULO-DE-ESPECIALISTA-INFORMACOES-01-1-480x640.jpg 480w, https:\/\/cipe.org.br\/novo\/wp-content\/uploads\/2025\/09\/JULHO-2025-POST-TITULO-DE-ESPECIALISTA-INFORMACOES-01-1.jpg 1080w\" sizes=\"(max-width:767px) 375px, 375px\" \/><br \/>\n<\/strong><\/p>\n<p data-pm-slice=\"1 1 []\">O T\u00edtulo de Especialista em Cirurgia Pedi\u00e1trica da CIPE \u00e9 um marco de excel\u00eancia profissional.<\/p>\n<p data-pm-slice=\"1 1 []\">O novo modelo da prova segue um formato mais moderno, referenciado pela literatura mais atual sobre m\u00e9todos de avalia\u00e7\u00e3o de compet\u00eancias, al\u00e9m de estar mais alinhado \u00e0s diretrizes educacionais da especialidade e aos crit\u00e9rios de certifica\u00e7\u00e3o profissional.<\/p>\n<p>Para o cirurgi\u00e3o pedi\u00e1trico, representa reconhecimento, qualifica\u00e7\u00e3o e compromisso com a atua\u00e7\u00e3o \u00e9tica e segura.<\/p>\n<p>Para os pacientes e fam\u00edlias, \u00e9 sin\u00f4nimo de cuidado especializado e confian\u00e7a.<\/p>\n<p><strong><a href=\"https:\/\/cipe.org.br\/novo\/wp-content\/uploads\/2025\/07\/EDITAL-TE-CIPE-2025-vs1-revisado-26.06-1-1.pdf\">Confira o edital completo.<\/a><br \/>\nA data limite para envio da documenta\u00e7\u00e3o \u00e9 at\u00e9 dia 30\/09\/2025.<\/strong><\/p>\n<p>A CIPE reafirma seu compromisso com o desenvolvimento da especialidade e a forma\u00e7\u00e3o de profissionais cada vez mais preparados.<\/p>\n<p>Nova diretoria e equipe CIPE<br \/>\nDesenvolvimento e Reintegra\u00e7\u00e3o<\/p>\n<h4 style=\"text-align: left;\"><strong>INSCRI\u00c7\u00d5ES ENCERRADAS.<\/strong><\/h4>\n<p>&#8212;<\/p>\n<p><strong>APROVADOS 2024<\/strong><\/p>\n<ul>\n<li><a href=\"https:\/\/cipe.org.br\/novo\/confira-a-relacao-dos-aprovados-na-prova-de-te-2024\/\">APROVADOS NO EXAME DE OUTUBRO DE 2024<\/a><\/li>\n<\/ul>\n<p><strong>EXAMES ANTERIORES<\/strong><\/p>\n<ul>\n<li><a href=\"https:\/\/cipe.org.br\/novo\/confira-a-relacao-dos-aprovados-na-prova-de-te-2023\/\">APROVADOS NO EXAME DE ABRIL DE 2023<\/a><\/li>\n<li><a href=\"https:\/\/cipe.org.br\/novo\/confira-a-relacao-dos-aprovados-na-prova-de-te-2\/\">APROVADOS NO EXAME DE MAR\u00c7O E OUTUBRO DE 2022<\/a><\/li>\n<li><a href=\"https:\/\/cipe.org.br\/novo\/veja-os-aprovados-nas-provas-para-obtencao-do-titulo-de-especialista-em-cirurgia-pediatrica\/\">APROVADOS NO EXAME DE AGOSTO DE 2021<\/a><\/li>\n<li><a href=\"https:\/\/cipe.org.br\/novo\/conheca-os-novos-especialistas-em-cirurgia-pediatrica\/\">APROVADOS NO EXAME DE NOVEMBRO DE 2020<\/a><\/li>\n<li><a href=\"https:\/\/cipe.org.br\/novo\/conheca-os-novos-especialistas-em-cirurgia-pediatrica-categoria-especial\/\">APROVADOS NO EXAME DE NOVEMBRO DE 2020 &#8211; CATEGORIA ESPECIAL<\/a><\/li>\n<li><a href=\"https:\/\/cipe.org.br\/novo\/confira-a-relacao-dos-aprovados-na-prova-de-te\/\">APROVADOS NO EXAME DE AGOSTO DE 2019<\/a><\/li>\n<\/ul>\n<p>&nbsp;<\/p>\n","protected":false},"excerpt":{"rendered":"<p>Prova de T\u00edtulo de Especialista 2025 CLIQUE AQUI PARA CONFERIR A LISTA DE APROVADOS CLIQUE AQUI PARA CONFERIR O GABABARITO DA PROVA TE\u00d3RICA CLIQUE AQUI PARA<span class=\"excerpt-hellip\"> [\u2026]<\/span><\/p>\n","protected":false},"author":1,"featured_media":0,"parent":0,"menu_order":0,"comment_status":"closed","ping_status":"closed","template":"","meta":{"footnotes":""},"_links":{"self":[{"href":"https:\/\/cipe.org.br\/novo\/wp-json\/wp\/v2\/pages\/8956"}],"collection":[{"href":"https:\/\/cipe.org.br\/novo\/wp-json\/wp\/v2\/pages"}],"about":[{"href":"https:\/\/cipe.org.br\/novo\/wp-json\/wp\/v2\/types\/page"}],"author":[{"embeddable":true,"href":"https:\/\/cipe.org.br\/novo\/wp-json\/wp\/v2\/users\/1"}],"replies":[{"embeddable":true,"href":"https:\/\/cipe.org.br\/novo\/wp-json\/wp\/v2\/comments?post=8956"}],"version-history":[{"count":94,"href":"https:\/\/cipe.org.br\/novo\/wp-json\/wp\/v2\/pages\/8956\/revisions"}],"predecessor-version":[{"id":23030,"href":"https:\/\/cipe.org.br\/novo\/wp-json\/wp\/v2\/pages\/8956\/revisions\/23030"}],"wp:attachment":[{"href":"https:\/\/cipe.org.br\/novo\/wp-json\/wp\/v2\/media?parent=8956"}],"curies":[{"name":"wp","href":"https:\/\/api.w.org\/{rel}","templated":true}]}}