{"id":8955,"date":"2019-08-22T14:52:21","date_gmt":"2019-08-22T17:52:21","guid":{"rendered":"https:\/\/cipe.org.br\/novo\/?page_id=8955"},"modified":"2026-04-02T17:20:41","modified_gmt":"2026-04-02T20:20:41","slug":"centros-de-aperfeicoamento","status":"publish","type":"page","link":"https:\/\/cipe.org.br\/novo\/centros-de-aperfeicoamento\/","title":{"rendered":"Centros de Aperfei\u00e7oamento"},"content":{"rendered":"<p style=\"text-align: left;\"><strong>Conhe\u00e7a os centros de aperfei\u00e7oamento credenciados pela CIPE no pa\u00eds.<\/strong><\/p>\n<p style=\"text-align: left;\">Os est\u00e1gios s\u00e3o destinados aos cirurgi\u00f5es que j\u00e1 tenham conclu\u00eddo seu treinamento em Cirurgia Pedi\u00e1trica e que desejam se aperfei\u00e7oar nessas t\u00e9cnicas de tratamento:<\/p>\n<ul style=\"text-align: left;\">\n<li><b>CIRURGIA PEDI\u00c1TRICA ONCOL\u00d3GICA <\/b>| Dura\u00e7\u00e3o:\u00a0<b>um ano<\/b><\/li>\n<\/ul>\n<p style=\"text-align: left;\">Local:\u00a0<b>Hospital Amaral Carvalho \u2013 Ja\u00fa \u2013 SP<\/b><br \/>\nRespons\u00e1vel:\u00a0<b>Dr. Antonio Marcos Rodrigues<br \/>\n<\/b>n\u00e3o tem bolsa<b><\/b><\/p>\n<p style=\"text-align: left;\">Local: <strong>Hospital Erastinho &#8211; Curitiba &#8211; PR<\/strong><br \/>\nRespons\u00e1vel: <strong>Dra. Vilani Kremer<br \/>\n<\/strong>n\u00e3o oferece bolsa<\/p>\n<p>\u2013\u2013\u2013<\/p>\n<ul style=\"text-align: left;\">\n<li><b>CIRURGIA PEDI\u00c1TRICA TOR\u00c1CICA <\/b>| Dura\u00e7\u00e3o:\u00a0<b>um ano<\/b><\/li>\n<\/ul>\n<p style=\"text-align: left;\">Local:\u00a0<b>Hospital de Cl\u00ednicas da Universidade Federal do Rio Grande do Sul (UFRGS) \u2013 Porto Alegre \u2013 RS<\/b><br \/>\nRespons\u00e1vel:\u00a0<b>Dr. Jos\u00e9 Carlos Soares de Fraga<br \/>\n<\/b>n\u00e3o tem bolsa<\/p>\n<p>\u2013\u2013\u2013<\/p>\n<ul style=\"text-align: left;\">\n<li><b>CIRURGIA PEDI\u00c1TRICA UROL\u00d3GICA<\/b><br \/>\nDura\u00e7\u00e3o:\u00a0<b>um ano<\/b><\/li>\n<\/ul>\n<p style=\"text-align: left;\">Local:\u00a0<b>Hospital Infantil Darcy Vargas \u2013 S\u00e3o Paulo \u2013 SP<\/b><br \/>\nRespons\u00e1vel:\u00a0<b>Prof. Dr. Jovelino Quintino de Souza Le\u00e3o<\/b><b><br \/>\n<\/b>n\u00e3o tem bolsa<\/p>\n<p style=\"text-align: left;\">Local:\u00a0<b>Hospital de Cl\u00ednicas da Universidade Federal do Rio Grande do Sul (UFRGS) \u2013 Porto Alegre \u2013 RS<\/b><br \/>\nRespons\u00e1vel:\u00a0<b>Dr. Nicolino C\u00e9sar Rosito<br \/>\n<\/b>n\u00e3o tem bolsa<\/p>\n<p style=\"text-align: left;\">Local:\u00a0<b>Hospital Infantil Joana de Gusm\u00e3o \u2013 Florian\u00f3polis \u2013 SC<\/b><br \/>\nRespons\u00e1vel:\u00a0<b>Dr. Edevard Jos\u00e9 Ara\u00fajo<br \/>\n<\/b>n\u00e3o tem bolsa<b><\/b><\/p>\n<p style=\"text-align: left;\">Local:\u00a0<b>Hospital Infantil Pequeno Pr\u00edncipe \u2013 Curitiba \u2013 PR<\/b><br \/>\nRespons\u00e1vel:\u00a0<b>Prof. Dr. <strong>Antonio Carlos Moreira Amarante<br \/>\n<\/strong><\/b>oferece bolsa<b><\/b><\/p>\n<p style=\"text-align: left;\">Local:\u00a0<b>Hospital Maria Lucinda \u2013 Recife \u2013 PE<\/b><br \/>\nRespons\u00e1vel:\u00a0<b>Prof. Dr. Luiz Alberto Pereira de Ara\u00fajo<\/b><\/p>\n<p>Local:\u00a0<b>Hospital da Crian\u00e7a de Bras\u00edlia Jos\u00e9 Alencar \u2013 Bras\u00edlia \u2013 DF<\/b><br \/>\nRespons\u00e1vel: <strong>Dr. H\u00e9lio Buson Filho<\/strong><br \/>\nn\u00e3o tem bolsa<\/p>\n<p style=\"text-align: left;\">\u2013\u2013\u2013<\/p>\n<ul style=\"text-align: left;\">\n<li><b>QUEIMADOS <\/b>| Dura\u00e7\u00e3o:\u00a0<b>um m\u00eas<\/b><\/li>\n<\/ul>\n<p style=\"text-align: left;\">Local:\u00a0<b>Hospital Infantil Joana de Gusm\u00e3o \u2013 Florian\u00f3polis \u2013 SC<\/b><br \/>\nRespons\u00e1vel:<strong> Dr. Walberto de Azevedo Junior<br \/>\n<\/strong>n\u00e3o tem bolsa<\/p>\n","protected":false},"excerpt":{"rendered":"<p>Conhe\u00e7a os centros de aperfei\u00e7oamento credenciados pela CIPE no pa\u00eds. Os est\u00e1gios s\u00e3o destinados aos cirurgi\u00f5es que j\u00e1 tenham conclu\u00eddo seu treinamento em Cirurgia Pedi\u00e1trica e<span class=\"excerpt-hellip\"> [\u2026]<\/span><\/p>\n","protected":false},"author":1,"featured_media":0,"parent":0,"menu_order":0,"comment_status":"closed","ping_status":"closed","template":"","meta":{"footnotes":""},"_links":{"self":[{"href":"https:\/\/cipe.org.br\/novo\/wp-json\/wp\/v2\/pages\/8955"}],"collection":[{"href":"https:\/\/cipe.org.br\/novo\/wp-json\/wp\/v2\/pages"}],"about":[{"href":"https:\/\/cipe.org.br\/novo\/wp-json\/wp\/v2\/types\/page"}],"author":[{"embeddable":true,"href":"https:\/\/cipe.org.br\/novo\/wp-json\/wp\/v2\/users\/1"}],"replies":[{"embeddable":true,"href":"https:\/\/cipe.org.br\/novo\/wp-json\/wp\/v2\/comments?post=8955"}],"version-history":[{"count":56,"href":"https:\/\/cipe.org.br\/novo\/wp-json\/wp\/v2\/pages\/8955\/revisions"}],"predecessor-version":[{"id":22429,"href":"https:\/\/cipe.org.br\/novo\/wp-json\/wp\/v2\/pages\/8955\/revisions\/22429"}],"wp:attachment":[{"href":"https:\/\/cipe.org.br\/novo\/wp-json\/wp\/v2\/media?parent=8955"}],"curies":[{"name":"wp","href":"https:\/\/api.w.org\/{rel}","templated":true}]}}