{"id":8952,"date":"2019-08-22T14:51:53","date_gmt":"2019-08-22T17:51:53","guid":{"rendered":"https:\/\/cipe.org.br\/novo\/?page_id=8952"},"modified":"2025-01-13T09:41:48","modified_gmt":"2025-01-13T12:41:48","slug":"ancipe","status":"publish","type":"page","link":"https:\/\/cipe.org.br\/novo\/ancipe\/","title":{"rendered":"ANCIPE"},"content":{"rendered":"\r\n<p style=\"text-align: center;\"><img loading=\"lazy\" decoding=\"async\" class=\"wp-image-21171 alignleft\" src=\"https:\/\/cipe.org.br\/novo\/wp-content\/uploads\/2024\/07\/logo_ancipe.png\" alt=\"\" width=\"311\" height=\"260\" srcset=\"https:\/\/cipe.org.br\/novo\/wp-content\/uploads\/2024\/07\/logo_ancipe.png 942w, https:\/\/cipe.org.br\/novo\/wp-content\/uploads\/2024\/07\/logo_ancipe-500x418.png 500w, https:\/\/cipe.org.br\/novo\/wp-content\/uploads\/2024\/07\/logo_ancipe-300x251.png 300w, https:\/\/cipe.org.br\/novo\/wp-content\/uploads\/2024\/07\/logo_ancipe-768x642.png 768w, https:\/\/cipe.org.br\/novo\/wp-content\/uploads\/2024\/07\/logo_ancipe-90x75.png 90w, https:\/\/cipe.org.br\/novo\/wp-content\/uploads\/2024\/07\/logo_ancipe-480x402.png 480w\" sizes=\"(max-width:767px) 311px, 311px\" \/><\/p>\r\n<h2 style=\"text-align: center;\">ANCIPE &#8211; ACADEMIA NACIONAL DE CIRURGIA PEDI\u00c1TRICA<\/h2>\r\n<p>A Academia Nacional de Cirurgia Pedi\u00e1trica foi fundada em 12 de outubro de 1999, na cidade do Recife \u2013 PE, por ocasi\u00e3o do XX Congresso Brasileiro de Cirurgia Pedi\u00e1trica. A ANCIPE \u00e9 uma entidade constitu\u00edda por 20 cirurgi\u00f5es pedi\u00e1tricos brasileiros \u2013 titulares e patronos \u2013 que, desde a cria\u00e7\u00e3o da Associa\u00e7\u00e3o Brasileira de Cirurgia Pedi\u00e1trica, t\u00eam contribu\u00eddo de forma relevante para o desenvolvimento da especialidade em todo o pa\u00eds e na Am\u00e9rica do Sul, tanto na \u00e1rea da assist\u00eancia como na do ensino.<\/p>\r\n<p>Na ANCIPE, tal como na Academia Brasileira de Letras, uma vaga s\u00f3 \u00e9 aberta quando ocorre o desaparecimento de um dos Acad\u00eamicos e, para fazer parte deste seleto grupo, s\u00e3o necess\u00e1rios crit\u00e9rios muito especiais, como:<\/p>\r\n<ul>\r\n<li>Ter idade m\u00ednima de 60 anos;<\/li>\r\n<li>Ter presidido a Associa\u00e7\u00e3o Brasileira de Cirurgia Pedi\u00e1trica;<\/li>\r\n<li>Ter presidido um congresso nacional da especialidade;<\/li>\r\n<li>Ter sido (ou ser) chefe de servi\u00e7o com forma\u00e7\u00e3o de m\u00e9dicos residentes;<\/li>\r\n<li>\u00a0Ter sido (ou ser) professor universit\u00e1rio;<\/li>\r\n<li>Ter presidido uma Sociedade Estadual de Cirurgia Pedi\u00e1trica;<\/li>\r\n<li>Al\u00e9m de ter sempre demonstrado, em sua vida profissional, padr\u00f5es \u00e9ticos, morais e de dignidade acima da m\u00e9dia.<\/li>\r\n<\/ul>\r\n<p>A sede da ANCIPE funciona junto \u00e0 da CIPE e as reuni\u00f5es da Diretoria com os membros da entidade acontecem, presencialmente, durante os congressos da especialidade. Outras reuni\u00f5es podem ser feitas, via Internet, quando regularmente convocadas.<\/p>\r\n<p>O primeiro presidente da Academia foi o Dr. Ot\u00e1vio de Freitas Vaz e uma das primeiras providencias da sua diretoria foi dar in\u00edcio \u00e0 compila\u00e7\u00e3o de dados e fotos para que se escreva a hist\u00f3ria da Cirurgia Pedi\u00e1trica no Brasil. Este intenso e extenso trabalho de pesquisa est\u00e1 sendo coordenado pelo Dr. Miguel Doherty, que necessita do apoio de todos para a conclus\u00e3o do mesmo.<\/p>\r\n<p>Foram os seguintes os Acad\u00eamicos Titulares Fundadores da ANCIPE, os quais se tornaram patronos de suas respectivas cadeiras:<\/p>\r\n<ul>\r\n<li><strong>Cadeira 1<\/strong> &#8211; Frederico Pinto da Carvalheira (PE)<\/li>\r\n<li><strong>Cadeira 2 <\/strong>&#8211; Miguel John Zumaeta Doherty (PE)<\/li>\r\n<li><strong>Cadeira 3<\/strong> &#8211; Jorge Bahia de Carvalho (BA)<\/li>\r\n<li><strong>Cadeira 4 <\/strong>&#8211; Jos\u00e9 Bahia Sapucaia (BA)<\/li>\r\n<li><strong>Cadeira 5<\/strong> &#8211; Octavio de Freitas Vaz (RJ)<\/li>\r\n<li><strong>Cadeira 6<\/strong> &#8211; Cl\u00e1udio de Souza Leite (RJ)<\/li>\r\n<li><strong>Cadeira 7<\/strong> &#8211; Ruy Bayma Archer da Silva (RJ)<\/li>\r\n<li><strong>Cadeira 8<\/strong> &#8211; Jos\u00e9 Pinus (SP)<\/li>\r\n<li><strong>Cadeira 9<\/strong> &#8211; Roberto de Vilhena Moraes (SP)<\/li>\r\n<li><strong>Cadeira 10<\/strong> &#8211; Fabio Doria do Amaral (SP)<\/li>\r\n<li><strong>Cadeira 11<\/strong> &#8211; Jo\u00e3o Gilberto Maksoud (SP)<\/li>\r\n<li><strong>Cadeira 12<\/strong> &#8211; Enneman Pimentel (DF)<\/li>\r\n<li><strong>Cadeira 13<\/strong> \u2013 Paulo Juvencio Gomes Tubino (DF)<\/li>\r\n<li><strong>Cadeira 14<\/strong> &#8211; Jos\u00e9 Mariano Duarte Lanna Sobrinho (MG)<\/li>\r\n<li><strong>Cadeira 15<\/strong> &#8211; Mauro Chrys\u00f3stomo Ferreira (MG)<\/li>\r\n<li><strong>Cadeira 16<\/strong> &#8211; Luiz Fernando B. Beltr\u00e3o (PN)<\/li>\r\n<li><strong>Cadeira 17<\/strong> &#8211; Lucio Tedesco Marchese (PN)<\/li>\r\n<li><strong>Cadeira 18<\/strong> &#8211; Murillo Ronald Capella (SC)<\/li>\r\n<li><strong>Cadeira 19<\/strong> &#8211; Ubirajara \u00cdndio Carvalho da Motta (RS)<\/li>\r\n<li><strong>Cadeira 20<\/strong> &#8211; Jo\u00e3o Jos\u00e9 Menezes Martins (RS)<\/li>\r\n<\/ul>\r\n<p>A ANCIPE tem, como<strong> PATRONO<\/strong>, Virgilio de Carvalho Pinto<\/p>\r\n<p>S\u00e3o atualmente (2024) seus Acad\u00eamicos Titulares:<\/p>\r\n<ul>\r\n<li><strong>Cadeira 1<\/strong> &#8211; Fernando Jos\u00e9 Barbosa da Cruz (PE)<\/li>\r\n<li><strong>Cadeira 2<\/strong> &#8211; Miguel John Zumaeta Doherty (PE) &#8211; Fundador<\/li>\r\n<li><strong>Cadeira 3<\/strong> &#8211; Flavio Linck Pabst (PE)<\/li>\r\n<li><strong>Cadeira 4<\/strong> &#8211; Wilberto Trigueiro (PB)<\/li>\r\n<li><strong>Cadeira 5<\/strong> &#8211; Manoel Carlos Prieto Velhote (SP)<\/li>\r\n<li><strong>Cadeira 6<\/strong> &#8211; Jos\u00e9 Carnevale (SP)<\/li>\r\n<li><strong>Cadeira 7<\/strong> &#8211; C\u00e9lio Rodrigues Pereira (DF)<\/li>\r\n<li><strong>Cadeira 8<\/strong> &#8211; Jos\u00e9 Luiz Martins (SP)<\/li>\r\n<li><strong>Cadeira 9<\/strong> &#8211; Euro Carvalho Leal (RJ)<\/li>\r\n<li><strong>Cadeira 10<\/strong> &#8211; Manoel Firmato de Almeida (MG)<\/li>\r\n<li><strong>Cadeira 11<\/strong> &#8211; N\u00fancio Vicente de Chiara (SP)<\/li>\r\n<li><strong>Cadeira 12<\/strong> &#8211; Jos\u00e9 Roberto de Souza Baratella (SP)<\/li>\r\n<li><strong>Cadeira 13<\/strong> &#8211; Paulo Juv\u00eancio Gomes Tubino (DF) &#8211; Fundador<\/li>\r\n<li><strong>Cadeira 14<\/strong> &#8211; Geraldo Modesto de Medeiros (SP)<\/li>\r\n<li><strong>Cadeira 15<\/strong> &#8211; Mauro Chrys\u00f3stomo Ferreira (MG) &#8211; Fundador<\/li>\r\n<li><strong>Cadeira 16<\/strong> &#8211; Ant\u00f4nio Ernesto da Silveira (PR)<\/li>\r\n<li><strong>Cadeira 17<\/strong> &#8211; L\u00facio Tedesco Marchese (PR) &#8211; Fundador<\/li>\r\n<li><strong>Cadeira 18<\/strong> &#8211; Murillo Ronald Capella (SC) &#8211; Fundador<\/li>\r\n<li><strong>Cadeira 19<\/strong> &#8211; Giovanni Cappellano (SP)<\/li>\r\n<li><strong>Cadeira 20<\/strong> &#8211; Jo\u00e3o Vicente Bassols (RS)<\/li>\r\n<\/ul>\r\n<p>A ANCIPE tem, como<\/p>\r\n<p><strong>Acad\u00eamico<\/strong> <strong>EM\u00c9RITO<\/strong> Pl\u00ednio Campos Nogueira (SP).<\/p>\r\n<p>A posse de um novo Acad\u00eamico ocorre usualmente durante um Congresso Brasileiro de Cirurgia Pedi\u00e1trica ou em Assembleia Extraordin\u00e1ria. Nesta ocasi\u00e3o o novo Acad\u00eamico recebe, das m\u00e3os da Diretoria, um Diploma, que atesta sua nova condi\u00e7\u00e3o:<\/p>\r\n<p><img loading=\"lazy\" decoding=\"async\" class=\"aligncenter size-full wp-image-21219\" src=\"https:\/\/cipe.org.br\/novo\/wp-content\/uploads\/2024\/08\/certificado_3.png\" alt=\"\" width=\"1178\" height=\"848\" srcset=\"https:\/\/cipe.org.br\/novo\/wp-content\/uploads\/2024\/08\/certificado_3.png 1178w, https:\/\/cipe.org.br\/novo\/wp-content\/uploads\/2024\/08\/certificado_3-500x360.png 500w, https:\/\/cipe.org.br\/novo\/wp-content\/uploads\/2024\/08\/certificado_3-300x216.png 300w, https:\/\/cipe.org.br\/novo\/wp-content\/uploads\/2024\/08\/certificado_3-768x553.png 768w, https:\/\/cipe.org.br\/novo\/wp-content\/uploads\/2024\/08\/certificado_3-104x75.png 104w, https:\/\/cipe.org.br\/novo\/wp-content\/uploads\/2024\/08\/certificado_3-480x346.png 480w\" sizes=\"(max-width:767px) 480px, (max-width:1178px) 100vw, 1178px\" \/><\/p>\r\n<p>Na mesma ocasi\u00e3o, lhe ser\u00e1 concedido um medalh\u00e3o com as ins\u00edgnias da ANCIPE e uma fita azul e branca:<\/p>\r\n<p><img loading=\"lazy\" decoding=\"async\" class=\"aligncenter size-full wp-image-21218\" src=\"https:\/\/cipe.org.br\/novo\/wp-content\/uploads\/2024\/08\/medalha_ancipe.jpg\" alt=\"\" width=\"328\" height=\"246\" srcset=\"https:\/\/cipe.org.br\/novo\/wp-content\/uploads\/2024\/08\/medalha_ancipe.jpg 328w, https:\/\/cipe.org.br\/novo\/wp-content\/uploads\/2024\/08\/medalha_ancipe-300x225.jpg 300w, https:\/\/cipe.org.br\/novo\/wp-content\/uploads\/2024\/08\/medalha_ancipe-100x75.jpg 100w\" sizes=\"(max-width:767px) 328px, 328px\" \/><\/p>\r\n<p>Havendo o uso de beca, esta ser\u00e1 da cor negra e o juramento a ser proferido tem o seguinte teor:<\/p>\r\n<p><em>\u00a0\u00a0\u00a0\u00a0\u00a0\u00a0\u00a0 \u201cJuro, por Ascl\u00e9pio e Hip\u00f3crates, defender os princ\u00edpios \u00e9ticos da Medicina, no seu exerc\u00edcio pelo progresso da Cirurgia Pedi\u00e1trica, seja no campo de Panaceia ou no Templo de Epidauro, em favor da Sa\u00fade de Phebo.<\/em><\/p>\r\n<p><em>\u00a0\u00a0\u00a0\u00a0\u00a0\u00a0\u00a0 Por Deus e minha Honra, eu juro.\u201d<\/em><\/p>\r\n<p>A Diretoria da ANCIPE est\u00e1 hoje (2024), assim constitu\u00edda:<\/p>\r\n<ul>\r\n<li><strong>Presidente:<\/strong> Pl\u00ednio Campos Nogueira (SP)<\/li>\r\n<li><strong>Vice-Presidente:<\/strong> Murillo Ronald Capella (SC)<\/li>\r\n<li><strong>Secret\u00e1rio Executivo:<\/strong> Jos\u00e9 Roberto de Souza Baratella (SP)<\/li>\r\n<li><strong>1\u00ba Secret\u00e1rio:<\/strong> Fl\u00e1vio Linck Pabst (PE)<\/li>\r\n<li><strong>Tesoureiro:<\/strong> Manoel Carlos Prieto Velhote (SP)<\/li>\r\n<\/ul>\r\n<h3><strong>Nota de Falecimento:<\/strong><\/h3>\r\n<p>\u00c9 com imenso pesar que a ANCIPE comunica o falecimento do seu Presidente: o <strong>Acad\u00eamico Em\u00e9rito Pl\u00ednio Campos Nogueira<\/strong>, ocorrido em S\u00e3o Paulo \u2013 Capital, em 4 de julho de 2024.<\/p>\r\n<p>Toda a Academia, consternada, transmite seus sentimentos \u00e0 fam\u00edlia do nosso saudoso Presidente.<\/p>\r\n<ul>\r\n<li><a href=\"https:\/\/cipe.org.br\/novo\/wp-content\/uploads\/2024\/08\/estatuto_ancipe-1.pdf\" target=\"_blank\" rel=\"noopener\">ESTATUTO DA ANCIPE<\/a><\/li>\r\n<\/ul>","protected":false},"excerpt":{"rendered":"<p>ANCIPE &#8211; ACADEMIA NACIONAL DE CIRURGIA PEDI\u00c1TRICA A Academia Nacional de Cirurgia Pedi\u00e1trica foi fundada em 12 de outubro de 1999, na cidade do Recife \u2013<span class=\"excerpt-hellip\"> [\u2026]<\/span><\/p>\n","protected":false},"author":1,"featured_media":0,"parent":0,"menu_order":0,"comment_status":"closed","ping_status":"closed","template":"","meta":{"footnotes":""},"_links":{"self":[{"href":"https:\/\/cipe.org.br\/novo\/wp-json\/wp\/v2\/pages\/8952"}],"collection":[{"href":"https:\/\/cipe.org.br\/novo\/wp-json\/wp\/v2\/pages"}],"about":[{"href":"https:\/\/cipe.org.br\/novo\/wp-json\/wp\/v2\/types\/page"}],"author":[{"embeddable":true,"href":"https:\/\/cipe.org.br\/novo\/wp-json\/wp\/v2\/users\/1"}],"replies":[{"embeddable":true,"href":"https:\/\/cipe.org.br\/novo\/wp-json\/wp\/v2\/comments?post=8952"}],"version-history":[{"count":17,"href":"https:\/\/cipe.org.br\/novo\/wp-json\/wp\/v2\/pages\/8952\/revisions"}],"predecessor-version":[{"id":21432,"href":"https:\/\/cipe.org.br\/novo\/wp-json\/wp\/v2\/pages\/8952\/revisions\/21432"}],"wp:attachment":[{"href":"https:\/\/cipe.org.br\/novo\/wp-json\/wp\/v2\/media?parent=8952"}],"curies":[{"name":"wp","href":"https:\/\/api.w.org\/{rel}","templated":true}]}}