{"id":8951,"date":"2019-08-22T14:51:46","date_gmt":"2019-08-22T17:51:46","guid":{"rendered":"https:\/\/cipe.org.br\/novo\/?page_id=8951"},"modified":"2026-01-28T14:59:18","modified_gmt":"2026-01-28T17:59:18","slug":"associacoes-estaduais","status":"publish","type":"page","link":"https:\/\/cipe.org.br\/novo\/associacoes-estaduais\/","title":{"rendered":"Associa\u00e7\u00f5es Estaduais"},"content":{"rendered":"<p><strong>BAHIA<br \/>\n<\/strong>Presidente: Miria Guimar\u00e3es Nunes<br \/>\nVice-presidente:<br \/>\nSecret\u00e1rio: Paulo Roberto Pepe Serra<br \/>\nTesoureiro: Nailton Oliveira<br \/>\n<a href=\"mailto:cipe.bahia@gmail.com\">cipe.bahia@gmail.com<\/a><\/p>\n<p><strong>CEAR\u00c1<br \/>\n<\/strong>Presidente: Rocino Marinho de Oliveira Neto<br \/>\nVice-presidente: Ant\u00f4nio Aldo Melo Filho<br \/>\nSecret\u00e1rio: Osvaldo Barros Rebelo Neto<br \/>\nTesoureiro: Micaelle Jozzine Gon\u00e7alves Cardoso<br \/>\nEndere\u00e7o: R. Carlos Vasconcelos, 3000 \u2013 Joaquim T\u00e1vora<br \/>\n60115-171 \u2013 Fortaleza \u2013 CE<br \/>\n<a href=\"mailto:cipe.ce@gmail.com\">cipe.ce@gmail.com<\/a><\/p>\n<p><strong>DISTRITO FEDERAL (*)<br \/>\n<\/strong>Presidente:<br \/>\nVice-presidente:<br \/>\nSecret\u00e1rio:<br \/>\nTesoureiro:<\/p>\n<p>Endere\u00e7o: Bras\u00edlia \u2013 DF<\/p>\n<p><strong>ESP\u00cdRITO SANTO (*)<br \/>\n<\/strong>Presidente:<br \/>\nVice-presidente:<br \/>\nSecret\u00e1rio:<br \/>\nTesoureiro:<\/p>\n<p>Endere\u00e7o: Vit\u00f3ria \u2013 ES<br \/>\n<a href=\"mailto:marcoaureliobf@gmail.com\">marcoaureliobf@gmail.com<\/a><\/p>\n<p><strong>GOI\u00c1S (*)<br \/>\n<\/strong>Presidente:<br \/>\nVice-presidente:<br \/>\nSecret\u00e1rio:<br \/>\nTesoureiro:<\/p>\n<p>Endere\u00e7o: Goi\u00e2nia \u2013 GO<\/p>\n<p><strong>MATO GROSSO (*)<br \/>\n<\/strong>Presidente: Antonio D\u2019 Oliveira Gon\u00e7alves Preza<br \/>\nVice-presidente:<br \/>\nSecret\u00e1rio:<br \/>\n1\u00ba Secret\u00e1rio:<\/p>\n<p>Endere\u00e7o: Cuiab\u00e1 \u2013 MT<\/p>\n<p><strong>MATO GROSSO DO SUL<br \/>\n<\/strong>Presidente: Regina Maria Araujo Ajalla<br \/>\nVice-presidente: Helena de Lima Chaves<br \/>\nSecret\u00e1ria: Silvia Maria Giroldo<br \/>\nTesoureiro: Edson Abr\u00e3o<\/p>\n<p>Endere\u00e7o: Av. Afonso Pena, 902 \u2013 sl. 7 \u2013 Amambai<br \/>\n79005-001 \u2013 Campo Grande \u2013 MS<br \/>\nTel: (67) 3321-0489\/3383-1257<br \/>\nCel: (67) 99981-0008 (Regina Ajalla)<\/p>\n<p><strong>MINAS GERAIS<br \/>\n<\/strong>Presidente: \u00c1tila Magalh\u00e3es Vict\u00f3ria<br \/>\nVice-presidente: Cl\u00e9cio Pi\u00e7arro<br \/>\nTesoureiro: \u00c1tila Reis Vict\u00f3ria<br \/>\nSecret\u00e1rio: Renan Farias<\/p>\n<p>Endere\u00e7o: R. dos Otonis,705 \u2013 sl. 306 \u2013 Sta. Efig\u00eania<br \/>\n30150-270 \u2013 Belo Horizonte \u2013 MG<br \/>\nTel.: (31) 3224-6454<\/p>\n<p><strong>PARA\u00cdBA<br \/>\n<\/strong>Presidente: Daniel de Albuquerque Rangel Moreira<br \/>\nVice-Presidente: Wilberto Trigueiro<br \/>\nSecret\u00e1rio: Ewerton Franco de Souza<\/p>\n<p>Endere\u00e7o: Jo\u00e3o Pessoa \u2013 PB<\/p>\n<p><strong>PARAN\u00c1 (*)<\/strong><br \/>\nPresidente: Claudio Schulz<br \/>\nVice-presidente:<br \/>\nSecret\u00e1rio:<br \/>\nTesoureiro:Endere\u00e7o: Curitiba \u2013 PR<\/p>\n<p><strong>PERNAMBUCO<br \/>\n<\/strong>Presidente: Sidney Pereira Pinto Lemos<br \/>\nVice-presidente: Luiz Alberto Pereira de Araujo<br \/>\nSecret\u00e1rio: Valderi Siqueira de Miranda<br \/>\nTesoureira: Marianne Weber Arnold<\/p>\n<p>Endere\u00e7o: Av. Cardoso de S\u00e1, 1.175 \u2013 apto. 401 \u2013 V. Eduardo<br \/>\n56328-020 \u2013 Petrolina \u2013 PE<br \/>\n<a href=\"mailto:sppls@hotmail.com\">sppls@hotmail.com<\/a><br \/>\n<a href=\"mailto:cipe_pe@yahoo.com.br\">cipe_pe@yahoo.com.br<\/a><\/p>\n<p><strong>PIAU\u00cd<br \/>\n<\/strong>Presidente: Edinaldo Gon\u00e7alves de Miranda<br \/>\nVice-presidente: Socorro D\u2019Paula Nay Lay Loiola de Siqueira<br \/>\nSecret\u00e1rio-geral: Adolfo Batista de Sousa Moreira<br \/>\nTesoureiro: Adriano P\u00e1dua Reis<\/p>\n<p>Endere\u00e7o: R. Hon\u00f3rio de Paiva, 383 (Ed. Terra\u00e7o Sa\u00fade) \u2013 4\u00ba and. \u2013 sl. 1 \u2013 Ilhotas \u2013 64015-125 \u2013 Teresina \u2013 PI<br \/>\nTel.: (86) 3305-8583\/98802-7353\/99497-3373<\/p>\n<p><strong>REGI\u00c3O NORTE<br \/>\n<\/strong>Presidente: Ronaldo Jos\u00e9 Alves da Silva<br \/>\nVice-presidente: Manoel Eduardo Amoras Gon\u00e7alves<br \/>\nSecret\u00e1rio: Carlos Alberto Paiva Rego<br \/>\nTesoureiro: Tiago Said<\/p>\n<p>Endere\u00e7o: Bel\u00e9m \u2013 PA<\/p>\n<p><strong>RIO DE JANEIRO<br \/>\n<\/strong>Presidente: Danielle Nunes Forny<br \/>\nVice-presidente: Lisieux Eyer de Jesus<br \/>\nSecret\u00e1ria: Deborah Nunes Chagas<br \/>\nTesoureiro: Andr\u00e9 Cunha<\/p>\n<p>Endere\u00e7o: Rio de Janeiro \u2013 RJ<br \/>\nTel.: (21) 96988-8467<br \/>\n<a href=\"mailto:contato@ciperj.org\">contato@ciperj.org<\/a><\/p>\n<p><strong>RIO GRANDE DO NORTE<br \/>\n<\/strong>Presidente: S\u00e9rgio Pacheco Ferreira de Melo<br \/>\nVice-presidente: Zita de Souza Rocha<br \/>\nSecret\u00e1rio: Limirio Cardoso D\u2019Avila Filho<br \/>\nTesoureiro: Manoel Marques de Melo<\/p>\n<p>Endere\u00e7o: Natal \u2013 RN<br \/>\n<a href=\"http:\/\/webmail.digitalhayat.com.br\/cpsess3537677631\/3rdparty\/roundcube\/#NOP\">urocipe@me.com<\/a><\/p>\n<p><strong>RIO GRANDE DO SUL<br \/>\n<\/strong>Presidente: Eduardo Corr\u00eaa Costa<br \/>\nVice-presidente: Eduardo Spadaro Araujo<br \/>\nSecret\u00e1rio: 1\u00ba Nicole Knorr Brenner<br \/>\nSecret\u00e1rio: 2\u00ba Marcus Vinicius<br \/>\nTesoureiro: 1\u00ba Gast\u00e3o Mello Silva<br \/>\nTesoureiro: 2\u00ba Marcelo Costamilan Rombalde<\/p>\n<p>Endere\u00e7o: Av. Ipiranga, 5311 \u2013 sl. 207<br \/>\n90430-030 \u2013 Porto Alegre \u2013 RS<br \/>\nTel.: (51) 9981-1045<br \/>\n<a href=\"mailto:socipe_rs@terra.com.br\">socipe_rs@terra.com.br<\/a><\/p>\n<p><strong>SANTA CATARINA<br \/>\n<\/strong>Presidente: Walberto de Azevedo Souza Junior<br \/>\nVice: Johny Grechi Camacho<br \/>\nSecret\u00e1rio: Andr\u00e9 de Figueiredo Calandrini Branco<br \/>\nTesoureiro: Paulo Henrique Matalon Rodrigues<\/p>\n<p>Endere\u00e7o: Rod. Haroldo Soares Galvan, 3375 \u2013 ap. 104<br \/>\n88050-005 \u2013 Florian\u00f3polis \u2013 SC<br \/>\nTel.: (48) 8412-0421<\/p>\n<p><strong>S\u00c3O PAULO<br \/>\n<\/strong>Presidente: Fabio Antonio Perecim Volpe<br \/>\nVice-presidente: Bonif\u00e1cio Katsunori Takegawa<br \/>\n1\u00ba Secret\u00e1rio: Adriano Luis Gomes<br \/>\n2\u00ba Secret\u00e1rio: Luiz Henrique Pereira<br \/>\nTesoureira: Marcia Emilia Francisco Shida<\/p>\n<p>Endere\u00e7o: R. Cardeal Arcoverde, 1745 \u2013 bl. A \u2013 cj. 123<br \/>\n05407-002 \u2013 S\u00e3o Paulo \u2013 SP<br \/>\nTel.: (11) 3815-9380<br \/>\n<a href=\"mailto:cipesp@hotmail.com\">cipesp@hotmail.com<\/a><\/p>\n","protected":false},"excerpt":{"rendered":"<p>BAHIA Presidente: Miria Guimar\u00e3es Nunes Vice-presidente: Secret\u00e1rio: Paulo Roberto Pepe Serra Tesoureiro: Nailton Oliveira cipe.bahia@gmail.com CEAR\u00c1 Presidente: Rocino Marinho de Oliveira Neto Vice-presidente: Ant\u00f4nio Aldo Melo<span class=\"excerpt-hellip\"> [\u2026]<\/span><\/p>\n","protected":false},"author":1,"featured_media":0,"parent":0,"menu_order":0,"comment_status":"closed","ping_status":"closed","template":"","meta":{"footnotes":""},"_links":{"self":[{"href":"https:\/\/cipe.org.br\/novo\/wp-json\/wp\/v2\/pages\/8951"}],"collection":[{"href":"https:\/\/cipe.org.br\/novo\/wp-json\/wp\/v2\/pages"}],"about":[{"href":"https:\/\/cipe.org.br\/novo\/wp-json\/wp\/v2\/types\/page"}],"author":[{"embeddable":true,"href":"https:\/\/cipe.org.br\/novo\/wp-json\/wp\/v2\/users\/1"}],"replies":[{"embeddable":true,"href":"https:\/\/cipe.org.br\/novo\/wp-json\/wp\/v2\/comments?post=8951"}],"version-history":[{"count":8,"href":"https:\/\/cipe.org.br\/novo\/wp-json\/wp\/v2\/pages\/8951\/revisions"}],"predecessor-version":[{"id":22837,"href":"https:\/\/cipe.org.br\/novo\/wp-json\/wp\/v2\/pages\/8951\/revisions\/22837"}],"wp:attachment":[{"href":"https:\/\/cipe.org.br\/novo\/wp-json\/wp\/v2\/media?parent=8951"}],"curies":[{"name":"wp","href":"https:\/\/api.w.org\/{rel}","templated":true}]}}