{"id":8947,"date":"2019-08-22T14:51:14","date_gmt":"2019-08-22T17:51:14","guid":{"rendered":"https:\/\/cipe.org.br\/novo\/?page_id=8947"},"modified":"2026-03-09T10:44:36","modified_gmt":"2026-03-09T13:44:36","slug":"associe-se","status":"publish","type":"page","link":"https:\/\/cipe.org.br\/novo\/associe-se\/","title":{"rendered":"Associe-se"},"content":{"rendered":"<p>Prezado colega,<\/p>\n<p>\u00c9 um grande prazer para n\u00f3s saber de seu interesse em fazer parte da Sociedade Brasileira de Cirurgia Pedi\u00e1trica (CIPE) e, assim, contribuir para sua evolu\u00e7\u00e3o e seu fortalecimento.<\/p>\n<p><strong>COMO FAZER PARA SE ASSOCIAR:<\/strong><\/p>\n<p><strong>1:<\/strong><\/p>\n<p>A proposta de filia\u00e7\u00e3o deve ser preenchida e encaminhada por e-mail ( <a href=\"mailto:secretaria@cipe.org.br\">secretaria@cipe.org.br<\/a> ) ou WhatsApp (<a href=\"https:\/\/api.whatsapp.com\/send?1=pt_BR&amp;phone=5511933608955\">clique aqui para iniciar conversa<\/a>), conforme sua categoria:<\/p>\n<p><strong>Cirurgi\u00e3o pedi\u00e1trico:<br \/>\n<\/strong><strong><a href=\"https:\/\/cipe.org.br\/novo\/wp-content\/uploads\/2026\/03\/FORMULARIO-PROPOSTA-DE-SOCIO-CIRURGIAO-PEDIATRICO.pdf\" target=\"_blank\" rel=\"noopener\">BAIXE O FORMUL\u00c1RIO PARA PREENCHIMENTO<\/a><\/strong><\/p>\n<p><strong>Residente:<br \/>\n<\/strong><strong><a href=\"https:\/\/cipe.org.br\/novo\/wp-content\/uploads\/2026\/03\/Formulario-Proposta-de-Residente-SOCIEDADE.pdf\" target=\"_blank\" rel=\"noopener\">BAIXE O FORMUL\u00c1RIO PARA PREENCHIMENTO<\/a><\/strong><\/p>\n<p><strong>Acad\u00eamico:<br \/>\n<\/strong><strong><a href=\"https:\/\/cipe.org.br\/novo\/wp-content\/uploads\/2026\/03\/Formulario-de-Academico-SOCIEDADE.pdf\" target=\"_blank\" rel=\"noopener\">BAIXE O FORMUL\u00c1RIO PARA PREENCHIMENTO<\/a><\/strong><\/p>\n<p><strong>2:<\/strong><\/p>\n<p>Ap\u00f3s o recebimento do formul\u00e1rio, entraremos em contato para confirmar sua aprova\u00e7\u00e3o e passar as informa\u00e7\u00f5es para pagamento da <a href=\"https:\/\/cipe.org.br\/novo\/anuidade\/\">anuidade<\/a> (com excess\u00e3o dos acad\u00eamicos).<br \/>\n<strong>Importante: n\u00e3o fa\u00e7a o pagamento antes de receber nossa aprova\u00e7\u00e3o.<\/strong><\/p>\n<p><strong>3:<\/strong><\/p>\n<p>Ap\u00f3s receber o comprovante de pagamento da anuidade, concluiremos sua associa\u00e7\u00e3o.<\/p>\n<p>&#8212;<\/p>\n<p>Se houver qualquer d\u00favida ou problema, pedimos que entre em contato conosco atrav\u00e9s do e-mail (<a href=\"mailto:secretaria@cipe.org.br\">secretaria@cipe.org.br<\/a>), telefone (11 3032-8955, de segunda a sexta-feira, das 13h \u00e0s 19h) ou por WhatsApp (<a href=\"https:\/\/api.whatsapp.com\/send?1=pt_BR&amp;phone=5511933608955\">clique aqui para iniciar conversa<\/a>).<\/p>\n<p>Bem-vindo \u00e0 CIPE!<\/p>\n","protected":false},"excerpt":{"rendered":"<p>Prezado colega, \u00c9 um grande prazer para n\u00f3s saber de seu interesse em fazer parte da Sociedade Brasileira de Cirurgia Pedi\u00e1trica (CIPE) e, assim, contribuir para<span class=\"excerpt-hellip\"> [\u2026]<\/span><\/p>\n","protected":false},"author":1,"featured_media":0,"parent":0,"menu_order":0,"comment_status":"closed","ping_status":"closed","template":"","meta":{"footnotes":""},"_links":{"self":[{"href":"https:\/\/cipe.org.br\/novo\/wp-json\/wp\/v2\/pages\/8947"}],"collection":[{"href":"https:\/\/cipe.org.br\/novo\/wp-json\/wp\/v2\/pages"}],"about":[{"href":"https:\/\/cipe.org.br\/novo\/wp-json\/wp\/v2\/types\/page"}],"author":[{"embeddable":true,"href":"https:\/\/cipe.org.br\/novo\/wp-json\/wp\/v2\/users\/1"}],"replies":[{"embeddable":true,"href":"https:\/\/cipe.org.br\/novo\/wp-json\/wp\/v2\/comments?post=8947"}],"version-history":[{"count":17,"href":"https:\/\/cipe.org.br\/novo\/wp-json\/wp\/v2\/pages\/8947\/revisions"}],"predecessor-version":[{"id":23022,"href":"https:\/\/cipe.org.br\/novo\/wp-json\/wp\/v2\/pages\/8947\/revisions\/23022"}],"wp:attachment":[{"href":"https:\/\/cipe.org.br\/novo\/wp-json\/wp\/v2\/media?parent=8947"}],"curies":[{"name":"wp","href":"https:\/\/api.w.org\/{rel}","templated":true}]}}