{"id":8944,"date":"2019-08-22T14:50:26","date_gmt":"2019-08-22T17:50:26","guid":{"rendered":"https:\/\/cipe.org.br\/novo\/?page_id=8944"},"modified":"2025-06-18T17:17:47","modified_gmt":"2025-06-18T20:17:47","slug":"associados","status":"publish","type":"page","link":"https:\/\/cipe.org.br\/novo\/associados\/","title":{"rendered":"Associados"},"content":{"rendered":"<ul>\n<li><a href=\"https:\/\/cipe.org.br\/novo\/associados\/acre-2\/\">ACRE<\/a><\/li>\n<li><a href=\"https:\/\/cipe.org.br\/novo\/associados\/alagoas\/\">ALAGOAS<\/a><\/li>\n<li><a href=\"https:\/\/cipe.org.br\/novo\/associados\/amapa\/\">AMAP\u00c1<\/a><\/li>\n<li><a href=\"https:\/\/cipe.org.br\/novo\/associados\/amazonas\/\">AMAZONAS<\/a><\/li>\n<li><a href=\"https:\/\/cipe.org.br\/novo\/associados\/bahia\/\">BAHIA<\/a><\/li>\n<li><a href=\"https:\/\/cipe.org.br\/novo\/associados\/ceara\/\">CEAR\u00c1<\/a><\/li>\n<li><a href=\"https:\/\/cipe.org.br\/novo\/associados\/distrito-federal\/\">DISTRITO FEDERAL<\/a><\/li>\n<li><a href=\"https:\/\/cipe.org.br\/novo\/associados\/espirito-santo\/\">ESP\u00cdRITO SANTO<\/a><\/li>\n<li><a href=\"https:\/\/cipe.org.br\/novo\/associados\/goias\/\">GOI\u00c1S<\/a><\/li>\n<li><a href=\"https:\/\/cipe.org.br\/novo\/associacoes-estaduais\/maranhao\/\">MARANH\u00c3O<\/a><\/li>\n<li><a href=\"https:\/\/cipe.org.br\/novo\/associados\/mato-grosso\/\">MATO GROSSO<\/a><\/li>\n<li><a href=\"https:\/\/cipe.org.br\/novo\/associados\/mato-grosso-do-sul\/\">MATO GROSSO DO SUL<\/a><\/li>\n<li><a href=\"https:\/\/cipe.org.br\/novo\/associados\/minas-gerais\/\">MINAS GERAIS<\/a><\/li>\n<li><a href=\"https:\/\/cipe.org.br\/novo\/associados\/para\/\">PAR\u00c1<\/a><\/li>\n<li><a href=\"https:\/\/cipe.org.br\/novo\/associados\/paraiba\/\">PARA\u00cdBA<\/a><\/li>\n<li><a href=\"https:\/\/cipe.org.br\/novo\/associados\/parana\/\">PARAN\u00c1<\/a><\/li>\n<li><a href=\"https:\/\/cipe.org.br\/novo\/associados\/pernambuco\/\">PERNAMBUCO<\/a><\/li>\n<li><a href=\"https:\/\/cipe.org.br\/novo\/associados\/piaui\/\">PIAU\u00cd<\/a><\/li>\n<li><a href=\"https:\/\/cipe.org.br\/novo\/associados\/rio-de-janeiro\/\">RIO DE JANEIRO<\/a><\/li>\n<li><a href=\"https:\/\/cipe.org.br\/novo\/associados\/rio-grande-do-norte\/\">RIO GRANDE DO NORTE<\/a><\/li>\n<li><a href=\"https:\/\/cipe.org.br\/novo\/associados\/rio-grande-do-sul\/\">RIO GRANDE DO SUL<\/a><\/li>\n<li><a href=\"https:\/\/cipe.org.br\/novo\/associados\/rondonia\/\">ROND\u00d4NIA<\/a><\/li>\n<li><a href=\"https:\/\/cipe.org.br\/novo\/associados\/roraima-2\/\">RORAIMA<\/a><\/li>\n<li><a href=\"https:\/\/cipe.org.br\/novo\/associados\/santa-catarina\/\">SANTA CATARINA<\/a><\/li>\n<li><a href=\"https:\/\/cipe.org.br\/novo\/associados\/sao-paulo\/\">S\u00c3O PAULO<\/a><\/li>\n<li><a href=\"https:\/\/cipe.org.br\/novo\/associados\/sergipe\/\">SERGIPE<\/a><\/li>\n<li><a href=\"https:\/\/cipe.org.br\/novo\/associados\/tocantins\/\">TOCANTINS<\/a><\/li>\n<\/ul>\n","protected":false},"excerpt":{"rendered":"<p>ACRE ALAGOAS AMAP\u00c1 AMAZONAS BAHIA CEAR\u00c1 DISTRITO FEDERAL ESP\u00cdRITO SANTO GOI\u00c1S MARANH\u00c3O MATO GROSSO MATO GROSSO DO SUL MINAS GERAIS PAR\u00c1 PARA\u00cdBA PARAN\u00c1 PERNAMBUCO PIAU\u00cd RIO<span class=\"excerpt-hellip\"> [\u2026]<\/span><\/p>\n","protected":false},"author":1,"featured_media":0,"parent":0,"menu_order":0,"comment_status":"closed","ping_status":"closed","template":"","meta":{"footnotes":""},"_links":{"self":[{"href":"https:\/\/cipe.org.br\/novo\/wp-json\/wp\/v2\/pages\/8944"}],"collection":[{"href":"https:\/\/cipe.org.br\/novo\/wp-json\/wp\/v2\/pages"}],"about":[{"href":"https:\/\/cipe.org.br\/novo\/wp-json\/wp\/v2\/types\/page"}],"author":[{"embeddable":true,"href":"https:\/\/cipe.org.br\/novo\/wp-json\/wp\/v2\/users\/1"}],"replies":[{"embeddable":true,"href":"https:\/\/cipe.org.br\/novo\/wp-json\/wp\/v2\/comments?post=8944"}],"version-history":[{"count":18,"href":"https:\/\/cipe.org.br\/novo\/wp-json\/wp\/v2\/pages\/8944\/revisions"}],"predecessor-version":[{"id":21861,"href":"https:\/\/cipe.org.br\/novo\/wp-json\/wp\/v2\/pages\/8944\/revisions\/21861"}],"wp:attachment":[{"href":"https:\/\/cipe.org.br\/novo\/wp-json\/wp\/v2\/media?parent=8944"}],"curies":[{"name":"wp","href":"https:\/\/api.w.org\/{rel}","templated":true}]}}