{"id":8940,"date":"2019-08-22T14:49:52","date_gmt":"2019-08-22T17:49:52","guid":{"rendered":"https:\/\/cipe.org.br\/novo\/?page_id=8940"},"modified":"2025-01-17T15:34:29","modified_gmt":"2025-01-17T18:34:29","slug":"comissoes-permanentes","status":"publish","type":"page","link":"https:\/\/cipe.org.br\/novo\/comissoes-permanentes\/","title":{"rendered":"Comiss\u00f5es Permanentes"},"content":{"rendered":"<p><strong>COMISS\u00c3O DE ATEN\u00c7\u00c3O E PREVEN\u00c7\u00c3O AO TRAUMA<\/strong><\/p>\n<ul>\n<li><strong>Luis Donizeti da Silva Stracieri (SP) &#8211; Coordenador<\/strong><\/li>\n<li>Mauro Roberto Basso (PR)<\/li>\n<li>Fabio Mendes Botelho Filho (MG)<\/li>\n<li>Rodrigo Feij\u00f3 (SC)<\/li>\n<\/ul>\n<p><strong>COMISS\u00c3O DE COLOPROCTOLOGIA<\/strong><\/p>\n<ul>\n<li><strong>Jos\u00e9 Raimundo Bahia Sapucaia Filho (BA) &#8211; Coordenador<\/strong><\/li>\n<li>Jo\u00e3o Henrique Freitas Colares (CE)<\/li>\n<li>Elaine Cristina Soares Martins Moura (SP)<\/li>\n<li>Wellen Cristina Canesin (SP)<\/li>\n<\/ul>\n<p><strong>COMISS\u00c3O DE DEFESA PROFISSIONAL<\/strong><\/p>\n<ul>\n<li><strong>Manoel Eduardo Amoras Gon\u00e7alves (PA) &#8211; Coordenador<\/strong><\/li>\n<li>Salom\u00e3o Br\u00eatas (ES)<\/li>\n<li>Sauro Bagnaresi Jr (SP)<\/li>\n<li>Lucia Caetano Pereira (TO)<\/li>\n<\/ul>\n<p><strong>COMISS\u00c3O DE ENSINO E T\u00cdTULO DE ESPECIALISTA (CETE)<\/strong><\/p>\n<ul>\n<li><strong>Max Carsalad Schlobach (SP) &#8211; Coordenador<\/strong><\/li>\n<li>Karin Lucilda Schultz (PR)<\/li>\n<li>Edinaldo Gon\u00e7alves Miranda (PI)<\/li>\n<li>Joaquim Murray Bustorff Silva (SP)<\/li>\n<\/ul>\n<p><strong>COMISS\u00c3O DE \u00c9TICA<\/strong><\/p>\n<ul>\n<li><strong>Jose de Freitas Guimar\u00e3es Neto (SP) &#8211; Coordenador<\/strong><\/li>\n<li>Marcello Eller Miranda (MG)<\/li>\n<li>Geraldo Magela Nogueira Marques (SP)<\/li>\n<li>Robson Azevedo Dutra (SP)<\/li>\n<\/ul>\n<p><strong>COMISS\u00c3O DE CIRURGIA NEONATAL E FETAL<\/strong><\/p>\n<ul>\n<li><strong>Antonio Carlos Heinisch (SP) &#8211; Coordenador<\/strong><\/li>\n<li>Marcio Lopes Miranda (SP)<\/li>\n<li>Bruno Pinheiro Falc\u00e3o (PI)<\/li>\n<\/ul>\n<p><strong>COMISS\u00c3O DE CIRURGIA ROB\u00d3TICA<\/strong><\/p>\n<ul>\n<li><strong>Rafael Trindade Deyl (RS) &#8211;\u00a0 Coordenador<\/strong><\/li>\n<li>Edward Esteves Pereira (GO)<\/li>\n<li>Lu\u00eds Felipe de Ara\u00fajo Campos (SP)<\/li>\n<li>Vilani Kremer (PR)<\/li>\n<\/ul>\n<p><strong>COMISS\u00c3O DE ONCOLOGIA<\/strong><\/p>\n<ul>\n<li><strong>Rodrigo Chaves Ribeiro (SP) &#8211; Coordenador<\/strong><\/li>\n<li>Simone de Oliveira Coelho (RJ)<\/li>\n<li>Walberto de Azevedo Souza Junior (SC)<\/li>\n<li>Acimar Gon\u00e7alves da Cunha Jr (DF)<\/li>\n<\/ul>\n<p><strong>COMISS\u00c3O DE PESQUISA E CIRURGIA EXPERIMENTAL<\/strong><\/p>\n<ul>\n<li><strong>Pedro Luiz Toledo de Arruda Louren\u00e7\u00e3o (SP) &#8211; Coordenador<\/strong><\/li>\n<li>Ana Cristina Auon Tannuri (SP)<\/li>\n<li>Jos\u00e9 Luiz Martins (SP)<\/li>\n<li>Mila Torii Correa Leite (SP)<\/li>\n<\/ul>\n<p><strong>COMISS\u00c3O DE T\u00d3RAX<\/strong><\/p>\n<ul>\n<li><strong>Gilson Nagel Sawaia (SP) &#8211; Coordenador<\/strong><\/li>\n<li>Maur\u00edcio Macedo (SP)<\/li>\n<li>Jos\u00e9 Armando Mari (SP)<\/li>\n<li>Claudio Luiz Pelarigo (SP)<\/li>\n<\/ul>\n<p><strong>COMISS\u00c3O DE UROLOGIA<\/strong><\/p>\n<ul>\n<li><strong>Francisco Nicanor Araruma Macedo (RJ) &#8211; Coordenador<\/strong><\/li>\n<li>Jovelino Quintino de Souza Le\u00e3o (SP)<\/li>\n<li>Nicolino Cesar Rosito (RS)<\/li>\n<li>Adriano Luis Gomes (SP)<\/li>\n<\/ul>\n<p><strong>COMISS\u00c3O DE VIDEOCIRURGIA<\/strong><\/p>\n<ul>\n<li><strong>Helena de Lima Chaves (MS) &#8211; Coordenadora<\/strong><\/li>\n<li>Marcelo Calcagno da Silva (MG)<\/li>\n<li>Nat\u00e1lia Pereira Lima Pagan (SP)<\/li>\n<li>Fernando Antonio Bersani Amado (PR)<\/li>\n<\/ul>\n","protected":false},"excerpt":{"rendered":"<p>COMISS\u00c3O DE ATEN\u00c7\u00c3O E PREVEN\u00c7\u00c3O AO TRAUMA Luis Donizeti da Silva Stracieri (SP) &#8211; Coordenador Mauro Roberto Basso (PR) Fabio Mendes Botelho Filho (MG) Rodrigo Feij\u00f3<span class=\"excerpt-hellip\"> [\u2026]<\/span><\/p>\n","protected":false},"author":1,"featured_media":0,"parent":0,"menu_order":0,"comment_status":"closed","ping_status":"closed","template":"","meta":{"footnotes":""},"_links":{"self":[{"href":"https:\/\/cipe.org.br\/novo\/wp-json\/wp\/v2\/pages\/8940"}],"collection":[{"href":"https:\/\/cipe.org.br\/novo\/wp-json\/wp\/v2\/pages"}],"about":[{"href":"https:\/\/cipe.org.br\/novo\/wp-json\/wp\/v2\/types\/page"}],"author":[{"embeddable":true,"href":"https:\/\/cipe.org.br\/novo\/wp-json\/wp\/v2\/users\/1"}],"replies":[{"embeddable":true,"href":"https:\/\/cipe.org.br\/novo\/wp-json\/wp\/v2\/comments?post=8940"}],"version-history":[{"count":11,"href":"https:\/\/cipe.org.br\/novo\/wp-json\/wp\/v2\/pages\/8940\/revisions"}],"predecessor-version":[{"id":21435,"href":"https:\/\/cipe.org.br\/novo\/wp-json\/wp\/v2\/pages\/8940\/revisions\/21435"}],"wp:attachment":[{"href":"https:\/\/cipe.org.br\/novo\/wp-json\/wp\/v2\/media?parent=8940"}],"curies":[{"name":"wp","href":"https:\/\/api.w.org\/{rel}","templated":true}]}}