{"id":23128,"date":"2026-04-10T16:54:00","date_gmt":"2026-04-10T19:54:00","guid":{"rendered":"https:\/\/cipe.org.br\/novo\/?page_id=23128"},"modified":"2026-04-10T16:54:00","modified_gmt":"2026-04-10T19:54:00","slug":"brazilian-journal-of-pediatric-surgery","status":"publish","type":"page","link":"https:\/\/cipe.org.br\/novo\/brazilian-journal-of-pediatric-surgery\/","title":{"rendered":"Brazilian Journal of Pediatric Surgery"},"content":{"rendered":"<p><img loading=\"lazy\" decoding=\"async\" class=\"aligncenter size-large wp-image-23130\" src=\"https:\/\/cipe.org.br\/novo\/wp-content\/uploads\/2026\/04\/059-008-BRAZILIAN-JOURNAL-OF-PEDIATRIC-SURGERY-01-1200x675.jpg\" alt=\"\" width=\"1200\" height=\"675\" srcset=\"https:\/\/cipe.org.br\/novo\/wp-content\/uploads\/2026\/04\/059-008-BRAZILIAN-JOURNAL-OF-PEDIATRIC-SURGERY-01-1200x675.jpg 1200w, https:\/\/cipe.org.br\/novo\/wp-content\/uploads\/2026\/04\/059-008-BRAZILIAN-JOURNAL-OF-PEDIATRIC-SURGERY-01-500x281.jpg 500w, https:\/\/cipe.org.br\/novo\/wp-content\/uploads\/2026\/04\/059-008-BRAZILIAN-JOURNAL-OF-PEDIATRIC-SURGERY-01-300x169.jpg 300w, https:\/\/cipe.org.br\/novo\/wp-content\/uploads\/2026\/04\/059-008-BRAZILIAN-JOURNAL-OF-PEDIATRIC-SURGERY-01-768x432.jpg 768w, https:\/\/cipe.org.br\/novo\/wp-content\/uploads\/2026\/04\/059-008-BRAZILIAN-JOURNAL-OF-PEDIATRIC-SURGERY-01-1536x864.jpg 1536w, https:\/\/cipe.org.br\/novo\/wp-content\/uploads\/2026\/04\/059-008-BRAZILIAN-JOURNAL-OF-PEDIATRIC-SURGERY-01-2048x1152.jpg 2048w, https:\/\/cipe.org.br\/novo\/wp-content\/uploads\/2026\/04\/059-008-BRAZILIAN-JOURNAL-OF-PEDIATRIC-SURGERY-01-133x75.jpg 133w, https:\/\/cipe.org.br\/novo\/wp-content\/uploads\/2026\/04\/059-008-BRAZILIAN-JOURNAL-OF-PEDIATRIC-SURGERY-01-480x270.jpg 480w, https:\/\/cipe.org.br\/novo\/wp-content\/uploads\/2026\/04\/059-008-BRAZILIAN-JOURNAL-OF-PEDIATRIC-SURGERY-01-1320x743.jpg 1320w\" sizes=\"(max-width:767px) 480px, (max-width:1200px) 100vw, 1200px\" \/><\/p>\n<p>&nbsp;<\/p>\n<p>Desde sua funda\u00e7\u00e3o, em 1964, a Sociedade Brasileira de Cirurgia Pedi\u00e1trica (CIPE) tem como um de seus pilares a discuss\u00e3o cient\u00edfica e o aprimoramento cont\u00ednuo do cirurgi\u00e3o pedi\u00e1trico.<\/p>\n<p>Ao longo dessa trajet\u00f3ria, congressos, cursos, treinamentos e iniciativas acad\u00eamicas consolidaram a CIPE como refer\u00eancia nacional. Agora, damos um passo hist\u00f3rico e estrat\u00e9gico: o fortalecimento definitivo da produ\u00e7\u00e3o cient\u00edfica da especialidade com a retomada de um peri\u00f3dico pr\u00f3prio.<\/p>\n<p>Nasce o <strong>Brazilian Journal of Pediatric Surgery<\/strong>, um peri\u00f3dico cient\u00edfico de acesso a todos, sem custo para leitores ou autores, sustentado institucionalmente pela CIPE. Uma revista alinhada aos padr\u00f5es atuais de publica\u00e7\u00e3o acad\u00eamica, com avalia\u00e7\u00e3o por pares de forma cega, fluxo editorial audit\u00e1vel, DOI (Digital Object Identifier) para todos os artigos e planejamento estruturado para futura indexa\u00e7\u00e3o nos principais sistemas cient\u00edficos.<\/p>\n<p>Utilizando a plataforma <strong>OJS (Open Journal Systems)<\/strong>, amplamente validada internacionalmente, o novo peri\u00f3dico garante transpar\u00eancia, rigor metodol\u00f3gico e qualidade editorial \u2014 pilares fundamentais para a credibilidade cient\u00edfica.<\/p>\n<p>Mais do que retomar uma revista, a CIPE inaugura uma nova fase de valoriza\u00e7\u00e3o da pesquisa, da produ\u00e7\u00e3o intelectual e da identidade acad\u00eamica da Cirurgia Pedi\u00e1trica Brasileira.<\/p>\n<p>Convidamos os cirurgi\u00f5es pedi\u00e1tricos de todo o pa\u00eds a submeterem seus artigos e contribu\u00edrem ativamente para o fortalecimento cient\u00edfico da nossa \u00e1rea. O Brazilian Journal of Pediatric Surgery nasce para ser um espa\u00e7o de difus\u00e3o qualificada do conhecimento produzido por voc\u00eas, especialistas.<\/p>\n<p>Acesse <a href=\"http:\/\/www.brazilianjps.com.br\"><strong>www.brazilianjps.com.br<\/strong><\/a> e confira o primeiro artigo publicado:<br \/>\nAcesso venoso central no per\u00edodo neonatal na era da ultrassonografia<\/p>\n<p>Seguimos avan\u00e7ando com ci\u00eancia, responsabilidade e vis\u00e3o de futuro.<\/p>\n<p><strong>Nova diretoria e equipe CIPE<\/strong><br \/>\n<strong>Desenvolvimento e Reintegra\u00e7\u00e3o<\/strong><\/p>\n","protected":false},"excerpt":{"rendered":"<p>&nbsp; Desde sua funda\u00e7\u00e3o, em 1964, a Sociedade Brasileira de Cirurgia Pedi\u00e1trica (CIPE) tem como um de seus pilares a discuss\u00e3o cient\u00edfica e o aprimoramento cont\u00ednuo<span class=\"excerpt-hellip\"> [\u2026]<\/span><\/p>\n","protected":false},"author":1,"featured_media":0,"parent":0,"menu_order":0,"comment_status":"closed","ping_status":"closed","template":"","meta":{"footnotes":""},"_links":{"self":[{"href":"https:\/\/cipe.org.br\/novo\/wp-json\/wp\/v2\/pages\/23128"}],"collection":[{"href":"https:\/\/cipe.org.br\/novo\/wp-json\/wp\/v2\/pages"}],"about":[{"href":"https:\/\/cipe.org.br\/novo\/wp-json\/wp\/v2\/types\/page"}],"author":[{"embeddable":true,"href":"https:\/\/cipe.org.br\/novo\/wp-json\/wp\/v2\/users\/1"}],"replies":[{"embeddable":true,"href":"https:\/\/cipe.org.br\/novo\/wp-json\/wp\/v2\/comments?post=23128"}],"version-history":[{"count":1,"href":"https:\/\/cipe.org.br\/novo\/wp-json\/wp\/v2\/pages\/23128\/revisions"}],"predecessor-version":[{"id":23131,"href":"https:\/\/cipe.org.br\/novo\/wp-json\/wp\/v2\/pages\/23128\/revisions\/23131"}],"wp:attachment":[{"href":"https:\/\/cipe.org.br\/novo\/wp-json\/wp\/v2\/media?parent=23128"}],"curies":[{"name":"wp","href":"https:\/\/api.w.org\/{rel}","templated":true}]}}