{"id":22213,"date":"2025-10-01T16:53:45","date_gmt":"2025-10-01T19:53:45","guid":{"rendered":"https:\/\/cipe.org.br\/novo\/?page_id=22213"},"modified":"2025-10-03T15:15:46","modified_gmt":"2025-10-03T18:15:46","slug":"cirurgia-pediatrica-com-mais-cor","status":"publish","type":"page","link":"https:\/\/cipe.org.br\/novo\/cirurgia-pediatrica-com-mais-cor\/","title":{"rendered":"Cirurgia Pedi\u00e1trica com Mais Cor"},"content":{"rendered":"<h4><img loading=\"lazy\" decoding=\"async\" class=\"aligncenter size-large wp-image-22217\" src=\"https:\/\/cipe.org.br\/novo\/wp-content\/uploads\/2025\/10\/SET-2025-POST-PS-CIRURGIA-PED-COM-MAIS-COR-01-900x1200.jpg\" alt=\"\" width=\"900\" height=\"1200\" srcset=\"https:\/\/cipe.org.br\/novo\/wp-content\/uploads\/2025\/10\/SET-2025-POST-PS-CIRURGIA-PED-COM-MAIS-COR-01-900x1200.jpg 900w, https:\/\/cipe.org.br\/novo\/wp-content\/uploads\/2025\/10\/SET-2025-POST-PS-CIRURGIA-PED-COM-MAIS-COR-01-375x500.jpg 375w, https:\/\/cipe.org.br\/novo\/wp-content\/uploads\/2025\/10\/SET-2025-POST-PS-CIRURGIA-PED-COM-MAIS-COR-01-225x300.jpg 225w, https:\/\/cipe.org.br\/novo\/wp-content\/uploads\/2025\/10\/SET-2025-POST-PS-CIRURGIA-PED-COM-MAIS-COR-01-768x1024.jpg 768w, https:\/\/cipe.org.br\/novo\/wp-content\/uploads\/2025\/10\/SET-2025-POST-PS-CIRURGIA-PED-COM-MAIS-COR-01-56x75.jpg 56w, https:\/\/cipe.org.br\/novo\/wp-content\/uploads\/2025\/10\/SET-2025-POST-PS-CIRURGIA-PED-COM-MAIS-COR-01-480x640.jpg 480w, https:\/\/cipe.org.br\/novo\/wp-content\/uploads\/2025\/10\/SET-2025-POST-PS-CIRURGIA-PED-COM-MAIS-COR-01.jpg 1080w\" sizes=\"(max-width:767px) 480px, (max-width:900px) 100vw, 900px\" \/><\/h4>\n<h4 class=\"p1\"><b>INTRODU\u00c7\u00c3O<\/b><\/h4>\n<p class=\"p1\"><span class=\"s1\">O projeto de extens\u00e3o\u00a0 <b>&#8220;Cirurgia Pedi\u00e1trica com Mais Cor&#8221;<\/b>\u00a0foi criado por cirurgi\u00f5es pedi\u00e1tricos para humanizar o tratamento de crian\u00e7as no Hospital S\u00e3o Carlos Borromeu.<\/span><\/p>\n<p class=\"p1\"><span class=\"s1\">A ideia, dos m\u00e9dicos <b>Dr. Rog\u00e9rio de Ara\u00fajo Medeiros (orientador), Dra. Auriane de Sousa Alencar e Dr. Ivo Lima Viana<\/b>, junto com a Liga Acad\u00eamica de Cirurgia Pedi\u00e1trica (LACIPE) do <\/span>Centro Universit\u00e1rio UNINOVAFAPI<span class=\"s1\">, foi tornar a experi\u00eancia da cirurgia e da interna\u00e7\u00e3o menos assustadora e mais alegre para os pequenos pacientes. O projeto contou com o apoio essencial da <a href=\"https:\/\/www.instagram.com\/educa.caoambiental\/\"><strong>Associa\u00e7\u00e3o Mude os H\u00e1bitos, Mude o Mundo!<\/strong><\/a> , do<strong><a href=\"https:\/\/www.instagram.com\/institutoacolhepiaui\/\"> Instituto Acolhe Piau\u00ed\u00a0<\/a>\u00a0<\/strong>e do <\/span><a href=\"https:\/\/www.instagram.com\/centrodajuventudesantacabrini\/\"><strong><span class=\"x1lliihq x1plvlek xryxfnj x1n2onr6 xyejjpt x15dsfln x193iq5w xeuugli x1fj9vlw x13faqbe x1vvkbs x1s928wv xhkezso x1gmr53x x1cpjm7i x1fgarty x1943h6x x1i0vuye xvs91rp x1s688f x5n08af x10wh9bi xpm28yp x8viiok x1o7cslx\" dir=\"auto\">Centro da Juventude Santa Cabrini.<\/span><\/strong><\/a><\/p>\n<p class=\"p1\"><span class=\"s1\">Para diminuir o estresse da interna\u00e7\u00e3o e dos procedimentos m\u00e9dicos, o projeto distribui diariamente \u00a0<b>kits de pintura<\/b> para as crian\u00e7as.\u00a0<\/span><span class=\"s1\">Esse kit cont\u00e9m desenhos originais, gentilmente cedidos pelos artistas <b>Pedro Gui Fortes de Carvalho e Gustavo Mascarenhas<\/b>. <\/span><span class=\"s1\">Al\u00e9m da distra\u00e7\u00e3o, tamb\u00e9m foram realizadas <b>atividades educativas<\/b>. <\/span><\/p>\n<p class=\"p1\"><span class=\"s1\">Alunos da liga acad\u00eamica deram orienta\u00e7\u00f5es e explica\u00e7\u00f5es de forma clara e tranquila sobre os cuidados antes e depois da cirurgia.<\/span><\/p>\n<p class=\"p1\"><span class=\"s1\">As atividades aconteceram de forma <b>cont\u00ednua<\/b>, sempre nos dias de cirurgias pedi\u00e1tricas eletivas (planejadas), atendendo a todas as crian\u00e7as.<\/span><\/p>\n<p>&nbsp;<\/p>\n<p style=\"text-align: center;\"><em><span class=\"s1\">Atividade educativa durante a a\u00e7\u00e3o &#8220;Hospital do Ursinho&#8221;<\/span><\/em><\/p>\n<p><img loading=\"lazy\" decoding=\"async\" class=\"aligncenter size-medium wp-image-22226\" src=\"https:\/\/cipe.org.br\/novo\/wp-content\/uploads\/2025\/10\/urinho-500x354.jpg\" alt=\"\" width=\"500\" height=\"354\" srcset=\"https:\/\/cipe.org.br\/novo\/wp-content\/uploads\/2025\/10\/urinho-500x354.jpg 500w, https:\/\/cipe.org.br\/novo\/wp-content\/uploads\/2025\/10\/urinho-1200x850.jpg 1200w, https:\/\/cipe.org.br\/novo\/wp-content\/uploads\/2025\/10\/urinho-300x213.jpg 300w, https:\/\/cipe.org.br\/novo\/wp-content\/uploads\/2025\/10\/urinho-768x544.jpg 768w, https:\/\/cipe.org.br\/novo\/wp-content\/uploads\/2025\/10\/urinho-106x75.jpg 106w, https:\/\/cipe.org.br\/novo\/wp-content\/uploads\/2025\/10\/urinho-480x340.jpg 480w, https:\/\/cipe.org.br\/novo\/wp-content\/uploads\/2025\/10\/urinho.jpg 1290w\" sizes=\"(max-width:767px) 480px, 500px\" \/><\/p>\n<h4 class=\"p1\"><b>OBJETIVOS<\/b><\/h4>\n<p class=\"p1\"><b>Objetivo geral<\/b><\/p>\n<p class=\"p2\">Promover humaniza\u00e7\u00e3o e bem-estar a crian\u00e7as carentes em situa\u00e7\u00e3o de interna\u00e7\u00e3o cir\u00fargica e comunidades teresinenses por meio de a\u00e7\u00f5es sociais, educativas e art\u00edsticas, visando:<\/p>\n<ul class=\"ul1\">\n<li class=\"li3\">Reduzir a ansiedade pr\u00e9-operat\u00f3ria;<\/li>\n<li class=\"li4\">Melhorar a experi\u00eancia hospitalar;<\/li>\n<li class=\"li5\">Fortalecer o v\u00ednculo entre universidade, sociedade e institui\u00e7\u00f5es de sa\u00fade.<\/li>\n<\/ul>\n<p class=\"p1\"><b>Objetivos espec\u00edficos<\/b><\/p>\n<ul class=\"ul1\">\n<li class=\"li2\">Distribuir 100 kits de higiene e 100 cestas b\u00e1sicas\/sopas para fam\u00edlias em vulnerabilidade social.<\/li>\n<li class=\"li2\"><span class=\"s2\">A<\/span>rrecadar e doar 300+ pe\u00e7as de roupa em bom estado atrav\u00e9s do Varal Solid\u00e1rio.<\/li>\n<li class=\"li3\">Desenvolver e distribuir uma cartilha educativa ilustrada + kits de colorir para 500+ crian\u00e7as em pr\u00e9-operat\u00f3rio.<\/li>\n<li class=\"li3\">Revitalizar enfermarias pedi\u00e1tricas com adesiva\u00e7\u00e3o de obras dos artistas Pedro Gui e Gustavo Mascarenhas, criando um ambiente mais acolhedor.<\/li>\n<li class=\"li3\">Realizar v\u00e1rias edi\u00e7\u00f5es do Hospital do Ursinho com crian\u00e7as de comunidades carentes em Teresina-PI.<\/li>\n<\/ul>\n<h4><strong>PRINCIPAIS A\u00c7\u00d5ES<\/strong><\/h4>\n<p class=\"p1\"><b>Campanhas de Arrecada\u00e7\u00e3o <\/b><b><\/b><\/p>\n<ul>\n<li><strong><span class=\"s1\">Kits de Higiene e Alimentos:<\/span><\/strong><\/li>\n<\/ul>\n<ol>\n<li>Parceria com mercados locais e doa\u00e7\u00f5es de alunos.<\/li>\n<li>Montagem de kits contendo sabonete, escova de dentes, pasta dental, absorventes e alimentos n\u00e3o perec\u00edveis.<\/li>\n<li>Distribui\u00e7\u00e3o em comunidades carentes e fam\u00edlias de pacientes hospitalizados.<\/li>\n<\/ol>\n<p><img loading=\"lazy\" decoding=\"async\" class=\"aligncenter size-medium wp-image-22222\" src=\"https:\/\/cipe.org.br\/novo\/wp-content\/uploads\/2025\/10\/escovas-500x431.jpg\" alt=\"\" width=\"500\" height=\"431\" srcset=\"https:\/\/cipe.org.br\/novo\/wp-content\/uploads\/2025\/10\/escovas-500x431.jpg 500w, https:\/\/cipe.org.br\/novo\/wp-content\/uploads\/2025\/10\/escovas-300x259.jpg 300w, https:\/\/cipe.org.br\/novo\/wp-content\/uploads\/2025\/10\/escovas-768x662.jpg 768w, https:\/\/cipe.org.br\/novo\/wp-content\/uploads\/2025\/10\/escovas-87x75.jpg 87w, https:\/\/cipe.org.br\/novo\/wp-content\/uploads\/2025\/10\/escovas-480x414.jpg 480w, https:\/\/cipe.org.br\/novo\/wp-content\/uploads\/2025\/10\/escovas.jpg 1188w\" sizes=\"(max-width:767px) 480px, 500px\" \/><\/p>\n<ul>\n<li><strong><span class=\"s1\">Varal Solid\u00e1rio: <\/span><\/strong><\/li>\n<\/ul>\n<ol>\n<li>Pontos de coleta na universidade e hospitais parceiros.<\/li>\n<li>Triagem e higieniza\u00e7\u00e3o das roupas antes da distribui\u00e7\u00e3o.<\/li>\n<\/ol>\n<p class=\"p1\"><b>A\u00e7\u00e3o L\u00fadico-Educativa <\/b><b><\/b><\/p>\n<ul>\n<li><span class=\"s3\"><b>Cria\u00e7\u00e3o e distribui\u00e7\u00e3o de Cartilha Educativa:<\/b><\/span><\/li>\n<\/ul>\n<ol>\n<li>Conte\u00fado ilustrado explicando o processo cir\u00fargico de forma l\u00fadica.<\/li>\n<li>Linguagem acess\u00edvel e personagens infantis para reduzir medos.<\/li>\n<\/ol>\n<p><img loading=\"lazy\" decoding=\"async\" class=\"aligncenter size-medium wp-image-22229\" src=\"https:\/\/cipe.org.br\/novo\/wp-content\/uploads\/2025\/10\/Screenshot-2025-10-01-at-16.17.20-500x460.png\" alt=\"\" width=\"500\" height=\"460\" srcset=\"https:\/\/cipe.org.br\/novo\/wp-content\/uploads\/2025\/10\/Screenshot-2025-10-01-at-16.17.20-500x460.png 500w, https:\/\/cipe.org.br\/novo\/wp-content\/uploads\/2025\/10\/Screenshot-2025-10-01-at-16.17.20-300x276.png 300w, https:\/\/cipe.org.br\/novo\/wp-content\/uploads\/2025\/10\/Screenshot-2025-10-01-at-16.17.20-768x706.png 768w, https:\/\/cipe.org.br\/novo\/wp-content\/uploads\/2025\/10\/Screenshot-2025-10-01-at-16.17.20-82x75.png 82w, https:\/\/cipe.org.br\/novo\/wp-content\/uploads\/2025\/10\/Screenshot-2025-10-01-at-16.17.20-480x441.png 480w, https:\/\/cipe.org.br\/novo\/wp-content\/uploads\/2025\/10\/Screenshot-2025-10-01-at-16.17.20.png 964w\" sizes=\"(max-width:767px) 480px, 500px\" \/><\/p>\n<ul>\n<li><strong><span class=\"s1\">Kits de Colorir:<\/span><\/strong><\/li>\n<\/ul>\n<ol>\n<li>Distribui\u00e7\u00e3o de folhas para desenho, l\u00e1pis de cor e adesivos tem\u00e1ticos.<\/li>\n<li>Atividades guiadas por acad\u00eamicos para intera\u00e7\u00e3o com as crian\u00e7as.<\/li>\n<\/ol>\n<ul>\n<li class=\"p1\"><b>Interven\u00e7\u00e3o Art\u00edstica <\/b><b><\/b><\/li>\n<\/ul>\n<ul class=\"ul1\">\n<li class=\"li7\"><b>Adesiva\u00e7\u00e3o de Enfermarias:<\/b><\/li>\n<\/ul>\n<ol>\n<li>Sele\u00e7\u00e3o de obras dos artistas Pedro Gui e Gustavo Mascarenhas (temas infantis e alegres).<\/li>\n<li>Aplica\u00e7\u00e3o de adesivos resistentes e de f\u00e1cil limpeza.<\/li>\n<li>Objetivo: Transformar o ambiente hospitalar em um espa\u00e7o mais alegre e menos intimidante.<\/li>\n<\/ol>\n<p><img loading=\"lazy\" decoding=\"async\" class=\"aligncenter size-medium wp-image-22220\" src=\"https:\/\/cipe.org.br\/novo\/wp-content\/uploads\/2025\/10\/arte-03-500x372.jpg\" alt=\"\" width=\"500\" height=\"372\" srcset=\"https:\/\/cipe.org.br\/novo\/wp-content\/uploads\/2025\/10\/arte-03-500x372.jpg 500w, https:\/\/cipe.org.br\/novo\/wp-content\/uploads\/2025\/10\/arte-03-1200x894.jpg 1200w, https:\/\/cipe.org.br\/novo\/wp-content\/uploads\/2025\/10\/arte-03-300x223.jpg 300w, https:\/\/cipe.org.br\/novo\/wp-content\/uploads\/2025\/10\/arte-03-768x572.jpg 768w, https:\/\/cipe.org.br\/novo\/wp-content\/uploads\/2025\/10\/arte-03-101x75.jpg 101w, https:\/\/cipe.org.br\/novo\/wp-content\/uploads\/2025\/10\/arte-03-480x358.jpg 480w, https:\/\/cipe.org.br\/novo\/wp-content\/uploads\/2025\/10\/arte-03-1320x983.jpg 1320w, https:\/\/cipe.org.br\/novo\/wp-content\/uploads\/2025\/10\/arte-03.jpg 1450w\" sizes=\"(max-width:767px) 480px, 500px\" \/><\/p>\n<p><img loading=\"lazy\" decoding=\"async\" class=\"aligncenter size-medium wp-image-22218\" src=\"https:\/\/cipe.org.br\/novo\/wp-content\/uploads\/2025\/10\/arte-01-416x500.jpg\" alt=\"\" width=\"416\" height=\"500\" srcset=\"https:\/\/cipe.org.br\/novo\/wp-content\/uploads\/2025\/10\/arte-01-416x500.jpg 416w, https:\/\/cipe.org.br\/novo\/wp-content\/uploads\/2025\/10\/arte-01-250x300.jpg 250w, https:\/\/cipe.org.br\/novo\/wp-content\/uploads\/2025\/10\/arte-01-62x75.jpg 62w, https:\/\/cipe.org.br\/novo\/wp-content\/uploads\/2025\/10\/arte-01-480x577.jpg 480w, https:\/\/cipe.org.br\/novo\/wp-content\/uploads\/2025\/10\/arte-01.jpg 574w\" sizes=\"(max-width:767px) 416px, 416px\" \/><\/p>\n<p><img loading=\"lazy\" decoding=\"async\" class=\"aligncenter size-medium wp-image-22219\" src=\"https:\/\/cipe.org.br\/novo\/wp-content\/uploads\/2025\/10\/arte-02-384x500.jpg\" alt=\"\" width=\"384\" height=\"500\" srcset=\"https:\/\/cipe.org.br\/novo\/wp-content\/uploads\/2025\/10\/arte-02-384x500.jpg 384w, https:\/\/cipe.org.br\/novo\/wp-content\/uploads\/2025\/10\/arte-02-230x300.jpg 230w, https:\/\/cipe.org.br\/novo\/wp-content\/uploads\/2025\/10\/arte-02-58x75.jpg 58w, https:\/\/cipe.org.br\/novo\/wp-content\/uploads\/2025\/10\/arte-02-480x625.jpg 480w, https:\/\/cipe.org.br\/novo\/wp-content\/uploads\/2025\/10\/arte-02.jpg 744w\" sizes=\"(max-width:767px) 384px, 384px\" \/><\/p>\n<p class=\"p1\"><b>Realiza\u00e7\u00e3o do \u201cHospital do Ursinho\u201d<\/b><b><\/b><\/p>\n<p class=\"p1\">Foram realizadas 3 edi\u00e7\u00f5es do Hospital do Ursinho durante o ano de 2025 no qual realizamos atividades educativas em sa\u00fade, distribui\u00e7\u00e3o de kits de higiene e simula\u00e7\u00e3o l\u00fadica do ambiente do centro cir\u00fargico.<\/p>\n<p><img loading=\"lazy\" decoding=\"async\" class=\"aligncenter size-medium wp-image-22223\" src=\"https:\/\/cipe.org.br\/novo\/wp-content\/uploads\/2025\/10\/hosp-ursinho-01-500x498.jpg\" alt=\"\" width=\"500\" height=\"498\" srcset=\"https:\/\/cipe.org.br\/novo\/wp-content\/uploads\/2025\/10\/hosp-ursinho-01-500x498.jpg 500w, https:\/\/cipe.org.br\/novo\/wp-content\/uploads\/2025\/10\/hosp-ursinho-01-300x300.jpg 300w, https:\/\/cipe.org.br\/novo\/wp-content\/uploads\/2025\/10\/hosp-ursinho-01-768x765.jpg 768w, https:\/\/cipe.org.br\/novo\/wp-content\/uploads\/2025\/10\/hosp-ursinho-01-150x150.jpg 150w, https:\/\/cipe.org.br\/novo\/wp-content\/uploads\/2025\/10\/hosp-ursinho-01-75x75.jpg 75w, https:\/\/cipe.org.br\/novo\/wp-content\/uploads\/2025\/10\/hosp-ursinho-01-480x478.jpg 480w, https:\/\/cipe.org.br\/novo\/wp-content\/uploads\/2025\/10\/hosp-ursinho-01.jpg 885w\" sizes=\"(max-width:767px) 480px, 500px\" \/><\/p>\n<p><img loading=\"lazy\" decoding=\"async\" class=\"aligncenter size-medium wp-image-22226\" src=\"https:\/\/cipe.org.br\/novo\/wp-content\/uploads\/2025\/10\/urinho-500x354.jpg\" alt=\"\" width=\"500\" height=\"354\" srcset=\"https:\/\/cipe.org.br\/novo\/wp-content\/uploads\/2025\/10\/urinho-500x354.jpg 500w, https:\/\/cipe.org.br\/novo\/wp-content\/uploads\/2025\/10\/urinho-1200x850.jpg 1200w, https:\/\/cipe.org.br\/novo\/wp-content\/uploads\/2025\/10\/urinho-300x213.jpg 300w, https:\/\/cipe.org.br\/novo\/wp-content\/uploads\/2025\/10\/urinho-768x544.jpg 768w, https:\/\/cipe.org.br\/novo\/wp-content\/uploads\/2025\/10\/urinho-106x75.jpg 106w, https:\/\/cipe.org.br\/novo\/wp-content\/uploads\/2025\/10\/urinho-480x340.jpg 480w, https:\/\/cipe.org.br\/novo\/wp-content\/uploads\/2025\/10\/urinho.jpg 1290w\" sizes=\"(max-width:767px) 480px, 500px\" \/><\/p>\n<h4><\/h4>\n<h4 class=\"p1\"><b>RESULTADOS ALCAN\u00c7ADOS<\/b><\/h4>\n<table class=\"t1\" cellspacing=\"0\" cellpadding=\"0\">\n<tbody>\n<tr>\n<td class=\"td1\" valign=\"top\">\n<p class=\"p1\">Kits de higiene distribu\u00eddos<\/p>\n<\/td>\n<td class=\"td1\" valign=\"top\">\n<p class=\"p1\">\u00a0 \u00a0100 fam\u00edlias beneficiadas<\/p>\n<\/td>\n<\/tr>\n<tr>\n<td class=\"td1\" valign=\"top\">\n<p class=\"p1\">Cestas b\u00e1sicas\/sopas entregues<\/p>\n<\/td>\n<td class=\"td1\" valign=\"top\">\n<p class=\"p1\">\u00a0 \u00a0100 unidades<\/p>\n<\/td>\n<\/tr>\n<tr>\n<td class=\"td1\" valign=\"top\">\n<p class=\"p1\">Roupas doadas (Varal Solid\u00e1rio)<\/p>\n<\/td>\n<td class=\"td1\" valign=\"top\">\n<p class=\"p1\">\u00a0 \u00a0300+ pe\u00e7as<\/p>\n<\/td>\n<\/tr>\n<tr>\n<td class=\"td1\" valign=\"top\">\n<p class=\"p1\">Cartilhas e kits de colorir<\/p>\n<\/td>\n<td class=\"td1\" valign=\"top\">\n<p class=\"p1\">\u00a0 \u00a0500+ crian\u00e7as impactadas<\/p>\n<\/td>\n<\/tr>\n<tr>\n<td class=\"td1\" valign=\"top\">\n<p class=\"p1\">Enfermarias revitalizadas<\/p>\n<\/td>\n<td class=\"td1\" valign=\"top\">\n<p class=\"p1\">\u00a0 \u00a02 Enfermarias pedi\u00e1tricas decoradas<\/p>\n<\/td>\n<\/tr>\n<\/tbody>\n<\/table>\n<p><img loading=\"lazy\" decoding=\"async\" class=\"aligncenter size-medium wp-image-22224\" src=\"https:\/\/cipe.org.br\/novo\/wp-content\/uploads\/2025\/10\/pessoas-2-475x500.jpg\" alt=\"\" width=\"475\" height=\"500\" srcset=\"https:\/\/cipe.org.br\/novo\/wp-content\/uploads\/2025\/10\/pessoas-2-475x500.jpg 475w, https:\/\/cipe.org.br\/novo\/wp-content\/uploads\/2025\/10\/pessoas-2-285x300.jpg 285w, https:\/\/cipe.org.br\/novo\/wp-content\/uploads\/2025\/10\/pessoas-2-71x75.jpg 71w, https:\/\/cipe.org.br\/novo\/wp-content\/uploads\/2025\/10\/pessoas-2-480x505.jpg 480w, https:\/\/cipe.org.br\/novo\/wp-content\/uploads\/2025\/10\/pessoas-2.jpg 754w\" sizes=\"(max-width:767px) 475px, 475px\" \/><\/p>\n<p><img loading=\"lazy\" decoding=\"async\" class=\"aligncenter size-medium wp-image-22225\" src=\"https:\/\/cipe.org.br\/novo\/wp-content\/uploads\/2025\/10\/pessoas-403x500.jpg\" alt=\"\" width=\"403\" height=\"500\" srcset=\"https:\/\/cipe.org.br\/novo\/wp-content\/uploads\/2025\/10\/pessoas-403x500.jpg 403w, https:\/\/cipe.org.br\/novo\/wp-content\/uploads\/2025\/10\/pessoas-242x300.jpg 242w, https:\/\/cipe.org.br\/novo\/wp-content\/uploads\/2025\/10\/pessoas-61x75.jpg 61w, https:\/\/cipe.org.br\/novo\/wp-content\/uploads\/2025\/10\/pessoas-480x595.jpg 480w, https:\/\/cipe.org.br\/novo\/wp-content\/uploads\/2025\/10\/pessoas.jpg 765w\" sizes=\"(max-width:767px) 403px, 403px\" \/><\/p>\n<p><img loading=\"lazy\" decoding=\"async\" class=\"aligncenter size-medium wp-image-22228\" src=\"https:\/\/cipe.org.br\/novo\/wp-content\/uploads\/2025\/10\/Screenshot-2025-10-01-at-16.16.45-500x341.png\" alt=\"\" width=\"500\" height=\"341\" srcset=\"https:\/\/cipe.org.br\/novo\/wp-content\/uploads\/2025\/10\/Screenshot-2025-10-01-at-16.16.45-500x341.png 500w, https:\/\/cipe.org.br\/novo\/wp-content\/uploads\/2025\/10\/Screenshot-2025-10-01-at-16.16.45-300x204.png 300w, https:\/\/cipe.org.br\/novo\/wp-content\/uploads\/2025\/10\/Screenshot-2025-10-01-at-16.16.45-768x523.png 768w, https:\/\/cipe.org.br\/novo\/wp-content\/uploads\/2025\/10\/Screenshot-2025-10-01-at-16.16.45-110x75.png 110w, https:\/\/cipe.org.br\/novo\/wp-content\/uploads\/2025\/10\/Screenshot-2025-10-01-at-16.16.45-480x327.png 480w, https:\/\/cipe.org.br\/novo\/wp-content\/uploads\/2025\/10\/Screenshot-2025-10-01-at-16.16.45.png 1124w\" sizes=\"(max-width:767px) 480px, 500px\" \/><\/p>\n<p><img loading=\"lazy\" decoding=\"async\" class=\"aligncenter size-medium wp-image-22221\" src=\"https:\/\/cipe.org.br\/novo\/wp-content\/uploads\/2025\/10\/comunidades-429x500.jpg\" alt=\"\" width=\"429\" height=\"500\" srcset=\"https:\/\/cipe.org.br\/novo\/wp-content\/uploads\/2025\/10\/comunidades-429x500.jpg 429w, https:\/\/cipe.org.br\/novo\/wp-content\/uploads\/2025\/10\/comunidades-257x300.jpg 257w, https:\/\/cipe.org.br\/novo\/wp-content\/uploads\/2025\/10\/comunidades-768x896.jpg 768w, https:\/\/cipe.org.br\/novo\/wp-content\/uploads\/2025\/10\/comunidades-64x75.jpg 64w, https:\/\/cipe.org.br\/novo\/wp-content\/uploads\/2025\/10\/comunidades-480x560.jpg 480w, https:\/\/cipe.org.br\/novo\/wp-content\/uploads\/2025\/10\/comunidades.jpg 897w\" sizes=\"(max-width:767px) 429px, 429px\" \/><\/p>\n<p class=\"p1\"><b>Impacto Social <\/b><b><\/b><\/p>\n<ul class=\"ul1\">\n<li class=\"li2\">Redu\u00e7\u00e3o nos relatos de ansiedade infantil (dados coletados em feedbacks das equipes de psicologia hospitalar).<\/li>\n<li class=\"li2\">Melhoria na ades\u00e3o ao tratamento devido ao ambiente mais acolhedor.<\/li>\n<li class=\"li2\">Fortalecimento da responsabilidade social entre acad\u00eamicos de medicina.<\/li>\n<li class=\"li1\">Visibilidade positiva para a universidade e parcerias com artistas locais.<\/li>\n<\/ul>\n<p><img loading=\"lazy\" decoding=\"async\" class=\"aligncenter size-large wp-image-22227\" src=\"https:\/\/cipe.org.br\/novo\/wp-content\/uploads\/2025\/10\/Screenshot-2025-10-01-at-16.16.03-706x1200.png\" alt=\"\" width=\"706\" height=\"1200\" srcset=\"https:\/\/cipe.org.br\/novo\/wp-content\/uploads\/2025\/10\/Screenshot-2025-10-01-at-16.16.03-706x1200.png 706w, https:\/\/cipe.org.br\/novo\/wp-content\/uploads\/2025\/10\/Screenshot-2025-10-01-at-16.16.03-294x500.png 294w, https:\/\/cipe.org.br\/novo\/wp-content\/uploads\/2025\/10\/Screenshot-2025-10-01-at-16.16.03-177x300.png 177w, https:\/\/cipe.org.br\/novo\/wp-content\/uploads\/2025\/10\/Screenshot-2025-10-01-at-16.16.03-768x1305.png 768w, https:\/\/cipe.org.br\/novo\/wp-content\/uploads\/2025\/10\/Screenshot-2025-10-01-at-16.16.03-904x1536.png 904w, https:\/\/cipe.org.br\/novo\/wp-content\/uploads\/2025\/10\/Screenshot-2025-10-01-at-16.16.03-44x75.png 44w, https:\/\/cipe.org.br\/novo\/wp-content\/uploads\/2025\/10\/Screenshot-2025-10-01-at-16.16.03-480x815.png 480w, https:\/\/cipe.org.br\/novo\/wp-content\/uploads\/2025\/10\/Screenshot-2025-10-01-at-16.16.03.png 1016w\" sizes=\"(max-width:767px) 480px, 706px\" \/><\/p>\n<h4 class=\"p1\"><b>CONCLUS\u00c3O<\/b><\/h4>\n<p class=\"p1\">O projeto &#8220;Cirurgia Pedi\u00e1trica com Mais Cor&#8221; demonstrou que pequenas a\u00e7\u00f5es transformadoras \u2013 como doa\u00e7\u00f5es, arte e educa\u00e7\u00e3o \u2013 podem humanizar a medicina e levar esperan\u00e7a a crian\u00e7as em situa\u00e7\u00f5es vulner\u00e1veis. A iniciativa serviu como modelo para futuras a\u00e7\u00f5es acad\u00eamicas, mostrando que a medicina vai al\u00e9m do tratamento cl\u00ednico-cir\u00fargico: \u00e9 sobre cuidado, empatia e alegria.<\/p>\n<p><img loading=\"lazy\" decoding=\"async\" class=\"aligncenter size-medium wp-image-22230\" src=\"https:\/\/cipe.org.br\/novo\/wp-content\/uploads\/2025\/10\/Screenshot-2025-10-01-at-16.18.04-500x312.png\" alt=\"\" width=\"500\" height=\"312\" srcset=\"https:\/\/cipe.org.br\/novo\/wp-content\/uploads\/2025\/10\/Screenshot-2025-10-01-at-16.18.04-500x312.png 500w, https:\/\/cipe.org.br\/novo\/wp-content\/uploads\/2025\/10\/Screenshot-2025-10-01-at-16.18.04-1200x749.png 1200w, https:\/\/cipe.org.br\/novo\/wp-content\/uploads\/2025\/10\/Screenshot-2025-10-01-at-16.18.04-300x187.png 300w, https:\/\/cipe.org.br\/novo\/wp-content\/uploads\/2025\/10\/Screenshot-2025-10-01-at-16.18.04-768x479.png 768w, https:\/\/cipe.org.br\/novo\/wp-content\/uploads\/2025\/10\/Screenshot-2025-10-01-at-16.18.04-120x75.png 120w, https:\/\/cipe.org.br\/novo\/wp-content\/uploads\/2025\/10\/Screenshot-2025-10-01-at-16.18.04-480x300.png 480w, https:\/\/cipe.org.br\/novo\/wp-content\/uploads\/2025\/10\/Screenshot-2025-10-01-at-16.18.04-1320x824.png 1320w, https:\/\/cipe.org.br\/novo\/wp-content\/uploads\/2025\/10\/Screenshot-2025-10-01-at-16.18.04.png 1496w\" sizes=\"(max-width:767px) 480px, 500px\" \/><\/p>\n<h4><strong>D\u00daVIDAS E APOIO<\/strong><\/h4>\n<p>Quer ajuda ou est\u00e1 com alguma d\u00favida em rela\u00e7\u00e3o \u00e0 campanha, basta enviar um e-mail para\u00a0<a href=\"mailto:acaosocial@cipe.org.br\">acaosocial@cipe.org.br<\/a>\u00a0que lhe daremos suporte.<\/p>\n","protected":false},"excerpt":{"rendered":"<p>INTRODU\u00c7\u00c3O O projeto de extens\u00e3o\u00a0 &#8220;Cirurgia Pedi\u00e1trica com Mais Cor&#8221;\u00a0foi criado por cirurgi\u00f5es pedi\u00e1tricos para humanizar o tratamento de crian\u00e7as no Hospital S\u00e3o Carlos Borromeu. A<span class=\"excerpt-hellip\"> [\u2026]<\/span><\/p>\n","protected":false},"author":1,"featured_media":0,"parent":0,"menu_order":0,"comment_status":"closed","ping_status":"closed","template":"","meta":{"footnotes":""},"_links":{"self":[{"href":"https:\/\/cipe.org.br\/novo\/wp-json\/wp\/v2\/pages\/22213"}],"collection":[{"href":"https:\/\/cipe.org.br\/novo\/wp-json\/wp\/v2\/pages"}],"about":[{"href":"https:\/\/cipe.org.br\/novo\/wp-json\/wp\/v2\/types\/page"}],"author":[{"embeddable":true,"href":"https:\/\/cipe.org.br\/novo\/wp-json\/wp\/v2\/users\/1"}],"replies":[{"embeddable":true,"href":"https:\/\/cipe.org.br\/novo\/wp-json\/wp\/v2\/comments?post=22213"}],"version-history":[{"count":6,"href":"https:\/\/cipe.org.br\/novo\/wp-json\/wp\/v2\/pages\/22213\/revisions"}],"predecessor-version":[{"id":22254,"href":"https:\/\/cipe.org.br\/novo\/wp-json\/wp\/v2\/pages\/22213\/revisions\/22254"}],"wp:attachment":[{"href":"https:\/\/cipe.org.br\/novo\/wp-json\/wp\/v2\/media?parent=22213"}],"curies":[{"name":"wp","href":"https:\/\/api.w.org\/{rel}","templated":true}]}}