{"id":22162,"date":"2025-09-18T16:34:33","date_gmt":"2025-09-18T19:34:33","guid":{"rendered":"https:\/\/cipe.org.br\/novo\/?page_id=22162"},"modified":"2025-09-18T16:42:24","modified_gmt":"2025-09-18T19:42:24","slug":"agosto-laranja-2024","status":"publish","type":"page","link":"https:\/\/cipe.org.br\/novo\/agosto-laranja-2024\/","title":{"rendered":"Agosto Laranja"},"content":{"rendered":"<h4 class=\"p1\"><b><img loading=\"lazy\" decoding=\"async\" class=\"aligncenter size-large wp-image-22163\" src=\"https:\/\/cipe.org.br\/novo\/wp-content\/uploads\/2025\/09\/SET-2025-POST-PS-AGOSTO-LARANJA-01-900x1200.jpg\" alt=\"\" width=\"900\" height=\"1200\" srcset=\"https:\/\/cipe.org.br\/novo\/wp-content\/uploads\/2025\/09\/SET-2025-POST-PS-AGOSTO-LARANJA-01-900x1200.jpg 900w, https:\/\/cipe.org.br\/novo\/wp-content\/uploads\/2025\/09\/SET-2025-POST-PS-AGOSTO-LARANJA-01-375x500.jpg 375w, https:\/\/cipe.org.br\/novo\/wp-content\/uploads\/2025\/09\/SET-2025-POST-PS-AGOSTO-LARANJA-01-225x300.jpg 225w, https:\/\/cipe.org.br\/novo\/wp-content\/uploads\/2025\/09\/SET-2025-POST-PS-AGOSTO-LARANJA-01-768x1024.jpg 768w, https:\/\/cipe.org.br\/novo\/wp-content\/uploads\/2025\/09\/SET-2025-POST-PS-AGOSTO-LARANJA-01-56x75.jpg 56w, https:\/\/cipe.org.br\/novo\/wp-content\/uploads\/2025\/09\/SET-2025-POST-PS-AGOSTO-LARANJA-01-480x640.jpg 480w, https:\/\/cipe.org.br\/novo\/wp-content\/uploads\/2025\/09\/SET-2025-POST-PS-AGOSTO-LARANJA-01.jpg 1080w\" sizes=\"(max-width:767px) 480px, (max-width:900px) 100vw, 900px\" \/><\/b><\/h4>\n<h4 class=\"p1\"><b>INTRODU\u00c7\u00c3O<\/b><\/h4>\n<p class=\"p1\">O \u201cAgosto\u00a0Laranja\u201d \u00e9 um movimento criado em Blumenau por lei municipal sancionada em 2017, com o objetivo de dar visibilidade \u00e0 mielomeningocele, uma malforma\u00e7\u00e3o cong\u00eanita tamb\u00e9m conhecida como espinha b\u00edfida aberta. A campanha procura alertar a sociedade para as necessidades m\u00e9dicas, educacionais e sociais das crian\u00e7as com mielomeningocele e apoiar fam\u00edlias por meio de a\u00e7\u00f5es de acolhimento e informa\u00e7\u00e3o.<\/p>\n<p class=\"p1\">Em 2017 a C\u00e2mara Municipal de Blumenau aprovou a Lei\u00a08.435\/2017, sancionada em 5\u00a0de\u00a0junho daquele ano. Essa norma instituiu o \u201cAgosto\u00a0Laranja\u201d no calend\u00e1rio oficial do munic\u00edpio; o objetivo era tornar a cor laranja um s\u00edmbolo para dar visibilidade \u00e0 mielomeningocele (segunda maior causa de defici\u00eancia motora na inf\u00e2ncia) e apoiar o trabalho da <a href=\"http:\/\/www.aappmmielo.com.br\/\">Associa\u00e7\u00e3o dos Amigos, Pais e Portadores de Mielomeningocele<\/a> (AAPPM). Posteriormente, a iniciativa ultrapassou o \u00e2mbito municipal. Em dezembro de\u00a02018 a Assembleia Legislativa de Santa Catarina aprovou e o governador sancionou a Lei\u00a017.644\/2018. Essa lei incluiu no calend\u00e1rio oficial de eventos do Estado de Santa Catarina o \u201cAgosto\u00a0Laranja de Conscientiza\u00e7\u00e3o da Mielomeningocele\u201d e determinou que o m\u00eas de 1.\u00ba a 31\u00a0de agosto fosse dedicado, em todo o territ\u00f3rio estadual, \u00e0 campanha de conscientiza\u00e7\u00e3o.<\/p>\n<p class=\"p1\">A mielomeningocele \u00e9 considerada a segunda maior causa de defici\u00eancia motora infantil. Segundo dados citados pelo Minist\u00e9rio da Sa\u00fade, ela afeta aproximadamente um a cada 1.000 beb\u00eas nascidos no Brasil. Trata-se do defeito do tubo neural mais comum e pode resultar de uma combina\u00e7\u00e3o de fatores gen\u00e9ticos e ambientais, incluindo a defici\u00eancia de \u00e1cido f\u00f3lico. O diagn\u00f3stico geralmente \u00e9 feito por exames de pr\u00e9natal, e o tratamento exige cirurgia nas primeiras 48 horas de vida; h\u00e1 tamb\u00e9m procedimentos intrauterinos at\u00e9 a 25.\u00aa semana de gesta\u00e7\u00e3o. No entanto, a preven\u00e7\u00e3o, com suplementa\u00e7\u00e3o de vitaminas e planejamento da gesta\u00e7\u00e3o, \u00e9 a melhor forma de reduzir a ocorr\u00eancia.<\/p>\n<p class=\"p1\">Em Blumenau, o Agosto\u00a0Laranja tamb\u00e9m fortalece o trabalho da Associa\u00e7\u00e3o de Amigos, Pais e Portadores de Mielomeningocele (AAPPM). Fundada em 2007, a entidade presta atendimento a mais de 100 fam\u00edlias, oferecendo fisioterapia, assist\u00eancia social, refor\u00e7o escolar e assessoria jur\u00eddica.<\/p>\n<p><img loading=\"lazy\" decoding=\"async\" class=\"aligncenter size-full wp-image-22165\" src=\"https:\/\/cipe.org.br\/novo\/wp-content\/uploads\/2025\/09\/FOTOS-HORIZONTAIS-01.jpg\" alt=\"\" width=\"500\" height=\"360\" srcset=\"https:\/\/cipe.org.br\/novo\/wp-content\/uploads\/2025\/09\/FOTOS-HORIZONTAIS-01.jpg 500w, https:\/\/cipe.org.br\/novo\/wp-content\/uploads\/2025\/09\/FOTOS-HORIZONTAIS-01-300x216.jpg 300w, https:\/\/cipe.org.br\/novo\/wp-content\/uploads\/2025\/09\/FOTOS-HORIZONTAIS-01-104x75.jpg 104w, https:\/\/cipe.org.br\/novo\/wp-content\/uploads\/2025\/09\/FOTOS-HORIZONTAIS-01-480x346.jpg 480w\" sizes=\"(max-width:767px) 480px, 500px\" \/><\/p>\n<h4 class=\"p1\"><b>OBJETIVOS<\/b><\/h4>\n<p class=\"p1\"><b>Objetivo geral<\/b><\/p>\n<p class=\"p1\">Promover a conscientiza\u00e7\u00e3o sobre a mielomeningocele e lutar pela garantia de direitos das crian\u00e7as portadoras dessa malforma\u00e7\u00e3o em Blumenau e munic\u00edpios vizinhos, por meio de a\u00e7\u00f5es educativas, atendimento especializado e mobiliza\u00e7\u00e3o social.<\/p>\n<p><img loading=\"lazy\" decoding=\"async\" class=\"aligncenter size-full wp-image-22164\" src=\"https:\/\/cipe.org.br\/novo\/wp-content\/uploads\/2025\/09\/FOTOS-VERTICAIS-02.jpg\" alt=\"\" width=\"360\" height=\"500\" srcset=\"https:\/\/cipe.org.br\/novo\/wp-content\/uploads\/2025\/09\/FOTOS-VERTICAIS-02.jpg 360w, https:\/\/cipe.org.br\/novo\/wp-content\/uploads\/2025\/09\/FOTOS-VERTICAIS-02-216x300.jpg 216w, https:\/\/cipe.org.br\/novo\/wp-content\/uploads\/2025\/09\/FOTOS-VERTICAIS-02-54x75.jpg 54w\" sizes=\"(max-width:767px) 360px, 360px\" \/><\/p>\n<p class=\"p1\"><b>Objetivos espec\u00edficos<\/b><\/p>\n<ol class=\"ol1\">\n<li class=\"li1\"><b>Dar visibilidade \u00e0s necessidades de crian\u00e7as com mielomeningocele:<\/b> divulgar informa\u00e7\u00f5es sobre a condi\u00e7\u00e3o, sua incid\u00eancia e fatores de risco, destacando a import\u00e2ncia da preven\u00e7\u00e3o com \u00e1cido f\u00f3lico.<\/li>\n<li class=\"li1\"><b>Oferecer acolhimento e atendimento especializado:<\/b> organizar mutir\u00f5es de consultas em urologia pedi\u00e1trica para crian\u00e7as com mielomeningocele, com foco nos pacientes atendidos pela AAPPM.<\/li>\n<li class=\"li1\"><b>Capacitar profissionais de sa\u00fade e educa\u00e7\u00e3o:<\/b> promover cursos para equipes de aten\u00e7\u00e3o b\u00e1sica e professores sobre cuidados com cateterismo urin\u00e1rio, fisioterapia motora e inclus\u00e3o escolar de crian\u00e7as com defici\u00eancia.<\/li>\n<li class=\"li1\"><b>Ampliar o acesso a medicamentos, insumos e exames:<\/b> buscar parcerias para fornecimento de sondas, anticolin\u00e9rgicos e realiza\u00e7\u00e3o de exames de urodin\u00e2mica e uretrocistografia, hoje indispon\u00edveis em muitos munic\u00edpios.<\/li>\n<li class=\"li1\"><b>Fortalecer a rede de apoio:<\/b> apoiar a AAPPM e incentivar a cria\u00e7\u00e3o de grupos de apoio para fam\u00edlias, promovendo rodas de conversa e eventos de integra\u00e7\u00e3o comunit\u00e1ria.<\/li>\n<\/ol>\n<h4><strong>PRINCIPAIS A\u00c7\u00d5ES<\/strong><\/h4>\n<p class=\"p1\">O comit\u00ea organizador, formado por representantes da AAPPM, m\u00e9dicos da Cl\u00ednica\u00a0Unikinder, integrantes das Secretarias Municipais de Sa\u00fade e Educa\u00e7\u00e3o e acad\u00eamicos da FURB, reuniuse em mar\u00e7o\u00a0de\u00a02024 para delinear a programa\u00e7\u00e3o. Foi elaborado material educativo sobre mielomeningocele, incluindo informa\u00e7\u00f5es sobre fisiopatologia, preven\u00e7\u00e3o (suplementa\u00e7\u00e3o de \u00e1cido f\u00f3lico), diagn\u00f3stico pr\u00e9natal e cuidados p\u00f3scirurgia. O conte\u00fado foi adaptado para linguagem acess\u00edvel e distribu\u00eddo em forma de panfletos e aulas apresentadas por acad\u00eamicos de medicina na AAPPM.<\/p>\n<ul>\n<li class=\"p1\"><b>A\u00e7\u00f5es educativas e de mobiliza\u00e7\u00e3o<\/b><\/li>\n<\/ul>\n<p class=\"p1\">Durante o m\u00eas de agosto, foram realizadas <b>palestras, lives, aulas gravadas disponibilizadas em v\u00eddeos do <a href=\"https:\/\/www.youtube.com\/@novembrinhoazul-clinicauni8685\">YouTube<\/a> e rodas de conversa<\/b>.<\/p>\n<p style=\"text-align: center;\"><em>Rodas de conversa<\/em><\/p>\n<p><img loading=\"lazy\" decoding=\"async\" class=\"aligncenter size-full wp-image-22166\" src=\"https:\/\/cipe.org.br\/novo\/wp-content\/uploads\/2025\/09\/FOTOS-HORIZONTAIS-03.jpg\" alt=\"\" width=\"500\" height=\"360\" srcset=\"https:\/\/cipe.org.br\/novo\/wp-content\/uploads\/2025\/09\/FOTOS-HORIZONTAIS-03.jpg 500w, https:\/\/cipe.org.br\/novo\/wp-content\/uploads\/2025\/09\/FOTOS-HORIZONTAIS-03-300x216.jpg 300w, https:\/\/cipe.org.br\/novo\/wp-content\/uploads\/2025\/09\/FOTOS-HORIZONTAIS-03-104x75.jpg 104w, https:\/\/cipe.org.br\/novo\/wp-content\/uploads\/2025\/09\/FOTOS-HORIZONTAIS-03-480x346.jpg 480w\" sizes=\"(max-width:767px) 480px, 500px\" \/><\/p>\n<p style=\"text-align: center;\"><em><span class=\"s1\">Ligante e aluna da FURB ministrando workshop para pais e cuidadores sobre cateterismo, uso de sondas e medica\u00e7\u00f5es.\u00a0<\/span><\/em><\/p>\n<p><img loading=\"lazy\" decoding=\"async\" class=\"aligncenter size-full wp-image-22167\" src=\"https:\/\/cipe.org.br\/novo\/wp-content\/uploads\/2025\/09\/FOTOS-HORIZONTAIS-09.jpg\" alt=\"\" width=\"500\" height=\"360\" srcset=\"https:\/\/cipe.org.br\/novo\/wp-content\/uploads\/2025\/09\/FOTOS-HORIZONTAIS-09.jpg 500w, https:\/\/cipe.org.br\/novo\/wp-content\/uploads\/2025\/09\/FOTOS-HORIZONTAIS-09-300x216.jpg 300w, https:\/\/cipe.org.br\/novo\/wp-content\/uploads\/2025\/09\/FOTOS-HORIZONTAIS-09-104x75.jpg 104w, https:\/\/cipe.org.br\/novo\/wp-content\/uploads\/2025\/09\/FOTOS-HORIZONTAIS-09-480x346.jpg 480w\" sizes=\"(max-width:767px) 480px, 500px\" \/><img loading=\"lazy\" decoding=\"async\" class=\"aligncenter size-full wp-image-22168\" src=\"https:\/\/cipe.org.br\/novo\/wp-content\/uploads\/2025\/09\/FOTOS-HORIZONTAIS-12.jpg\" alt=\"\" width=\"500\" height=\"360\" srcset=\"https:\/\/cipe.org.br\/novo\/wp-content\/uploads\/2025\/09\/FOTOS-HORIZONTAIS-12.jpg 500w, https:\/\/cipe.org.br\/novo\/wp-content\/uploads\/2025\/09\/FOTOS-HORIZONTAIS-12-300x216.jpg 300w, https:\/\/cipe.org.br\/novo\/wp-content\/uploads\/2025\/09\/FOTOS-HORIZONTAIS-12-104x75.jpg 104w, https:\/\/cipe.org.br\/novo\/wp-content\/uploads\/2025\/09\/FOTOS-HORIZONTAIS-12-480x346.jpg 480w\" sizes=\"(max-width:767px) 480px, 500px\" \/><\/p>\n<p class=\"p1\" style=\"text-align: center;\"><em><span class=\"s1\">V\u00eddeos educativos.<\/span><\/em><\/p>\n<p><iframe loading=\"lazy\" title=\"Bexiga Neurog\u00eanica, Abordagem do Per\u00edodo Neonatal at\u00e9 1\u00ba ano - Dra. Cristina Reuter\" width=\"1220\" height=\"686\" src=\"https:\/\/www.youtube.com\/embed\/JvKESX1EI98?feature=oembed\" frameborder=\"0\" allow=\"accelerometer; autoplay; clipboard-write; encrypted-media; gyroscope; picture-in-picture; web-share\" referrerpolicy=\"strict-origin-when-cross-origin\" allowfullscreen><\/iframe><\/p>\n<p><iframe loading=\"lazy\" title=\"Mielomeningocele: Abordagem da Crian\u00e7a e Adolescente - Dra. Karine Furtado Meyer\" width=\"1220\" height=\"686\" src=\"https:\/\/www.youtube.com\/embed\/3vyMac-9xQg?feature=oembed\" frameborder=\"0\" allow=\"accelerometer; autoplay; clipboard-write; encrypted-media; gyroscope; picture-in-picture; web-share\" referrerpolicy=\"strict-origin-when-cross-origin\" allowfullscreen><\/iframe><\/p>\n<p><iframe loading=\"lazy\" title=\"Disfun\u00e7\u00f5es Vesicais Neurog\u00eanicas - Dr  Luiz Gonzaga de Freitas Filho\" width=\"1220\" height=\"686\" src=\"https:\/\/www.youtube.com\/embed\/vK9htTlBInE?feature=oembed\" frameborder=\"0\" allow=\"accelerometer; autoplay; clipboard-write; encrypted-media; gyroscope; picture-in-picture; web-share\" referrerpolicy=\"strict-origin-when-cross-origin\" allowfullscreen><\/iframe><\/p>\n<ul>\n<li class=\"p1\"><b>Mutir\u00e3o de consultas e atendimento especializado<\/b><\/li>\n<\/ul>\n<p class=\"p1\">Como a\u00e7\u00e3o central, foi organizado um <b>mutir\u00e3o de consultas<\/b> em urologia pedi\u00e1trica na Policl\u00ednica\u00a0Lindolf\u00a0Bell. Foram disponibilizadas 20\u00a0vagas extras, al\u00e9m das vagas regulares, para atender crian\u00e7as com mielomeningocele. Cada consulta compreendeu avalia\u00e7\u00e3o cl\u00ednica, exame f\u00edsico, ecografia renal e vesical, orienta\u00e7\u00e3o sobre cateterismo urin\u00e1rio e encaminhamento para fisioterapia motora e urol\u00f3gica. Pacientes com necessidade de neurocirurgia ou ortopedia foram referenciados para hospitais de refer\u00eancia. Al\u00e9m das consultas, foram realizados <b>workshops para pais e cuidadores<\/b>, explicando a import\u00e2ncia do cateterismo urin\u00e1rio intermitente, o uso adequado de sondas, a administra\u00e7\u00e3o de anticolin\u00e9rgicos e a identifica\u00e7\u00e3o de complica\u00e7\u00f5es.<\/p>\n<p><img loading=\"lazy\" decoding=\"async\" class=\"aligncenter size-full wp-image-22171\" src=\"https:\/\/cipe.org.br\/novo\/wp-content\/uploads\/2025\/09\/FOTOS-HORIZONTAIS-02.jpg\" alt=\"\" width=\"500\" height=\"360\" srcset=\"https:\/\/cipe.org.br\/novo\/wp-content\/uploads\/2025\/09\/FOTOS-HORIZONTAIS-02.jpg 500w, https:\/\/cipe.org.br\/novo\/wp-content\/uploads\/2025\/09\/FOTOS-HORIZONTAIS-02-300x216.jpg 300w, https:\/\/cipe.org.br\/novo\/wp-content\/uploads\/2025\/09\/FOTOS-HORIZONTAIS-02-104x75.jpg 104w, https:\/\/cipe.org.br\/novo\/wp-content\/uploads\/2025\/09\/FOTOS-HORIZONTAIS-02-480x346.jpg 480w\" sizes=\"(max-width:767px) 480px, 500px\" \/><\/p>\n<p><img loading=\"lazy\" decoding=\"async\" class=\"aligncenter size-full wp-image-22172\" src=\"https:\/\/cipe.org.br\/novo\/wp-content\/uploads\/2025\/09\/FOTOS-HORIZONTAIS-07.jpg\" alt=\"\" width=\"500\" height=\"360\" srcset=\"https:\/\/cipe.org.br\/novo\/wp-content\/uploads\/2025\/09\/FOTOS-HORIZONTAIS-07.jpg 500w, https:\/\/cipe.org.br\/novo\/wp-content\/uploads\/2025\/09\/FOTOS-HORIZONTAIS-07-300x216.jpg 300w, https:\/\/cipe.org.br\/novo\/wp-content\/uploads\/2025\/09\/FOTOS-HORIZONTAIS-07-104x75.jpg 104w, https:\/\/cipe.org.br\/novo\/wp-content\/uploads\/2025\/09\/FOTOS-HORIZONTAIS-07-480x346.jpg 480w\" sizes=\"(max-width:767px) 480px, 500px\" \/><\/p>\n<p><img loading=\"lazy\" decoding=\"async\" class=\"aligncenter size-large wp-image-22173\" src=\"https:\/\/cipe.org.br\/novo\/wp-content\/uploads\/2025\/09\/FOTOS-HORIZONTAIS-08.jpg\" alt=\"\" width=\"500\" height=\"360\" srcset=\"https:\/\/cipe.org.br\/novo\/wp-content\/uploads\/2025\/09\/FOTOS-HORIZONTAIS-08.jpg 500w, https:\/\/cipe.org.br\/novo\/wp-content\/uploads\/2025\/09\/FOTOS-HORIZONTAIS-08-300x216.jpg 300w, https:\/\/cipe.org.br\/novo\/wp-content\/uploads\/2025\/09\/FOTOS-HORIZONTAIS-08-104x75.jpg 104w, https:\/\/cipe.org.br\/novo\/wp-content\/uploads\/2025\/09\/FOTOS-HORIZONTAIS-08-480x346.jpg 480w\" sizes=\"(max-width:767px) 480px, 500px\" \/><\/p>\n<p>&nbsp;<\/p>\n<ul>\n<li class=\"p1\"><b>Envolvimento de estudantes<\/b><\/li>\n<\/ul>\n<p class=\"p1\">Cerca de 40 acad\u00eamicos da FURB foram mobilizados como volunt\u00e1rios. A participa\u00e7\u00e3o dos alunos permitiu uma viv\u00eancia pr\u00e1tica em sa\u00fade p\u00fablica e refor\u00e7ar\u00e1 a forma\u00e7\u00e3o cidad\u00e3.<\/p>\n<p><img loading=\"lazy\" decoding=\"async\" class=\"aligncenter size-full wp-image-22174\" src=\"https:\/\/cipe.org.br\/novo\/wp-content\/uploads\/2025\/09\/FOTOS-HORIZONTAIS-10.jpg\" alt=\"\" width=\"500\" height=\"360\" srcset=\"https:\/\/cipe.org.br\/novo\/wp-content\/uploads\/2025\/09\/FOTOS-HORIZONTAIS-10.jpg 500w, https:\/\/cipe.org.br\/novo\/wp-content\/uploads\/2025\/09\/FOTOS-HORIZONTAIS-10-300x216.jpg 300w, https:\/\/cipe.org.br\/novo\/wp-content\/uploads\/2025\/09\/FOTOS-HORIZONTAIS-10-104x75.jpg 104w, https:\/\/cipe.org.br\/novo\/wp-content\/uploads\/2025\/09\/FOTOS-HORIZONTAIS-10-480x346.jpg 480w\" sizes=\"(max-width:767px) 480px, 500px\" \/> <img loading=\"lazy\" decoding=\"async\" class=\"aligncenter size-large wp-image-22176\" src=\"https:\/\/cipe.org.br\/novo\/wp-content\/uploads\/2025\/09\/FOTOS-HORIZONTAIS-11.png\" alt=\"\" width=\"500\" height=\"360\" srcset=\"https:\/\/cipe.org.br\/novo\/wp-content\/uploads\/2025\/09\/FOTOS-HORIZONTAIS-11.png 500w, https:\/\/cipe.org.br\/novo\/wp-content\/uploads\/2025\/09\/FOTOS-HORIZONTAIS-11-300x216.png 300w, https:\/\/cipe.org.br\/novo\/wp-content\/uploads\/2025\/09\/FOTOS-HORIZONTAIS-11-104x75.png 104w, https:\/\/cipe.org.br\/novo\/wp-content\/uploads\/2025\/09\/FOTOS-HORIZONTAIS-11-480x346.png 480w\" sizes=\"(max-width:767px) 480px, 500px\" \/><\/p>\n<p><img loading=\"lazy\" decoding=\"async\" class=\"aligncenter size-large wp-image-22178\" src=\"https:\/\/cipe.org.br\/novo\/wp-content\/uploads\/2025\/09\/FOTOS-HORIZONTAIS-10-1-1200x418.jpg\" alt=\"\" width=\"1200\" height=\"418\" srcset=\"https:\/\/cipe.org.br\/novo\/wp-content\/uploads\/2025\/09\/FOTOS-HORIZONTAIS-10-1-1200x418.jpg 1200w, https:\/\/cipe.org.br\/novo\/wp-content\/uploads\/2025\/09\/FOTOS-HORIZONTAIS-10-1-500x174.jpg 500w, https:\/\/cipe.org.br\/novo\/wp-content\/uploads\/2025\/09\/FOTOS-HORIZONTAIS-10-1-300x104.jpg 300w, https:\/\/cipe.org.br\/novo\/wp-content\/uploads\/2025\/09\/FOTOS-HORIZONTAIS-10-1-768x267.jpg 768w, https:\/\/cipe.org.br\/novo\/wp-content\/uploads\/2025\/09\/FOTOS-HORIZONTAIS-10-1-1536x535.jpg 1536w, https:\/\/cipe.org.br\/novo\/wp-content\/uploads\/2025\/09\/FOTOS-HORIZONTAIS-10-1-150x52.jpg 150w, https:\/\/cipe.org.br\/novo\/wp-content\/uploads\/2025\/09\/FOTOS-HORIZONTAIS-10-1-480x167.jpg 480w, https:\/\/cipe.org.br\/novo\/wp-content\/uploads\/2025\/09\/FOTOS-HORIZONTAIS-10-1-1320x460.jpg 1320w, https:\/\/cipe.org.br\/novo\/wp-content\/uploads\/2025\/09\/FOTOS-HORIZONTAIS-10-1.jpg 1804w\" sizes=\"(max-width:767px) 480px, (max-width:1200px) 100vw, 1200px\" \/><\/p>\n<p>&nbsp;<\/p>\n<ul>\n<li class=\"p1\"><b>Ped\u00e1gio da AAPPM<\/b>: os alunos da FURB e m\u00e9dicos participaram de um ped\u00e1gio para arrecada\u00e7\u00e3o de fundos para a associa\u00e7\u00e3o.<\/li>\n<\/ul>\n<p><img loading=\"lazy\" decoding=\"async\" class=\"aligncenter size-medium wp-image-22179\" src=\"https:\/\/cipe.org.br\/novo\/wp-content\/uploads\/2025\/09\/PEDAGIO-500x500.jpg\" alt=\"\" width=\"500\" height=\"500\" srcset=\"https:\/\/cipe.org.br\/novo\/wp-content\/uploads\/2025\/09\/PEDAGIO-500x500.jpg 500w, https:\/\/cipe.org.br\/novo\/wp-content\/uploads\/2025\/09\/PEDAGIO-300x300.jpg 300w, https:\/\/cipe.org.br\/novo\/wp-content\/uploads\/2025\/09\/PEDAGIO-768x767.jpg 768w, https:\/\/cipe.org.br\/novo\/wp-content\/uploads\/2025\/09\/PEDAGIO-150x150.jpg 150w, https:\/\/cipe.org.br\/novo\/wp-content\/uploads\/2025\/09\/PEDAGIO-75x75.jpg 75w, https:\/\/cipe.org.br\/novo\/wp-content\/uploads\/2025\/09\/PEDAGIO-480x480.jpg 480w, https:\/\/cipe.org.br\/novo\/wp-content\/uploads\/2025\/09\/PEDAGIO.jpg 1017w\" sizes=\"(max-width:767px) 480px, 500px\" \/><\/p>\n<p><img loading=\"lazy\" decoding=\"async\" class=\"aligncenter size-full wp-image-22180\" src=\"https:\/\/cipe.org.br\/novo\/wp-content\/uploads\/2025\/09\/FOTOS-VERTICAIS-03.jpg\" alt=\"\" width=\"360\" height=\"500\" srcset=\"https:\/\/cipe.org.br\/novo\/wp-content\/uploads\/2025\/09\/FOTOS-VERTICAIS-03.jpg 360w, https:\/\/cipe.org.br\/novo\/wp-content\/uploads\/2025\/09\/FOTOS-VERTICAIS-03-216x300.jpg 216w, https:\/\/cipe.org.br\/novo\/wp-content\/uploads\/2025\/09\/FOTOS-VERTICAIS-03-54x75.jpg 54w\" sizes=\"(max-width:767px) 360px, 360px\" \/><\/p>\n<ul>\n<li><b>Parcerias e recursos:<br \/>\n<\/b><b>Institui\u00e7\u00f5es parceiras:<\/b> AAPPM; Funda\u00e7\u00e3o Universidade Regional de Blumenau (FURB); Secretaria Municipal de Sa\u00fade; Secretaria Municipal de Educa\u00e7\u00e3o; Policl\u00ednica Lindolf Bell; hospitais de refer\u00eancia; cl\u00ednicas de fisioterapia.<br \/>\n<b>Recursos humanos:<\/b> m\u00e9dicos volunt\u00e1rios e<span class=\"Apple-converted-space\">\u00a0 <\/span>40 estudantes da FURB.<br \/>\n<b>Recursos materiais:<\/b> salas e audit\u00f3rios para palestras; consult\u00f3rios equipados na Policl\u00ednica; material audiovisual; panfletos.<br \/>\n<b>Divulga\u00e7\u00e3o:<\/b> redes sociais, r\u00e1dio local, imprensa, sites institucionais e influenciadores locais.<\/li>\n<\/ul>\n<h4 class=\"p1\"><b>RESULTADOS ALCAN\u00c7ADOS<\/b><\/h4>\n<p class=\"p1\"><b>Dados quantitativos<\/b><\/p>\n<ul class=\"ul1\">\n<li class=\"li1\"><b>Alcance educacional:<\/b> as aulas no Youtube alcan\u00e7aram 1384 visualiza\u00e7\u00f5es.<\/li>\n<li class=\"li1\"><b>Participa\u00e7\u00e3o acad\u00eamica:<\/b> Envolveu <b>40 estudantes<\/b> da FURB como volunt\u00e1rios nas a\u00e7\u00f5es educativas e nos mutir\u00f5es.<\/li>\n<li class=\"li1\"><b>Consultas especializadas:<\/b> Atendimento <b>de 40 crian\u00e7as<\/b> com mielomeningocele no mutir\u00e3o de urologia pedi\u00e1trica, com garantia de continuidade do acompanhamento.<\/li>\n<li class=\"li1\"><b>Capacita\u00e7\u00e3o de profissionais:<\/b> formar alunos da FURB engajados no cuidado integral a estas crian\u00e7as.<\/li>\n<\/ul>\n<p class=\"p1\"><b>Indicadores qualitativos<\/b><\/p>\n<ul class=\"ul1\">\n<li class=\"li1\"><b>Conscientiza\u00e7\u00e3o comunit\u00e1ria:<\/b> Aumentamos o conhecimento da popula\u00e7\u00e3o sobre mielomeningocele, sua preven\u00e7\u00e3o e tratamento, enfatizando a import\u00e2ncia da suplementa\u00e7\u00e3o de \u00e1cido f\u00f3lico na gesta\u00e7\u00e3o.<\/li>\n<li class=\"li1\"><b>Empoderamento familiar:<\/b> Proporcionamos apoio emocional e t\u00e9cnico a pais e cuidadores, reduzindo a sensa\u00e7\u00e3o de isolamento e fortalecendo a rede de suporte.<\/li>\n<li class=\"li1\"><b>Integra\u00e7\u00e3o ensino\u2013servi\u00e7o:<\/b> Aprimoramos a forma\u00e7\u00e3o dos estudantes de medicina mediante participa\u00e7\u00e3o em a\u00e7\u00f5es de extens\u00e3o voltadas para doen\u00e7as cong\u00eanitas complexas.<\/li>\n<li class=\"li1\"><b>Sensibilizar gestores p\u00fablicos:<\/b> quanto \u00e0 necessidade de ampliar o acesso a exames e medicamentos e de contrata\u00e7\u00e3o de profissionais de apoio nas escolas, fortalecendo pol\u00edticas p\u00fablicas voltadas a pessoas com defici\u00eancia.<\/li>\n<\/ul>\n<p class=\"p1\"><b>Impacto social<\/b><\/p>\n<p class=\"p1\">Ao dedicar um m\u00eas inteiro \u00e0 conscientiza\u00e7\u00e3o sobre mielomeningocele, o Agosto\u00a0Laranja\u00a02024 transformou a forma como a sociedade v\u00ea essa malforma\u00e7\u00e3o e as pessoas que vivem com ela. A campanha deu voz \u00e0s fam\u00edlias, estimulou a preven\u00e7\u00e3o por meio da suplementa\u00e7\u00e3o de \u00e1cido f\u00f3lico e refor\u00e7ou a import\u00e2ncia do diagn\u00f3stico e tratamento precoces. O mutir\u00e3o de consultas permitiu que crian\u00e7as recebessem acompanhamento especializado, enquanto a capacita\u00e7\u00e3o de profissionais ampliou a capacidade de resposta da rede p\u00fablica. Por meio da parceria com a AAPPM, o projeto fortaleceu uma institui\u00e7\u00e3o que j\u00e1 presta servi\u00e7os essenciais a mais de 100\u00a0fam\u00edlias. Em \u00faltima an\u00e1lise, o Agosto\u00a0Laranja buscou garantir que cada crian\u00e7a com mielomeningocele tenha seus direitos respeitados e condi\u00e7\u00f5es de alcan\u00e7ar qualidade de vida.<\/p>\n<h4 class=\"p1\"><b>CONCLUS\u00c3O<\/b><\/h4>\n<p class=\"p1\">O projeto \u201cAgosto Laranja 2024 \u2013 Conscientiza\u00e7\u00e3o e luta pelos direitos das crian\u00e7as com mielomeningocele\u201d demonstra como a integra\u00e7\u00e3o entre universidade, poder p\u00fablico, entidades da sociedade civil e fam\u00edlias pode gerar avan\u00e7os significativos na assist\u00eancia a crian\u00e7as com defici\u00eancia. Ao unir <b>a\u00e7\u00f5es educativas<\/b>, <b>mutir\u00f5es de atendimento especializado<\/b>, <b>capacita\u00e7\u00e3o profissional<\/b> e <b>mobiliza\u00e7\u00e3o comunit\u00e1ria<\/b>, a iniciativa visou n\u00e3o apenas cuidar, mas tamb\u00e9m prevenir e garantir direitos. A continuidade da campanha depende do apoio institucional, do engajamento volunt\u00e1rio e do comprometimento das autoridades com pol\u00edticas p\u00fablicas inclusivas. Com o Agosto\u00a0Laranja, Blumenau reafirma seu pioneirismo na defesa das crian\u00e7as com mielomeningocele e inspira outras cidades a adotarem a\u00e7\u00f5es semelhantes.<\/p>\n<h4><strong>D\u00daVIDAS E APOIO<\/strong><\/h4>\n<p>Quer ajuda ou est\u00e1 com alguma d\u00favida em rela\u00e7\u00e3o \u00e0 campanha, basta enviar um e-mail para\u00a0<a href=\"mailto:acaosocial@cipe.org.br\">acaosocial@cipe.org.br<\/a>\u00a0que lhe daremos suporte.<\/p>\n<p>&nbsp;<\/p>\n<p>&nbsp;<\/p>\n","protected":false},"excerpt":{"rendered":"<p>INTRODU\u00c7\u00c3O O \u201cAgosto\u00a0Laranja\u201d \u00e9 um movimento criado em Blumenau por lei municipal sancionada em 2017, com o objetivo de dar visibilidade \u00e0 mielomeningocele, uma malforma\u00e7\u00e3o cong\u00eanita<span class=\"excerpt-hellip\"> [\u2026]<\/span><\/p>\n","protected":false},"author":1,"featured_media":0,"parent":0,"menu_order":0,"comment_status":"closed","ping_status":"closed","template":"","meta":{"footnotes":""},"_links":{"self":[{"href":"https:\/\/cipe.org.br\/novo\/wp-json\/wp\/v2\/pages\/22162"}],"collection":[{"href":"https:\/\/cipe.org.br\/novo\/wp-json\/wp\/v2\/pages"}],"about":[{"href":"https:\/\/cipe.org.br\/novo\/wp-json\/wp\/v2\/types\/page"}],"author":[{"embeddable":true,"href":"https:\/\/cipe.org.br\/novo\/wp-json\/wp\/v2\/users\/1"}],"replies":[{"embeddable":true,"href":"https:\/\/cipe.org.br\/novo\/wp-json\/wp\/v2\/comments?post=22162"}],"version-history":[{"count":3,"href":"https:\/\/cipe.org.br\/novo\/wp-json\/wp\/v2\/pages\/22162\/revisions"}],"predecessor-version":[{"id":22184,"href":"https:\/\/cipe.org.br\/novo\/wp-json\/wp\/v2\/pages\/22162\/revisions\/22184"}],"wp:attachment":[{"href":"https:\/\/cipe.org.br\/novo\/wp-json\/wp\/v2\/media?parent=22162"}],"curies":[{"name":"wp","href":"https:\/\/api.w.org\/{rel}","templated":true}]}}