{"id":21324,"date":"2024-09-18T08:20:26","date_gmt":"2024-09-18T11:20:26","guid":{"rendered":"https:\/\/cipe.org.br\/novo\/?page_id=21324"},"modified":"2025-11-03T11:51:21","modified_gmt":"2025-11-03T14:51:21","slug":"outubrinho-rosa","status":"publish","type":"page","link":"https:\/\/cipe.org.br\/novo\/outubrinho-rosa\/","title":{"rendered":"Campanha Outubrinho Rosa"},"content":{"rendered":"<p><img loading=\"lazy\" decoding=\"async\" class=\"aligncenter size-medium wp-image-22237\" src=\"https:\/\/cipe.org.br\/novo\/wp-content\/uploads\/2025\/10\/SET-2025-POST-OUTUBRINHO-ROSA-01-375x500.jpg\" alt=\"\" width=\"375\" height=\"500\" srcset=\"https:\/\/cipe.org.br\/novo\/wp-content\/uploads\/2025\/10\/SET-2025-POST-OUTUBRINHO-ROSA-01-375x500.jpg 375w, https:\/\/cipe.org.br\/novo\/wp-content\/uploads\/2025\/10\/SET-2025-POST-OUTUBRINHO-ROSA-01-900x1200.jpg 900w, https:\/\/cipe.org.br\/novo\/wp-content\/uploads\/2025\/10\/SET-2025-POST-OUTUBRINHO-ROSA-01-225x300.jpg 225w, https:\/\/cipe.org.br\/novo\/wp-content\/uploads\/2025\/10\/SET-2025-POST-OUTUBRINHO-ROSA-01-768x1024.jpg 768w, https:\/\/cipe.org.br\/novo\/wp-content\/uploads\/2025\/10\/SET-2025-POST-OUTUBRINHO-ROSA-01-56x75.jpg 56w, https:\/\/cipe.org.br\/novo\/wp-content\/uploads\/2025\/10\/SET-2025-POST-OUTUBRINHO-ROSA-01-480x640.jpg 480w, https:\/\/cipe.org.br\/novo\/wp-content\/uploads\/2025\/10\/SET-2025-POST-OUTUBRINHO-ROSA-01.jpg 1080w\" sizes=\"(max-width:767px) 375px, 375px\" \/><img loading=\"lazy\" decoding=\"async\" class=\"aligncenter size-medium wp-image-22238\" src=\"https:\/\/cipe.org.br\/novo\/wp-content\/uploads\/2025\/10\/SET-2025-POST-OUTUBRINHO-ROSA-02-375x500.jpg\" alt=\"\" width=\"375\" height=\"500\" srcset=\"https:\/\/cipe.org.br\/novo\/wp-content\/uploads\/2025\/10\/SET-2025-POST-OUTUBRINHO-ROSA-02-375x500.jpg 375w, https:\/\/cipe.org.br\/novo\/wp-content\/uploads\/2025\/10\/SET-2025-POST-OUTUBRINHO-ROSA-02-900x1200.jpg 900w, https:\/\/cipe.org.br\/novo\/wp-content\/uploads\/2025\/10\/SET-2025-POST-OUTUBRINHO-ROSA-02-225x300.jpg 225w, https:\/\/cipe.org.br\/novo\/wp-content\/uploads\/2025\/10\/SET-2025-POST-OUTUBRINHO-ROSA-02-768x1024.jpg 768w, https:\/\/cipe.org.br\/novo\/wp-content\/uploads\/2025\/10\/SET-2025-POST-OUTUBRINHO-ROSA-02-56x75.jpg 56w, https:\/\/cipe.org.br\/novo\/wp-content\/uploads\/2025\/10\/SET-2025-POST-OUTUBRINHO-ROSA-02-480x640.jpg 480w, https:\/\/cipe.org.br\/novo\/wp-content\/uploads\/2025\/10\/SET-2025-POST-OUTUBRINHO-ROSA-02.jpg 1080w\" sizes=\"(max-width:767px) 375px, 375px\" \/> <img loading=\"lazy\" decoding=\"async\" class=\"aligncenter size-medium wp-image-22239\" src=\"https:\/\/cipe.org.br\/novo\/wp-content\/uploads\/2025\/10\/SET-2025-POST-OUTUBRINHO-ROSA-03-375x500.jpg\" alt=\"\" width=\"375\" height=\"500\" srcset=\"https:\/\/cipe.org.br\/novo\/wp-content\/uploads\/2025\/10\/SET-2025-POST-OUTUBRINHO-ROSA-03-375x500.jpg 375w, https:\/\/cipe.org.br\/novo\/wp-content\/uploads\/2025\/10\/SET-2025-POST-OUTUBRINHO-ROSA-03-900x1200.jpg 900w, https:\/\/cipe.org.br\/novo\/wp-content\/uploads\/2025\/10\/SET-2025-POST-OUTUBRINHO-ROSA-03-225x300.jpg 225w, https:\/\/cipe.org.br\/novo\/wp-content\/uploads\/2025\/10\/SET-2025-POST-OUTUBRINHO-ROSA-03-768x1024.jpg 768w, https:\/\/cipe.org.br\/novo\/wp-content\/uploads\/2025\/10\/SET-2025-POST-OUTUBRINHO-ROSA-03-56x75.jpg 56w, https:\/\/cipe.org.br\/novo\/wp-content\/uploads\/2025\/10\/SET-2025-POST-OUTUBRINHO-ROSA-03-480x640.jpg 480w, https:\/\/cipe.org.br\/novo\/wp-content\/uploads\/2025\/10\/SET-2025-POST-OUTUBRINHO-ROSA-03.jpg 1080w\" sizes=\"(max-width:767px) 375px, 375px\" \/> <img loading=\"lazy\" decoding=\"async\" class=\"aligncenter size-medium wp-image-22240\" src=\"https:\/\/cipe.org.br\/novo\/wp-content\/uploads\/2025\/10\/SET-2025-POST-OUTUBRINHO-ROSA-04-375x500.jpg\" alt=\"\" width=\"375\" height=\"500\" srcset=\"https:\/\/cipe.org.br\/novo\/wp-content\/uploads\/2025\/10\/SET-2025-POST-OUTUBRINHO-ROSA-04-375x500.jpg 375w, https:\/\/cipe.org.br\/novo\/wp-content\/uploads\/2025\/10\/SET-2025-POST-OUTUBRINHO-ROSA-04-900x1200.jpg 900w, https:\/\/cipe.org.br\/novo\/wp-content\/uploads\/2025\/10\/SET-2025-POST-OUTUBRINHO-ROSA-04-225x300.jpg 225w, https:\/\/cipe.org.br\/novo\/wp-content\/uploads\/2025\/10\/SET-2025-POST-OUTUBRINHO-ROSA-04-768x1024.jpg 768w, https:\/\/cipe.org.br\/novo\/wp-content\/uploads\/2025\/10\/SET-2025-POST-OUTUBRINHO-ROSA-04-56x75.jpg 56w, https:\/\/cipe.org.br\/novo\/wp-content\/uploads\/2025\/10\/SET-2025-POST-OUTUBRINHO-ROSA-04-480x640.jpg 480w, https:\/\/cipe.org.br\/novo\/wp-content\/uploads\/2025\/10\/SET-2025-POST-OUTUBRINHO-ROSA-04.jpg 1080w\" sizes=\"(max-width:767px) 375px, 375px\" \/><img loading=\"lazy\" decoding=\"async\" class=\"aligncenter size-medium wp-image-22241\" src=\"https:\/\/cipe.org.br\/novo\/wp-content\/uploads\/2025\/10\/OUTUBRINHO-ROSA-CARD-FINAL-375x500.jpg\" alt=\"\" width=\"375\" height=\"500\" srcset=\"https:\/\/cipe.org.br\/novo\/wp-content\/uploads\/2025\/10\/OUTUBRINHO-ROSA-CARD-FINAL-375x500.jpg 375w, https:\/\/cipe.org.br\/novo\/wp-content\/uploads\/2025\/10\/OUTUBRINHO-ROSA-CARD-FINAL-900x1200.jpg 900w, https:\/\/cipe.org.br\/novo\/wp-content\/uploads\/2025\/10\/OUTUBRINHO-ROSA-CARD-FINAL-225x300.jpg 225w, https:\/\/cipe.org.br\/novo\/wp-content\/uploads\/2025\/10\/OUTUBRINHO-ROSA-CARD-FINAL-768x1024.jpg 768w, https:\/\/cipe.org.br\/novo\/wp-content\/uploads\/2025\/10\/OUTUBRINHO-ROSA-CARD-FINAL-1152x1536.jpg 1152w, https:\/\/cipe.org.br\/novo\/wp-content\/uploads\/2025\/10\/OUTUBRINHO-ROSA-CARD-FINAL-1536x2048.jpg 1536w, https:\/\/cipe.org.br\/novo\/wp-content\/uploads\/2025\/10\/OUTUBRINHO-ROSA-CARD-FINAL-56x75.jpg 56w, https:\/\/cipe.org.br\/novo\/wp-content\/uploads\/2025\/10\/OUTUBRINHO-ROSA-CARD-FINAL-480x640.jpg 480w, https:\/\/cipe.org.br\/novo\/wp-content\/uploads\/2025\/10\/OUTUBRINHO-ROSA-CARD-FINAL-1320x1760.jpg 1320w, https:\/\/cipe.org.br\/novo\/wp-content\/uploads\/2025\/10\/OUTUBRINHO-ROSA-CARD-FINAL-scaled.jpg 1920w\" sizes=\"(max-width:767px) 375px, 375px\" \/><\/p>\n<p><img loading=\"lazy\" decoding=\"async\" class=\"size-medium wp-image-22247 aligncenter\" src=\"https:\/\/cipe.org.br\/novo\/wp-content\/uploads\/2025\/10\/059-003-OUTUBRINHO-ROSA-CAMISETA-MOD-01-SIMULACAO-MOD-01-395x500.jpg\" alt=\"\" width=\"395\" height=\"500\" srcset=\"https:\/\/cipe.org.br\/novo\/wp-content\/uploads\/2025\/10\/059-003-OUTUBRINHO-ROSA-CAMISETA-MOD-01-SIMULACAO-MOD-01-395x500.jpg 395w, https:\/\/cipe.org.br\/novo\/wp-content\/uploads\/2025\/10\/059-003-OUTUBRINHO-ROSA-CAMISETA-MOD-01-SIMULACAO-MOD-01-949x1200.jpg 949w, https:\/\/cipe.org.br\/novo\/wp-content\/uploads\/2025\/10\/059-003-OUTUBRINHO-ROSA-CAMISETA-MOD-01-SIMULACAO-MOD-01-237x300.jpg 237w, https:\/\/cipe.org.br\/novo\/wp-content\/uploads\/2025\/10\/059-003-OUTUBRINHO-ROSA-CAMISETA-MOD-01-SIMULACAO-MOD-01-768x971.jpg 768w, https:\/\/cipe.org.br\/novo\/wp-content\/uploads\/2025\/10\/059-003-OUTUBRINHO-ROSA-CAMISETA-MOD-01-SIMULACAO-MOD-01-1215x1536.jpg 1215w, https:\/\/cipe.org.br\/novo\/wp-content\/uploads\/2025\/10\/059-003-OUTUBRINHO-ROSA-CAMISETA-MOD-01-SIMULACAO-MOD-01-1620x2048.jpg 1620w, https:\/\/cipe.org.br\/novo\/wp-content\/uploads\/2025\/10\/059-003-OUTUBRINHO-ROSA-CAMISETA-MOD-01-SIMULACAO-MOD-01-59x75.jpg 59w, https:\/\/cipe.org.br\/novo\/wp-content\/uploads\/2025\/10\/059-003-OUTUBRINHO-ROSA-CAMISETA-MOD-01-SIMULACAO-MOD-01-480x607.jpg 480w, https:\/\/cipe.org.br\/novo\/wp-content\/uploads\/2025\/10\/059-003-OUTUBRINHO-ROSA-CAMISETA-MOD-01-SIMULACAO-MOD-01-1320x1669.jpg 1320w, https:\/\/cipe.org.br\/novo\/wp-content\/uploads\/2025\/10\/059-003-OUTUBRINHO-ROSA-CAMISETA-MOD-01-SIMULACAO-MOD-01-scaled.jpg 2025w\" sizes=\"(max-width:767px) 395px, 395px\" \/><\/p>\n<p style=\"text-align: center;\"><a href=\"https:\/\/cipe.org.br\/novo\/wp-content\/uploads\/2025\/10\/059-003-OUTUBRINHO-ROSA-CAMISETA-MOD-01-AF.pdf\"><strong>Arte para camiseta modelo 01 \u2013 download<\/strong><\/a><\/p>\n<p><img loading=\"lazy\" decoding=\"async\" class=\"size-medium wp-image-22248 aligncenter\" src=\"https:\/\/cipe.org.br\/novo\/wp-content\/uploads\/2025\/10\/059-003-OUTUBRINHO-ROSA-CAMISETA-MOD-01-SIMULACAO-MOD-02-395x500.jpg\" alt=\"\" width=\"395\" height=\"500\" srcset=\"https:\/\/cipe.org.br\/novo\/wp-content\/uploads\/2025\/10\/059-003-OUTUBRINHO-ROSA-CAMISETA-MOD-01-SIMULACAO-MOD-02-395x500.jpg 395w, https:\/\/cipe.org.br\/novo\/wp-content\/uploads\/2025\/10\/059-003-OUTUBRINHO-ROSA-CAMISETA-MOD-01-SIMULACAO-MOD-02-949x1200.jpg 949w, https:\/\/cipe.org.br\/novo\/wp-content\/uploads\/2025\/10\/059-003-OUTUBRINHO-ROSA-CAMISETA-MOD-01-SIMULACAO-MOD-02-237x300.jpg 237w, https:\/\/cipe.org.br\/novo\/wp-content\/uploads\/2025\/10\/059-003-OUTUBRINHO-ROSA-CAMISETA-MOD-01-SIMULACAO-MOD-02-768x971.jpg 768w, https:\/\/cipe.org.br\/novo\/wp-content\/uploads\/2025\/10\/059-003-OUTUBRINHO-ROSA-CAMISETA-MOD-01-SIMULACAO-MOD-02-1215x1536.jpg 1215w, https:\/\/cipe.org.br\/novo\/wp-content\/uploads\/2025\/10\/059-003-OUTUBRINHO-ROSA-CAMISETA-MOD-01-SIMULACAO-MOD-02-1620x2048.jpg 1620w, https:\/\/cipe.org.br\/novo\/wp-content\/uploads\/2025\/10\/059-003-OUTUBRINHO-ROSA-CAMISETA-MOD-01-SIMULACAO-MOD-02-59x75.jpg 59w, https:\/\/cipe.org.br\/novo\/wp-content\/uploads\/2025\/10\/059-003-OUTUBRINHO-ROSA-CAMISETA-MOD-01-SIMULACAO-MOD-02-480x607.jpg 480w, https:\/\/cipe.org.br\/novo\/wp-content\/uploads\/2025\/10\/059-003-OUTUBRINHO-ROSA-CAMISETA-MOD-01-SIMULACAO-MOD-02-1320x1669.jpg 1320w, https:\/\/cipe.org.br\/novo\/wp-content\/uploads\/2025\/10\/059-003-OUTUBRINHO-ROSA-CAMISETA-MOD-01-SIMULACAO-MOD-02-scaled.jpg 2025w\" sizes=\"(max-width:767px) 395px, 395px\" \/><\/p>\n<p style=\"text-align: center;\"><a href=\"https:\/\/cipe.org.br\/novo\/wp-content\/uploads\/2025\/10\/059-003-OUTUBRINHO-ROSA-CAMISETA-MOD-02-AF.pdf\"><strong>Arte para camiseta modelo 02 \u2013 download<\/strong><\/a><\/p>\n<p style=\"text-align: center;\"><a href=\"https:\/\/cipe.org.br\/novo\/wp-content\/uploads\/2025\/10\/ARTES-AF.zip\"><strong>Artes para divulga\u00e7\u00e3o \u2013 download<\/strong><\/a><\/p>\n<p style=\"text-align: center;\"><strong>Aulas do Bate-Papo Rosa 2025, promovido pela ABLACIPE com apoio da CIPE:<\/strong><\/p>\n<p><iframe loading=\"lazy\" title=\"INFEC\u00c7\u00c3O URIN\u00c1RIA | Bate-Papo Rosa\" width=\"1220\" height=\"686\" src=\"https:\/\/www.youtube.com\/embed\/IKX1jPSZRTg?feature=oembed\" frameborder=\"0\" allow=\"accelerometer; autoplay; clipboard-write; encrypted-media; gyroscope; picture-in-picture; web-share\" referrerpolicy=\"strict-origin-when-cross-origin\" allowfullscreen><\/iframe><\/p>\n<p><iframe loading=\"lazy\" title=\"ABORDAGEM DE VIOL\u00caNCIA SEXUAL EM CRIAN\u00c7AS | Bate-Papo Rosa\" width=\"1220\" height=\"686\" src=\"https:\/\/www.youtube.com\/embed\/Ya04vW87P9s?feature=oembed\" frameborder=\"0\" allow=\"accelerometer; autoplay; clipboard-write; encrypted-media; gyroscope; picture-in-picture; web-share\" referrerpolicy=\"strict-origin-when-cross-origin\" allowfullscreen><\/iframe><\/p>\n<p><strong>BATE-PAPO ROSA | URG\u00caNCIAS UROL\u00d3GICAS:<\/strong><\/p>\n<p><iframe loading=\"lazy\" title=\"URG\u00caNCIAS UROL\u00d3GICAS | Bate-Papo Rosa\" width=\"1220\" height=\"686\" src=\"https:\/\/www.youtube.com\/embed\/mt1CKW3z6J4?feature=oembed\" frameborder=\"0\" allow=\"accelerometer; autoplay; clipboard-write; encrypted-media; gyroscope; picture-in-picture; web-share\" referrerpolicy=\"strict-origin-when-cross-origin\" allowfullscreen><\/iframe><\/p>\n<p><iframe loading=\"lazy\" title=\"XIXI NA CAMA | Bate-Papo Rosa\" width=\"1220\" height=\"686\" src=\"https:\/\/www.youtube.com\/embed\/1pPPDft-6MA?feature=oembed\" frameborder=\"0\" allow=\"accelerometer; autoplay; clipboard-write; encrypted-media; gyroscope; picture-in-picture; web-share\" referrerpolicy=\"strict-origin-when-cross-origin\" allowfullscreen><\/iframe><\/p>\n<p style=\"text-align: center;\"><strong>Aulas com especialistas em sa\u00fade feminina, dispon\u00edveis no <a href=\"https:\/\/youtube.com\/@outubrinhorosa1851?si=OvXu6W-cjCJs6STu\" target=\"_blank\" rel=\"noopener\">YouTube<\/a>.<\/strong><\/p>\n<p>&nbsp;<\/p>\n<p><strong>OBJETIVO:<\/strong><\/p>\n<p>O \u201cOutubrinho Rosa\u201d \u00e9 uma iniciativa dedicada \u00e0 promo\u00e7\u00e3o da sa\u00fade urol\u00f3gica das meninas e adolescentes, com o intuito de oferecer orienta\u00e7\u00e3o, diagn\u00f3stico e tratamento precoces para condi\u00e7\u00f5es uro-ginecol\u00f3gicas espec\u00edficas e promover a conscientiza\u00e7\u00e3o sobre a import\u00e2ncia da sa\u00fade \u00edntima feminina.<\/p>\n<p><strong>HIST\u00d3RICO<\/strong><\/p>\n<p>Em 2 de agosto de 2011, a lei do Outubrinho Rosa foi aprovada em Blumenau-SC. Desde ent\u00e3o, a campanha v\u00eam sendo realizada em Blumenau e nos munic\u00edpios pr\u00f3ximos.<\/p>\n<ul>\n<li><strong>LEI N\u00ba 9.049, DE 02 DE AGOSTO DE 2021<\/strong><\/li>\n<\/ul>\n<p>ACRESCENTA ARTIGO 35-A NA LEI N\u00ba\u00a0<a href=\"https:\/\/leismunicipais.com.br\/a\/sc\/b\/blumenau\/lei-ordinaria\/2016\/836\/8362\/lei-ordinaria-n-8362-2016-dispoe-sobre-o-calendario-oficial-de-eventos-do-municipio-de-blumenau-e-consolida-a-legislacao-municipal-referente-a-eventos-datas-comemorativas-e-feriados-do-municipio\">8.362<\/a>, DE 09 DE DEZEMBRO DE 2016, PARA INSTITUIR O &#8220;OUTUBRINHO ROSA&#8221;. M\u00c1RIO HILDEBRANDT, Prefeito Municipal de Blumenau, no uso da atribui\u00e7\u00e3o que lhe confere o artigo 59, V, da <a href=\"https:\/\/leismunicipais.com.br\/lei-organica-blumenau-sc\">Lei Org\u00e2nica<\/a>\u00a0do Munic\u00edpio de Blumenau, faz saber que a C\u00e2mara Municipal aprovou e ele sanciona e promulga a seguinte Lei:<\/p>\n<p><strong>Art. 1\u00ba<\/strong>\u00a0Na Se\u00e7\u00e3o X do Cap\u00edtulo III da Lei<\/p>\n<p>n\u00ba\u00a0<a href=\"https:\/\/leismunicipais.com.br\/a\/sc\/b\/blumenau\/lei-ordinaria\/2016\/836\/8362\/lei-ordinaria-n-8362-2016-dispoe-sobre-o-calendario-oficial-de-eventos-do-municipio-de-blumenau-e-consolida-a-legislacao-municipal-referente-a-eventos-datas-comemorativas-e-feriados-do-municipio\">8.362<\/a>, de 09 de dezembro de 2016, que &#8220;Disp\u00f5e sobre o Calend\u00e1rio Oficial de Eventos do Munic\u00edpio de Blumenau e consolida a legisla\u00e7\u00e3o municipal referente a eventos, datas comemorativas e feriados do Munic\u00edpio&#8221;, ap\u00f3s o art. 35, fica acrescentado o<\/p>\n<p><strong>Art. 35-A<\/strong>\u00a0, com a seguinte reda\u00e7\u00e3o:<\/p>\n<p>&#8220;Art. 35-A. \u00c9 institu\u00eddo e inclu\u00eddo no Calend\u00e1rio Oficial de Eventos do Munic\u00edpio de Blumenau o `Outubrinho Rosa`, de aten\u00e7\u00e3o \u00e0 sa\u00fade da crian\u00e7a e do adolescente do sexo feminino, a ser realizado, anualmente, de 1\u00ba a 31 de outubro.&#8221;<\/p>\n<p><strong>Art. 2\u00ba<\/strong>\u00a0Esta Lei entra em vigor na data de sua publica\u00e7\u00e3o.<\/p>\n<p>PREFEITURA MUNICIPAL DE BLUMENAU, em 02 de agosto de 2021.<\/p>\n<p><strong>OBJETIVOS:<\/strong><\/p>\n<ul>\n<li><strong>Diagn\u00f3stico e Tratamento Precoce<\/strong>: Identificar e tratar precocemente condi\u00e7\u00f5es como:<\/li>\n<\/ul>\n<ol>\n<li style=\"list-style-type: none;\">\n<ol>\n<li>Infec\u00e7\u00f5es do Trato Urin\u00e1rio (ITU)*: Muito comuns em meninas, especialmente em idades mais jovens. \u00c9 importante orientar sobre a preven\u00e7\u00e3o, sintomas (dor ao urinar, febre, urg\u00eancia urin\u00e1ria), e a import\u00e2ncia de tratamento precoce para evitar complica\u00e7\u00f5es.<\/li>\n<li>*Disfun\u00e7\u00e3o Miccional*: Envolve altera\u00e7\u00f5es na frequ\u00eancia, controle ou esvaziamento da bexiga, podendo levar a infec\u00e7\u00f5es urin\u00e1rias recorrentes e problemas de contin\u00eancia.<\/li>\n<li>*Enurese Noturna (xixi na cama)*: Embora mais comum em meninos, tamb\u00e9m afeta meninas e pode ter implica\u00e7\u00f5es emocionais. Informar sobre as op\u00e7\u00f5es de tratamento e apoio \u00e9 crucial.<\/li>\n<li>*Vulvovaginite*: Infec\u00e7\u00e3o ou irrita\u00e7\u00e3o na \u00e1rea genital, comum em meninas, especialmente pr\u00e9-p\u00faberes, devido a fatores anat\u00f4micos e de higiene. Orientar sobre cuidados com a higiene \u00edntima e sinais de alerta.<\/li>\n<li>*Hidronefrose Cong\u00eanita*: Dilata\u00e7\u00e3o dos rins que pode estar presente desde o nascimento. Pode ser assintom\u00e1tica ou levar a infec\u00e7\u00f5es urin\u00e1rias.<\/li>\n<li>*Malforma\u00e7\u00f5es Cong\u00eanitas do Trato Urin\u00e1rio e Genital*: Algumas malforma\u00e7\u00f5es como duplica\u00e7\u00e3o ureteral podem ser detectadas precocemente e exigem acompanhamento especializado.<\/li>\n<li>*S\u00edndrome da Bexiga Hiperativa*: A urg\u00eancia urin\u00e1ria e a necessidade frequente de urinar podem interferir na qualidade de vida. O tratamento envolve mudan\u00e7as comportamentais e, em alguns casos, medica\u00e7\u00e3o.<\/li>\n<\/ol>\n<\/li>\n<\/ol>\n<ul>\n<li><strong>Orienta\u00e7\u00e3o e Preven\u00e7\u00e3o<\/strong>: Educar sobre a import\u00e2ncia da higiene \u00edntima e aderir \u00e0s campanhas de vacina\u00e7\u00e3o. Despertar sobre os sinais de alerta de c\u00e2ncer infantil.<\/li>\n<li><strong>Tratamento das Perdas Urin\u00e1rias<\/strong>: Informar que perdas urin\u00e1rias diurnas e noturnas podem ser tratadas para prevenir o estresse psicol\u00f3gico e social associado a essas condi\u00e7\u00f5es.<\/li>\n<li><strong>Educa\u00e7\u00e3o continuada<\/strong>: orientar m\u00e9dicos pediatras e da aten\u00e7\u00e3o prim\u00e1ria sobre as patologias uro-ginecol\u00f3gicas. A campanha incluir\u00e1 simp\u00f3sios, aulas e discuss\u00f5es em n\u00edvel nacional.<\/li>\n<\/ul>\n<p><strong>COMO ORGANIZAR E REALIZAR O \u201cOUTUBRINHO ROSA\u201d \u00a0NOS SEUS LOCAIS DE TRABALHO:<\/strong><\/p>\n<ol>\n<li><strong>Palestras nas Escolas:<\/strong> Organizar palestras nas escolas do munic\u00edpio para alertar meninas de 13 a 18 anos sobre cuidados importantes com a sa\u00fade feminina. Desenvolver uma aula padr\u00e3o para ser apresentada em todas as escolas, ministrada por alunos da gradua\u00e7\u00e3o, residentes e m\u00e9dicos.<\/li>\n<li><strong>Consultas:<\/strong> Oferecer dias de atendimento na unidade de sa\u00fade em regime de mutir\u00e3o. Uma sugest\u00e3o \u00e9 abrir agenda para marca\u00e7\u00e3o via SISREG do munic\u00edpio para 60 pacientes. Contar com ajuda de alunos da gradua\u00e7\u00e3o, das Ligas Acad\u00eamicas, residentes e m\u00e9dicos.<\/li>\n<li><strong>Mutir\u00e3o de cirurgias:<\/strong> acertar com os hospitais onde trabalha dias para realizar mutir\u00f5es de cirurgias. Isso deve auxiliar na diminui\u00e7\u00e3o do tempo de espera das filas do SUS.<\/li>\n<li><strong>Capacita\u00e7\u00e3o para M\u00e9dicos:<\/strong> Continuar o ciclo de grava\u00e7\u00e3o de aulas com especialistas em sa\u00fade feminina, dispon\u00edveis no <a href=\"https:\/\/youtube.com\/@outubrinhorosa1851?si=OvXu6W-cjCJs6STu\" target=\"_blank\" rel=\"noopener\">YouTube<\/a>.<\/li>\n<\/ol>\n<p><strong>RESULTADOS RECENTES EM BLUMENAU, ONDE O PROJETO COME\u00c7OU, JUSTIFICANDO O PROSSEGUIMENTO DA REALIZA\u00c7\u00c3O DA CAMPANHA:<\/strong><\/p>\n<ul>\n<li><strong>Enurese:<\/strong> Identificamos, em levantamento de 2023, que 15% das crian\u00e7as com uma m\u00e9dia de 8 anos sofrem de enurese, nenhuma em tratamento, todas sofrendo castigo f\u00edsico ou verbal.<\/li>\n<li><strong>Disfun\u00e7\u00e3o Miccional:<\/strong> Estudo com 470 crian\u00e7as mostrou que o refluxo v\u00e9sico-ureteral (RVU), hipertens\u00e3o arterial sist\u00eamica (HAS), infec\u00e7\u00e3o do trato urin\u00e1rio (ITU) e bacteri\u00faria assintom\u00e1tica s\u00e3o fatores preditivos importantes para les\u00e3o renal em crian\u00e7as com disfun\u00e7\u00e3o miccional. E nunca esta quest\u00e3o \u00e9 abordada pelos m\u00e9dicos da aten\u00e7\u00e3o b\u00e1sica de sa\u00fade.<\/li>\n<\/ul>\n<p><strong>O QUE PRECISA PARA REALIZA\u00c7\u00c3O DA CAMPANHA:<\/strong><\/p>\n<ul>\n<li><strong>Campanha Publicit\u00e1ria:<\/strong> Uma campanha eficaz para promover o Outubrinho Rosa.<\/li>\n<li><strong>Espa\u00e7o F\u00edsico:<\/strong> Consult\u00f3rios m\u00e9dicos.<\/li>\n<li><strong>Continuidade de Tratamento:<\/strong> Encaminhamento para servi\u00e7os de refer\u00eancia quando necess\u00e1rio.<\/li>\n<li><strong>Apoio das Secretarias Municipais de Sa\u00fade e de Educa\u00e7\u00e3o:<\/strong> Para a realiza\u00e7\u00e3o das palestras nas escolas e para garantir o suporte necess\u00e1rio durante o evento.<\/li>\n<li><strong>Hospitais que apoiem a realiza\u00e7\u00e3o de mutir\u00f5es de cirurgia pedi\u00e1trica nos munic\u00edpios.<\/strong><\/li>\n<li><strong>Alunos da gradua\u00e7\u00e3o em medicina, residentes e m\u00e9dicos engajados no projeto.<\/strong><\/li>\n<\/ul>\n<p><strong>CONCLUS\u00c3O:<\/strong><\/p>\n<p>O \u201cOutubrinho Rosa\u201d visa garantir que todas as meninas tenham acesso a informa\u00e7\u00f5es e cuidados adequados para promover uma sa\u00fade uro-genital ideal e um bem-estar geral. Com a\u00e7\u00f5es integradas de preven\u00e7\u00e3o, diagn\u00f3stico e suporte, buscamos construir uma base s\u00f3lida para a sa\u00fade \u00edntima das futuras gera\u00e7\u00f5es.<\/p>\n<p><strong>D\u00daVIDAS E APOIO<\/strong><\/p>\n<p>Quer ajuda ou est\u00e1 com alguma d\u00favida em rela\u00e7\u00e3o \u00e0 campanha, basta enviar um e-mail para <a href=\"mailto:acaosocial@cipe.org.br\">acaosocial@cipe.org.br<\/a> que lhe daremos suporte.<\/p>\n","protected":false},"excerpt":{"rendered":"<p>Arte para camiseta modelo 01 \u2013 download Arte para camiseta modelo 02 \u2013 download Artes para divulga\u00e7\u00e3o \u2013 download Aulas do Bate-Papo Rosa 2025, promovido pela<span class=\"excerpt-hellip\"> [\u2026]<\/span><\/p>\n","protected":false},"author":1,"featured_media":0,"parent":0,"menu_order":0,"comment_status":"closed","ping_status":"closed","template":"","meta":{"footnotes":""},"_links":{"self":[{"href":"https:\/\/cipe.org.br\/novo\/wp-json\/wp\/v2\/pages\/21324"}],"collection":[{"href":"https:\/\/cipe.org.br\/novo\/wp-json\/wp\/v2\/pages"}],"about":[{"href":"https:\/\/cipe.org.br\/novo\/wp-json\/wp\/v2\/types\/page"}],"author":[{"embeddable":true,"href":"https:\/\/cipe.org.br\/novo\/wp-json\/wp\/v2\/users\/1"}],"replies":[{"embeddable":true,"href":"https:\/\/cipe.org.br\/novo\/wp-json\/wp\/v2\/comments?post=21324"}],"version-history":[{"count":11,"href":"https:\/\/cipe.org.br\/novo\/wp-json\/wp\/v2\/pages\/21324\/revisions"}],"predecessor-version":[{"id":22405,"href":"https:\/\/cipe.org.br\/novo\/wp-json\/wp\/v2\/pages\/21324\/revisions\/22405"}],"wp:attachment":[{"href":"https:\/\/cipe.org.br\/novo\/wp-json\/wp\/v2\/media?parent=21324"}],"curies":[{"name":"wp","href":"https:\/\/api.w.org\/{rel}","templated":true}]}}