{"id":20971,"date":"2024-05-22T14:26:07","date_gmt":"2024-05-22T17:26:07","guid":{"rendered":"https:\/\/cipe.org.br\/novo\/?page_id=20971"},"modified":"2024-05-22T14:26:07","modified_gmt":"2024-05-22T17:26:07","slug":"eleicao-2022-24","status":"publish","type":"page","link":"https:\/\/cipe.org.br\/novo\/eleicao-2022-24\/","title":{"rendered":"Elei\u00e7\u00e3o 2022-24"},"content":{"rendered":"<p style=\"text-align: center;\"><a href=\"https:\/\/cipe.org.br\/novo\/resultado-das-eleicoes-da-cipe\/\">CONFIRA O RESULTADO DAS ELEI\u00c7\u00d5ES<\/a><\/p>\n<p>O per\u00edodo para inscri\u00e7\u00e3o de chapas concorrentes \u00e0 elei\u00e7\u00e3o da Diretoria e do Conselho Fiscal da Associa\u00e7\u00e3o<br \/>\nBrasileira de Cirurgia Pedi\u00e1trica, gest\u00e3o 2022-24, se inicia no dia 8 de setembro.<\/p>\n<p><a href=\"https:\/\/cipe.org.br\/novo\/wp-content\/uploads\/2021\/09\/Eleicao-22-24.pdf\" target=\"_blank\" rel=\"noopener noreferrer\">CONFIRA O EDITAL<\/a><\/p>\n<p>Segundo o estatuto da CIPE, a Comiss\u00e3o Eleitoral \u00e9 definida pela diretoria e em reuni\u00e3o da diretoria realizada no dia 4 de setembro de 2021 foram indicados os nomes e ap\u00f3s contato com os mesmos, todos aceitaram o convite, sem restri\u00e7\u00f5es.<\/p>\n<p><strong>COMISS\u00c3O ELEITORAL<\/strong><\/p>\n<p><strong>Titulares<\/strong><\/p>\n<ul>\n<li>Jos\u00e9 Roberto de Souza Baratella (coordenador)<\/li>\n<li>Cesar Cavalli Sabbaga<\/li>\n<li>Jovelino Quintino de Souza Le\u00e3o<\/li>\n<\/ul>\n<p><strong>Suplentes<\/strong><\/p>\n<ul>\n<li>Joaquim Murray Bustorff Silva<\/li>\n<li>Kleber Moreira Anderson<\/li>\n<\/ul>\n<h2 style=\"text-align: center;\"><a href=\"https:\/\/cipe.org.br\/novo\/eleicoes-da-cipe-veja-como-votar\/\">VEJA COMO VOTAR<\/a><\/h2>\n<p><img loading=\"lazy\" decoding=\"async\" class=\"aligncenter size-large wp-image-17156\" src=\"https:\/\/cipe.org.br\/novo\/wp-content\/uploads\/2021\/10\/comunicado_eleicao-1021x1024.jpg\" alt=\"\" width=\"640\" height=\"642\" srcset=\"https:\/\/cipe.org.br\/novo\/wp-content\/uploads\/2021\/10\/comunicado_eleicao-1021x1024.jpg 1021w, https:\/\/cipe.org.br\/novo\/wp-content\/uploads\/2021\/10\/comunicado_eleicao-300x300.jpg 300w, https:\/\/cipe.org.br\/novo\/wp-content\/uploads\/2021\/10\/comunicado_eleicao-150x150.jpg 150w, https:\/\/cipe.org.br\/novo\/wp-content\/uploads\/2021\/10\/comunicado_eleicao-768x770.jpg 768w, https:\/\/cipe.org.br\/novo\/wp-content\/uploads\/2021\/10\/comunicado_eleicao-1531x1536.jpg 1531w, https:\/\/cipe.org.br\/novo\/wp-content\/uploads\/2021\/10\/comunicado_eleicao-2041x2048.jpg 2041w, https:\/\/cipe.org.br\/novo\/wp-content\/uploads\/2021\/10\/comunicado_eleicao-1196x1200.jpg 1196w, https:\/\/cipe.org.br\/novo\/wp-content\/uploads\/2021\/10\/comunicado_eleicao-1320x1324.jpg 1320w, https:\/\/cipe.org.br\/novo\/wp-content\/uploads\/2021\/10\/comunicado_eleicao-600x602.jpg 600w, https:\/\/cipe.org.br\/novo\/wp-content\/uploads\/2021\/10\/comunicado_eleicao-100x100.jpg 100w\" sizes=\"(max-width:767px) 480px, 640px\" \/><img loading=\"lazy\" decoding=\"async\" class=\"aligncenter size-full wp-image-17284\" src=\"https:\/\/cipe.org.br\/novo\/wp-content\/uploads\/2021\/10\/eleicao-scaled.jpg\" alt=\"\" width=\"1718\" height=\"2560\" srcset=\"https:\/\/cipe.org.br\/novo\/wp-content\/uploads\/2021\/10\/eleicao-scaled.jpg 1718w, https:\/\/cipe.org.br\/novo\/wp-content\/uploads\/2021\/10\/eleicao-201x300.jpg 201w, https:\/\/cipe.org.br\/novo\/wp-content\/uploads\/2021\/10\/eleicao-687x1024.jpg 687w, https:\/\/cipe.org.br\/novo\/wp-content\/uploads\/2021\/10\/eleicao-768x1145.jpg 768w, https:\/\/cipe.org.br\/novo\/wp-content\/uploads\/2021\/10\/eleicao-1031x1536.jpg 1031w, https:\/\/cipe.org.br\/novo\/wp-content\/uploads\/2021\/10\/eleicao-1374x2048.jpg 1374w, https:\/\/cipe.org.br\/novo\/wp-content\/uploads\/2021\/10\/eleicao-805x1200.jpg 805w, https:\/\/cipe.org.br\/novo\/wp-content\/uploads\/2021\/10\/eleicao-1320x1967.jpg 1320w, https:\/\/cipe.org.br\/novo\/wp-content\/uploads\/2021\/10\/eleicao-600x894.jpg 600w\" sizes=\"(max-width:767px) 480px, (max-width:1718px) 100vw, 1718px\" \/><\/p>\n<p><img loading=\"lazy\" decoding=\"async\" class=\"aligncenter size-full wp-image-17415\" src=\"https:\/\/cipe.org.br\/novo\/wp-content\/uploads\/2021\/11\/ELEICOES-CIPE-2022-2024.jpg\" alt=\"\" width=\"1200\" height=\"1477\" srcset=\"https:\/\/cipe.org.br\/novo\/wp-content\/uploads\/2021\/11\/ELEICOES-CIPE-2022-2024.jpg 1200w, https:\/\/cipe.org.br\/novo\/wp-content\/uploads\/2021\/11\/ELEICOES-CIPE-2022-2024-244x300.jpg 244w, https:\/\/cipe.org.br\/novo\/wp-content\/uploads\/2021\/11\/ELEICOES-CIPE-2022-2024-832x1024.jpg 832w, https:\/\/cipe.org.br\/novo\/wp-content\/uploads\/2021\/11\/ELEICOES-CIPE-2022-2024-768x945.jpg 768w, https:\/\/cipe.org.br\/novo\/wp-content\/uploads\/2021\/11\/ELEICOES-CIPE-2022-2024-975x1200.jpg 975w, https:\/\/cipe.org.br\/novo\/wp-content\/uploads\/2021\/11\/ELEICOES-CIPE-2022-2024-600x739.jpg 600w\" sizes=\"(max-width:767px) 480px, (max-width:1200px) 100vw, 1200px\" \/><\/p>\n","protected":false},"excerpt":{"rendered":"<p>CONFIRA O RESULTADO DAS ELEI\u00c7\u00d5ES O per\u00edodo para inscri\u00e7\u00e3o de chapas concorrentes \u00e0 elei\u00e7\u00e3o da Diretoria e do Conselho Fiscal da Associa\u00e7\u00e3o Brasileira de Cirurgia Pedi\u00e1trica,<span class=\"excerpt-hellip\"> [\u2026]<\/span><\/p>\n","protected":false},"author":1,"featured_media":0,"parent":0,"menu_order":0,"comment_status":"closed","ping_status":"closed","template":"","meta":{"footnotes":""},"_links":{"self":[{"href":"https:\/\/cipe.org.br\/novo\/wp-json\/wp\/v2\/pages\/20971"}],"collection":[{"href":"https:\/\/cipe.org.br\/novo\/wp-json\/wp\/v2\/pages"}],"about":[{"href":"https:\/\/cipe.org.br\/novo\/wp-json\/wp\/v2\/types\/page"}],"author":[{"embeddable":true,"href":"https:\/\/cipe.org.br\/novo\/wp-json\/wp\/v2\/users\/1"}],"replies":[{"embeddable":true,"href":"https:\/\/cipe.org.br\/novo\/wp-json\/wp\/v2\/comments?post=20971"}],"version-history":[{"count":1,"href":"https:\/\/cipe.org.br\/novo\/wp-json\/wp\/v2\/pages\/20971\/revisions"}],"predecessor-version":[{"id":20972,"href":"https:\/\/cipe.org.br\/novo\/wp-json\/wp\/v2\/pages\/20971\/revisions\/20972"}],"wp:attachment":[{"href":"https:\/\/cipe.org.br\/novo\/wp-json\/wp\/v2\/media?parent=20971"}],"curies":[{"name":"wp","href":"https:\/\/api.w.org\/{rel}","templated":true}]}}