{"id":17850,"date":"2022-01-28T08:47:09","date_gmt":"2022-01-28T11:47:09","guid":{"rendered":"https:\/\/cipe.org.br\/novo\/?page_id=17850"},"modified":"2026-03-10T16:13:06","modified_gmt":"2026-03-10T19:13:06","slug":"cirurgia-robotica","status":"publish","type":"page","link":"https:\/\/cipe.org.br\/novo\/cirurgia-robotica\/","title":{"rendered":"Cirurgia Rob\u00f3tica"},"content":{"rendered":"<p><img loading=\"lazy\" decoding=\"async\" class=\"size-large wp-image-22781 aligncenter\" src=\"https:\/\/cipe.org.br\/novo\/wp-content\/uploads\/2025\/12\/DEZ-2025-POST-TREINAMENTO-EM-CIRU-ROBOTICA-900x1200.jpg\" alt=\"\" width=\"900\" height=\"1200\" srcset=\"https:\/\/cipe.org.br\/novo\/wp-content\/uploads\/2025\/12\/DEZ-2025-POST-TREINAMENTO-EM-CIRU-ROBOTICA-900x1200.jpg 900w, https:\/\/cipe.org.br\/novo\/wp-content\/uploads\/2025\/12\/DEZ-2025-POST-TREINAMENTO-EM-CIRU-ROBOTICA-375x500.jpg 375w, https:\/\/cipe.org.br\/novo\/wp-content\/uploads\/2025\/12\/DEZ-2025-POST-TREINAMENTO-EM-CIRU-ROBOTICA-225x300.jpg 225w, https:\/\/cipe.org.br\/novo\/wp-content\/uploads\/2025\/12\/DEZ-2025-POST-TREINAMENTO-EM-CIRU-ROBOTICA-768x1024.jpg 768w, https:\/\/cipe.org.br\/novo\/wp-content\/uploads\/2025\/12\/DEZ-2025-POST-TREINAMENTO-EM-CIRU-ROBOTICA-56x75.jpg 56w, https:\/\/cipe.org.br\/novo\/wp-content\/uploads\/2025\/12\/DEZ-2025-POST-TREINAMENTO-EM-CIRU-ROBOTICA-480x640.jpg 480w, https:\/\/cipe.org.br\/novo\/wp-content\/uploads\/2025\/12\/DEZ-2025-POST-TREINAMENTO-EM-CIRU-ROBOTICA.jpg 1080w\" sizes=\"(max-width:767px) 480px, (max-width:900px) 100vw, 900px\" \/><\/p>\n<p data-pm-slice=\"1 1 []\">A CIPE segue ampliando oportunidades reais de forma\u00e7\u00e3o para seus associados.<\/p>\n<p>A Sociedade Brasileira de Cirurgia Pedi\u00e1trica firmou uma parceria com o <strong>Centro de Forma\u00e7\u00e3o em Cirurgia Rob\u00f3tica da Santa Casa de Porto Alegre<\/strong> para ampliar o acesso \u00e0 qualifica\u00e7\u00e3o em cirurgia rob\u00f3tica.<\/p>\n<p>Associados CIPE contam com condi\u00e7\u00f5es exclusivas para participar do curso, que tem como respons\u00e1vel o <strong>Dr. Rafael Deyl,<\/strong> proctor oficial na forma\u00e7\u00e3o e treinamento em cirurgia rob\u00f3tica pedi\u00e1trica.<\/p>\n<p>Confira as informa\u00e7\u00f5es abaixo:<\/p>\n<p><strong>Centro de Forma\u00e7\u00e3o<\/strong><br \/>\nCentro de Ensino e Pesquisa Santa Casa de Porto Alegre \u2013 RS.<\/p>\n<p><strong>Investimento<\/strong><\/p>\n<p>Valor original: R$ 20.000,00<\/p>\n<p>Para s\u00f3cios CIPE: R$ 13.900,00<\/p>\n<p>\ud83d\udd04 A CIPE devolve o valor da anuidade como incentivo \u00e0 forma\u00e7\u00e3o continuada dos s\u00f3cios quites.<\/p>\n<p>\u27a1\ufe0f<strong> INVESTIMENTO FINAL: R$ 13.400,00<\/strong><\/p>\n<p><strong>Mais informa\u00e7\u00f5es e inscri\u00e7\u00f5es abertas no site:<\/strong> <strong><a href=\"https:\/\/ensinoepesquisa.santacasa.org.br\/loja\/cursos\/certificacao\/certificacao-em-cirurgia-robotica\/\">ensinoepesquisa.santacasa.org.br<\/a><\/strong><\/p>\n<p><strong>O in\u00edcio do curso ser\u00e1 em Maio\/2026.<\/strong><\/p>\n<p>A CIPE permanece comprometida em apoiar o crescimento t\u00e9cnico dos cirurgi\u00f5es pedi\u00e1tricos e facilitar o acesso a forma\u00e7\u00f5es de alto n\u00edvel.<\/p>\n<p>Juntos avan\u00e7amos na qualifica\u00e7\u00e3o da especialidade!<\/p>\n<p><strong>Nova diretoria e equipe CIPE<\/strong><br \/>\n<strong>Desenvolvimento e Reintegra\u00e7\u00e3o<\/strong><\/p>\n<h5>&#8212;<\/h5>\n<h5><strong><a href=\"https:\/\/in.gov.br\/en\/web\/dou\/-\/resolucao-cfm-2.311-de-23-de-marco-de-2022-388694288\" target=\"_blank\" rel=\"noopener\">Resolu\u00e7\u00e3o CFM n\u00ba 2311, de 23 de mar\u00e7o de 2022<\/a><\/strong><\/h5>\n<p><strong>FICHAS PARA REGISTROS DE CIRURGIAS ASSISTIDAS POR ROB\u00d3TICA<\/strong><\/p>\n<p><a href=\"https:\/\/cipe.org.br\/novo\/wp-content\/uploads\/2023\/03\/Ficha-Cipe-Cir-Principal-Robo\u0301tica.pdf\" target=\"_blank\" rel=\"noopener\">Registro de Execu\u00e7\u00e3o como Cirurgi\u00e3o Principal de Cirurgia Pedi\u00e1trica Assistida por Rob\u00f3tica<\/a><\/p>\n<p><a href=\"https:\/\/cipe.org.br\/novo\/wp-content\/uploads\/2023\/03\/Ficha-Cipe-Observ-Robo\u0301tica.pdf\" target=\"_blank\" rel=\"noopener\">Registro de Observa\u00e7\u00e3o de Cirurgias Assistida por Rob\u00f3tica<\/a><\/p>\n<p><a href=\"https:\/\/cipe.org.br\/novo\/wp-content\/uploads\/2023\/03\/Registro-de-cirurgias-robo\u0301ticas-observadas.-CIPE.xlsx\" target=\"_blank\" rel=\"noopener\">Lista de cirurgias assistidas por rob\u00f3tica cujo cirurgi\u00e3o pedi\u00e1trico participou presencialmente como observador. Etapa 1 &#8211; TREINAMENTO B\u00c1SICO (Anexo 2 da Resolu\u00e7\u00e3o CFM n\u00ba 2.311\/2022)<\/a><\/p>\n<p><a href=\"https:\/\/cipe.org.br\/novo\/wp-content\/uploads\/2023\/03\/Registro-de-cirurgias-pedia\u0301tricas-robo\u0301ticas.-CIPE.xlsx\" target=\"_blank\" rel=\"noopener\">Lista de cirurgias assistidas por rob\u00f3tica executadas como cirurgi\u00e3o principal orientadas por Proctor. Etapa 2 &#8211; TREINAMENTO AVAN\u00c7ADO (Anexo 2 da Resolu\u00e7\u00e3o CFM n\u00ba 2.311\/2022)<\/a><\/p>\n<p style=\"text-align: center;\"><strong>NOTA T\u00c9CNICA: CIRURGIA ASSISTIDA POR ROB\u00d3TICA<\/strong><\/p>\n<p>&nbsp;<\/p>\n<p>&nbsp;<\/p>\n<p><img loading=\"lazy\" decoding=\"async\" class=\"aligncenter wp-image-22764 size-full\" src=\"https:\/\/cipe.org.br\/novo\/wp-content\/uploads\/2025\/12\/Artboard-1-100.jpg\" alt=\"\" width=\"596\" height=\"842\" srcset=\"https:\/\/cipe.org.br\/novo\/wp-content\/uploads\/2025\/12\/Artboard-1-100.jpg 596w, https:\/\/cipe.org.br\/novo\/wp-content\/uploads\/2025\/12\/Artboard-1-100-354x500.jpg 354w, https:\/\/cipe.org.br\/novo\/wp-content\/uploads\/2025\/12\/Artboard-1-100-212x300.jpg 212w, https:\/\/cipe.org.br\/novo\/wp-content\/uploads\/2025\/12\/Artboard-1-100-53x75.jpg 53w, https:\/\/cipe.org.br\/novo\/wp-content\/uploads\/2025\/12\/Artboard-1-100-480x678.jpg 480w\" sizes=\"(max-width:767px) 480px, 596px\" \/> <img loading=\"lazy\" decoding=\"async\" class=\"aligncenter wp-image-22765 size-full\" src=\"https:\/\/cipe.org.br\/novo\/wp-content\/uploads\/2025\/12\/Artboard-2-100.jpg\" alt=\"\" width=\"596\" height=\"842\" srcset=\"https:\/\/cipe.org.br\/novo\/wp-content\/uploads\/2025\/12\/Artboard-2-100.jpg 596w, https:\/\/cipe.org.br\/novo\/wp-content\/uploads\/2025\/12\/Artboard-2-100-354x500.jpg 354w, https:\/\/cipe.org.br\/novo\/wp-content\/uploads\/2025\/12\/Artboard-2-100-212x300.jpg 212w, https:\/\/cipe.org.br\/novo\/wp-content\/uploads\/2025\/12\/Artboard-2-100-53x75.jpg 53w, https:\/\/cipe.org.br\/novo\/wp-content\/uploads\/2025\/12\/Artboard-2-100-480x678.jpg 480w\" sizes=\"(max-width:767px) 480px, 596px\" \/> <img loading=\"lazy\" decoding=\"async\" class=\"aligncenter size-full wp-image-22766\" src=\"https:\/\/cipe.org.br\/novo\/wp-content\/uploads\/2025\/12\/Artboard-3-100.jpg\" alt=\"\" width=\"596\" height=\"842\" srcset=\"https:\/\/cipe.org.br\/novo\/wp-content\/uploads\/2025\/12\/Artboard-3-100.jpg 596w, https:\/\/cipe.org.br\/novo\/wp-content\/uploads\/2025\/12\/Artboard-3-100-354x500.jpg 354w, https:\/\/cipe.org.br\/novo\/wp-content\/uploads\/2025\/12\/Artboard-3-100-212x300.jpg 212w, https:\/\/cipe.org.br\/novo\/wp-content\/uploads\/2025\/12\/Artboard-3-100-53x75.jpg 53w, https:\/\/cipe.org.br\/novo\/wp-content\/uploads\/2025\/12\/Artboard-3-100-480x678.jpg 480w\" sizes=\"(max-width:767px) 480px, 596px\" \/> <img loading=\"lazy\" decoding=\"async\" class=\"aligncenter size-full wp-image-22767\" src=\"https:\/\/cipe.org.br\/novo\/wp-content\/uploads\/2025\/12\/Artboard-4-100.jpg\" alt=\"\" width=\"596\" height=\"842\" srcset=\"https:\/\/cipe.org.br\/novo\/wp-content\/uploads\/2025\/12\/Artboard-4-100.jpg 596w, https:\/\/cipe.org.br\/novo\/wp-content\/uploads\/2025\/12\/Artboard-4-100-354x500.jpg 354w, https:\/\/cipe.org.br\/novo\/wp-content\/uploads\/2025\/12\/Artboard-4-100-212x300.jpg 212w, https:\/\/cipe.org.br\/novo\/wp-content\/uploads\/2025\/12\/Artboard-4-100-53x75.jpg 53w, https:\/\/cipe.org.br\/novo\/wp-content\/uploads\/2025\/12\/Artboard-4-100-480x678.jpg 480w\" sizes=\"(max-width:767px) 480px, 596px\" \/> <img loading=\"lazy\" decoding=\"async\" class=\"aligncenter size-full wp-image-22768\" src=\"https:\/\/cipe.org.br\/novo\/wp-content\/uploads\/2025\/12\/Artboard-5-100.jpg\" alt=\"\" width=\"596\" height=\"842\" srcset=\"https:\/\/cipe.org.br\/novo\/wp-content\/uploads\/2025\/12\/Artboard-5-100.jpg 596w, https:\/\/cipe.org.br\/novo\/wp-content\/uploads\/2025\/12\/Artboard-5-100-354x500.jpg 354w, https:\/\/cipe.org.br\/novo\/wp-content\/uploads\/2025\/12\/Artboard-5-100-212x300.jpg 212w, https:\/\/cipe.org.br\/novo\/wp-content\/uploads\/2025\/12\/Artboard-5-100-53x75.jpg 53w, https:\/\/cipe.org.br\/novo\/wp-content\/uploads\/2025\/12\/Artboard-5-100-480x678.jpg 480w\" sizes=\"(max-width:767px) 480px, 596px\" \/> <img loading=\"lazy\" decoding=\"async\" class=\"aligncenter size-full wp-image-22769\" src=\"https:\/\/cipe.org.br\/novo\/wp-content\/uploads\/2025\/12\/Artboard-6-100.jpg\" alt=\"\" width=\"596\" height=\"842\" srcset=\"https:\/\/cipe.org.br\/novo\/wp-content\/uploads\/2025\/12\/Artboard-6-100.jpg 596w, https:\/\/cipe.org.br\/novo\/wp-content\/uploads\/2025\/12\/Artboard-6-100-354x500.jpg 354w, https:\/\/cipe.org.br\/novo\/wp-content\/uploads\/2025\/12\/Artboard-6-100-212x300.jpg 212w, https:\/\/cipe.org.br\/novo\/wp-content\/uploads\/2025\/12\/Artboard-6-100-53x75.jpg 53w, https:\/\/cipe.org.br\/novo\/wp-content\/uploads\/2025\/12\/Artboard-6-100-480x678.jpg 480w\" sizes=\"(max-width:767px) 480px, 596px\" \/> <img loading=\"lazy\" decoding=\"async\" class=\"aligncenter size-full wp-image-22770\" src=\"https:\/\/cipe.org.br\/novo\/wp-content\/uploads\/2025\/12\/Artboard-7-100.jpg\" alt=\"\" width=\"596\" height=\"842\" srcset=\"https:\/\/cipe.org.br\/novo\/wp-content\/uploads\/2025\/12\/Artboard-7-100.jpg 596w, https:\/\/cipe.org.br\/novo\/wp-content\/uploads\/2025\/12\/Artboard-7-100-354x500.jpg 354w, https:\/\/cipe.org.br\/novo\/wp-content\/uploads\/2025\/12\/Artboard-7-100-212x300.jpg 212w, https:\/\/cipe.org.br\/novo\/wp-content\/uploads\/2025\/12\/Artboard-7-100-53x75.jpg 53w, https:\/\/cipe.org.br\/novo\/wp-content\/uploads\/2025\/12\/Artboard-7-100-480x678.jpg 480w\" sizes=\"(max-width:767px) 480px, 596px\" \/> <img loading=\"lazy\" decoding=\"async\" class=\"aligncenter size-full wp-image-22771\" src=\"https:\/\/cipe.org.br\/novo\/wp-content\/uploads\/2025\/12\/Artboard-8-100.jpg\" alt=\"\" width=\"596\" height=\"842\" srcset=\"https:\/\/cipe.org.br\/novo\/wp-content\/uploads\/2025\/12\/Artboard-8-100.jpg 596w, https:\/\/cipe.org.br\/novo\/wp-content\/uploads\/2025\/12\/Artboard-8-100-354x500.jpg 354w, https:\/\/cipe.org.br\/novo\/wp-content\/uploads\/2025\/12\/Artboard-8-100-212x300.jpg 212w, https:\/\/cipe.org.br\/novo\/wp-content\/uploads\/2025\/12\/Artboard-8-100-53x75.jpg 53w, https:\/\/cipe.org.br\/novo\/wp-content\/uploads\/2025\/12\/Artboard-8-100-480x678.jpg 480w\" sizes=\"(max-width:767px) 480px, 596px\" \/> <img loading=\"lazy\" decoding=\"async\" class=\"aligncenter size-full wp-image-22772\" src=\"https:\/\/cipe.org.br\/novo\/wp-content\/uploads\/2025\/12\/Artboard-9-100.jpg\" alt=\"\" width=\"596\" height=\"842\" srcset=\"https:\/\/cipe.org.br\/novo\/wp-content\/uploads\/2025\/12\/Artboard-9-100.jpg 596w, https:\/\/cipe.org.br\/novo\/wp-content\/uploads\/2025\/12\/Artboard-9-100-354x500.jpg 354w, https:\/\/cipe.org.br\/novo\/wp-content\/uploads\/2025\/12\/Artboard-9-100-212x300.jpg 212w, https:\/\/cipe.org.br\/novo\/wp-content\/uploads\/2025\/12\/Artboard-9-100-53x75.jpg 53w, https:\/\/cipe.org.br\/novo\/wp-content\/uploads\/2025\/12\/Artboard-9-100-480x678.jpg 480w\" sizes=\"(max-width:767px) 480px, 596px\" \/> <img loading=\"lazy\" decoding=\"async\" class=\"aligncenter size-full wp-image-22773\" src=\"https:\/\/cipe.org.br\/novo\/wp-content\/uploads\/2025\/12\/Artboard-10-100.jpg\" alt=\"\" width=\"596\" height=\"842\" srcset=\"https:\/\/cipe.org.br\/novo\/wp-content\/uploads\/2025\/12\/Artboard-10-100.jpg 596w, https:\/\/cipe.org.br\/novo\/wp-content\/uploads\/2025\/12\/Artboard-10-100-354x500.jpg 354w, https:\/\/cipe.org.br\/novo\/wp-content\/uploads\/2025\/12\/Artboard-10-100-212x300.jpg 212w, https:\/\/cipe.org.br\/novo\/wp-content\/uploads\/2025\/12\/Artboard-10-100-53x75.jpg 53w, https:\/\/cipe.org.br\/novo\/wp-content\/uploads\/2025\/12\/Artboard-10-100-480x678.jpg 480w\" sizes=\"(max-width:767px) 480px, 596px\" \/> <img loading=\"lazy\" decoding=\"async\" class=\"aligncenter size-full wp-image-22774\" src=\"https:\/\/cipe.org.br\/novo\/wp-content\/uploads\/2025\/12\/Artboard-11-100.jpg\" alt=\"\" width=\"596\" height=\"842\" srcset=\"https:\/\/cipe.org.br\/novo\/wp-content\/uploads\/2025\/12\/Artboard-11-100.jpg 596w, https:\/\/cipe.org.br\/novo\/wp-content\/uploads\/2025\/12\/Artboard-11-100-354x500.jpg 354w, https:\/\/cipe.org.br\/novo\/wp-content\/uploads\/2025\/12\/Artboard-11-100-212x300.jpg 212w, https:\/\/cipe.org.br\/novo\/wp-content\/uploads\/2025\/12\/Artboard-11-100-53x75.jpg 53w, https:\/\/cipe.org.br\/novo\/wp-content\/uploads\/2025\/12\/Artboard-11-100-480x678.jpg 480w\" sizes=\"(max-width:767px) 480px, 596px\" \/><\/p>\n<p>&nbsp;<\/p>\n","protected":false},"excerpt":{"rendered":"<p>A CIPE segue ampliando oportunidades reais de forma\u00e7\u00e3o para seus associados. A Sociedade Brasileira de Cirurgia Pedi\u00e1trica firmou uma parceria com o Centro de Forma\u00e7\u00e3o em<span class=\"excerpt-hellip\"> [\u2026]<\/span><\/p>\n","protected":false},"author":1,"featured_media":0,"parent":0,"menu_order":0,"comment_status":"closed","ping_status":"closed","template":"","meta":{"footnotes":""},"_links":{"self":[{"href":"https:\/\/cipe.org.br\/novo\/wp-json\/wp\/v2\/pages\/17850"}],"collection":[{"href":"https:\/\/cipe.org.br\/novo\/wp-json\/wp\/v2\/pages"}],"about":[{"href":"https:\/\/cipe.org.br\/novo\/wp-json\/wp\/v2\/types\/page"}],"author":[{"embeddable":true,"href":"https:\/\/cipe.org.br\/novo\/wp-json\/wp\/v2\/users\/1"}],"replies":[{"embeddable":true,"href":"https:\/\/cipe.org.br\/novo\/wp-json\/wp\/v2\/comments?post=17850"}],"version-history":[{"count":17,"href":"https:\/\/cipe.org.br\/novo\/wp-json\/wp\/v2\/pages\/17850\/revisions"}],"predecessor-version":[{"id":23029,"href":"https:\/\/cipe.org.br\/novo\/wp-json\/wp\/v2\/pages\/17850\/revisions\/23029"}],"wp:attachment":[{"href":"https:\/\/cipe.org.br\/novo\/wp-json\/wp\/v2\/media?parent=17850"}],"curies":[{"name":"wp","href":"https:\/\/api.w.org\/{rel}","templated":true}]}}