{"id":15987,"date":"2021-05-11T11:25:43","date_gmt":"2021-05-11T14:25:43","guid":{"rendered":"https:\/\/cipe.org.br\/novo\/?page_id=15987"},"modified":"2022-01-28T09:59:17","modified_gmt":"2022-01-28T12:59:17","slug":"curso-de-certificacao-em-cirurgia-robotica","status":"publish","type":"page","link":"https:\/\/cipe.org.br\/novo\/cirurgia-robotica\/curso-de-certificacao-em-cirurgia-robotica\/","title":{"rendered":"Curso de Certifica\u00e7\u00e3o em Cirurgia Rob\u00f3tica"},"content":{"rendered":"<p>Os associados da Associa\u00e7\u00e3o Brasileira de Cirurgia Pedi\u00e1trica contam com desconto no Curso de Certifica\u00e7\u00e3o em Cirurgia Rob\u00f3tica, do <a href=\"https:\/\/ifalke.com\/pt-BR\/\" target=\"_blank\" rel=\"noopener noreferrer\">Instituto Falke<\/a>.<\/p>\n<p><strong>Tendo em vista oferecer mais benef\u00edcios a seus associados, a CIPE abriu m\u00e3o do valor que teria a receber pela parceria em troca de descontos para os associados quites. Assim, os associados titulares ter\u00e3o 15% de desconto no valor, enquanto que os associados participantes, 10%.<\/strong><\/p>\n<p>Com mais de sete anos de atua\u00e7\u00e3o na \u00e1rea, o Instituto Falke organiza e realiza cursos m\u00e9dicos focados em procedimentos de alta complexidade e novas fronteiras da Medicina.<\/p>\n<p>\u201cN\u00f3s come\u00e7amos extraoficialmente em 2014 organizando cursos de extens\u00e3o em Cirurgia Minimamente Invasiva e a partir de 2015 estendemos a atua\u00e7\u00e3o para a transmiss\u00e3o de cirurgias ao vivo. Em 2017 passamos a organizar congressos e eventos m\u00e9dicos com transmiss\u00f5es de cirurgias ao vivo, como o Congresso Brasileiro de Cirurgia Minimamente Invasiva, o Congresso Mundial de Ginecologia Oncol\u00f3gica, al\u00e9m de outros eventos regionais e nacionais. Em 2018, nos tornamos a primeira institui\u00e7\u00e3o independente a organizar curso de Cirurgia Rob\u00f3tica, realizado no Paran\u00e1. Nos \u00faltimos dois anos firmamos parcerias com hospitais para a realiza\u00e7\u00e3o de eventos, assim como desde novembro temos fechado parcerias com associa\u00e7\u00f5es m\u00e9dicas, como a CIPE\u201d, declara o Dr. Reitan.<\/p>\n<p>Tem interesse em participar do Curso de Certifica\u00e7\u00e3o em Cirurgia Rob\u00f3tica?<\/p>\n<p>Preencha o formul\u00e1rio abaixo, fa\u00e7a sua pr\u00e9-inscri\u00e7\u00e3o que entraremos em contato:<\/p>\n\n<div class=\"wpcf7 no-js\" id=\"wpcf7-f15990-o1\" lang=\"pt-BR\" dir=\"ltr\">\n<div class=\"screen-reader-response\"><p role=\"status\" aria-live=\"polite\" aria-atomic=\"true\"><\/p> <ul><\/ul><\/div>\n<form action=\"\/novo\/wp-json\/wp\/v2\/pages\/15987#wpcf7-f15990-o1\" method=\"post\" class=\"wpcf7-form init\" aria-label=\"Formul\u00e1rios de contato\" novalidate=\"novalidate\" data-status=\"init\">\n<div style=\"display: none;\">\n<input type=\"hidden\" name=\"_wpcf7\" value=\"15990\" \/>\n<input type=\"hidden\" name=\"_wpcf7_version\" value=\"5.9.8\" \/>\n<input type=\"hidden\" name=\"_wpcf7_locale\" value=\"pt_BR\" \/>\n<input type=\"hidden\" name=\"_wpcf7_unit_tag\" value=\"wpcf7-f15990-o1\" \/>\n<input type=\"hidden\" name=\"_wpcf7_container_post\" value=\"0\" \/>\n<input type=\"hidden\" name=\"_wpcf7_posted_data_hash\" value=\"\" \/>\n<\/div>\n<p><label> Nome<br \/>\n<span class=\"wpcf7-form-control-wrap\" data-name=\"your-name\"><input size=\"40\" maxlength=\"400\" class=\"wpcf7-form-control wpcf7-text wpcf7-validates-as-required\" aria-required=\"true\" aria-invalid=\"false\" value=\"\" type=\"text\" name=\"your-name\" \/><\/span> <\/label>\n<\/p>\n<p><label> E-mail<br \/>\n<span class=\"wpcf7-form-control-wrap\" data-name=\"your-email\"><input size=\"40\" maxlength=\"400\" class=\"wpcf7-form-control wpcf7-email wpcf7-validates-as-required wpcf7-text wpcf7-validates-as-email\" aria-required=\"true\" aria-invalid=\"false\" value=\"\" type=\"email\" name=\"your-email\" \/><\/span> <\/label>\n<\/p>\n<p><label> Data de nascimento<br \/>\n<span class=\"wpcf7-form-control-wrap\" data-name=\"data_nascimento\"><input class=\"wpcf7-form-control wpcf7-date wpcf7-validates-as-required wpcf7-validates-as-date\" aria-required=\"true\" aria-invalid=\"false\" value=\"\" type=\"date\" name=\"data_nascimento\" \/><\/span> <\/label>\n<\/p>\n<p><label> Telefone<br \/>\n<span class=\"wpcf7-form-control-wrap\" data-name=\"telefone\"><input size=\"40\" maxlength=\"400\" class=\"wpcf7-form-control wpcf7-text wpcf7-validates-as-required\" aria-required=\"true\" aria-invalid=\"false\" value=\"\" type=\"text\" name=\"telefone\" \/><\/span> <\/label>\n<\/p>\n<p><label> CPF<br \/>\n<span class=\"wpcf7-form-control-wrap\" data-name=\"cpf\"><input size=\"40\" maxlength=\"400\" class=\"wpcf7-form-control wpcf7-text wpcf7-validates-as-required\" aria-required=\"true\" aria-invalid=\"false\" value=\"\" type=\"text\" name=\"cpf\" \/><\/span> <\/label>\n<\/p>\n<p><label> CRM<br \/>\n<span class=\"wpcf7-form-control-wrap\" data-name=\"crm\"><input size=\"40\" maxlength=\"400\" class=\"wpcf7-form-control wpcf7-text wpcf7-validates-as-required\" aria-required=\"true\" aria-invalid=\"false\" value=\"\" type=\"text\" name=\"crm\" \/><\/span> <\/label>\n<\/p>\n<p><label> Estado<br \/>\n<span class=\"wpcf7-form-control-wrap\" data-name=\"estado\"><input size=\"40\" maxlength=\"400\" class=\"wpcf7-form-control wpcf7-text wpcf7-validates-as-required\" aria-required=\"true\" aria-invalid=\"false\" value=\"\" type=\"text\" name=\"estado\" \/><\/span> <\/label>\n<\/p>\n<p><label> Cidade<br \/>\n<span class=\"wpcf7-form-control-wrap\" data-name=\"cidade\"><input size=\"40\" maxlength=\"400\" class=\"wpcf7-form-control wpcf7-text wpcf7-validates-as-required\" aria-required=\"true\" aria-invalid=\"false\" value=\"\" type=\"text\" name=\"cidade\" \/><\/span> <\/label>\n<\/p>\n<p><input class=\"wpcf7-form-control wpcf7-submit has-spinner\" type=\"submit\" value=\"Enviar\" \/>\n<\/p><div class=\"wpcf7-response-output\" aria-hidden=\"true\"><\/div>\n<\/form>\n<\/div>\n\n","protected":false},"excerpt":{"rendered":"<p>Os associados da Associa\u00e7\u00e3o Brasileira de Cirurgia Pedi\u00e1trica contam com desconto no Curso de Certifica\u00e7\u00e3o em Cirurgia Rob\u00f3tica, do Instituto Falke. Tendo em vista oferecer mais<span class=\"excerpt-hellip\"> [\u2026]<\/span><\/p>\n","protected":false},"author":1,"featured_media":0,"parent":17850,"menu_order":0,"comment_status":"closed","ping_status":"closed","template":"","meta":{"footnotes":""},"_links":{"self":[{"href":"https:\/\/cipe.org.br\/novo\/wp-json\/wp\/v2\/pages\/15987"}],"collection":[{"href":"https:\/\/cipe.org.br\/novo\/wp-json\/wp\/v2\/pages"}],"about":[{"href":"https:\/\/cipe.org.br\/novo\/wp-json\/wp\/v2\/types\/page"}],"author":[{"embeddable":true,"href":"https:\/\/cipe.org.br\/novo\/wp-json\/wp\/v2\/users\/1"}],"replies":[{"embeddable":true,"href":"https:\/\/cipe.org.br\/novo\/wp-json\/wp\/v2\/comments?post=15987"}],"version-history":[{"count":10,"href":"https:\/\/cipe.org.br\/novo\/wp-json\/wp\/v2\/pages\/15987\/revisions"}],"predecessor-version":[{"id":16186,"href":"https:\/\/cipe.org.br\/novo\/wp-json\/wp\/v2\/pages\/15987\/revisions\/16186"}],"up":[{"embeddable":true,"href":"https:\/\/cipe.org.br\/novo\/wp-json\/wp\/v2\/pages\/17850"}],"wp:attachment":[{"href":"https:\/\/cipe.org.br\/novo\/wp-json\/wp\/v2\/media?parent=15987"}],"curies":[{"name":"wp","href":"https:\/\/api.w.org\/{rel}","templated":true}]}}