{"id":14695,"date":"2020-10-19T14:35:13","date_gmt":"2020-10-19T17:35:13","guid":{"rendered":"https:\/\/cipe.org.br\/novo\/?page_id=14695"},"modified":"2020-10-19T14:36:27","modified_gmt":"2020-10-19T17:36:27","slug":"i-congresso-brasileiro-de-cirurgia-pediatrica-online","status":"publish","type":"page","link":"https:\/\/cipe.org.br\/novo\/congresso-brasileiro-de-cirurgia-pediatrica\/i-congresso-brasileiro-de-cirurgia-pediatrica-online\/","title":{"rendered":"I Congresso Brasileiro de Cirurgia Pedi\u00e1trica online"},"content":{"rendered":"<p><img loading=\"lazy\" decoding=\"async\" class=\"aligncenter size-full wp-image-14697\" src=\"https:\/\/cipe.org.br\/novo\/wp-content\/uploads\/2020\/10\/logo_congresso_online_site.jpg\" alt=\"\" width=\"300\" height=\"100\" \/><\/p>\n<p>Evento realizado de 12 a 18 de outubro de 2020<\/p>\n<p><strong>CONFIRA OS V\u00cdDEOS<\/strong><\/p>\n<ul>\n<li><a href=\"https:\/\/cipe.org.br\/novo\/dia-12-i-congresso-brasileiro-de-cirurgia-pediatrica-online\/\">12 de outubro<\/a><\/li>\n<li><a href=\"https:\/\/cipe.org.br\/novo\/dia-13-i-congresso-brasileiro-de-cirurgia-pediatrica-online\/\">13 de outubro<\/a><\/li>\n<li><a href=\"https:\/\/cipe.org.br\/novo\/dia-14-i-congresso-brasileiro-de-cirurgia-pediatrica-online\/\">14 de outubro<\/a><\/li>\n<li><a href=\"https:\/\/cipe.org.br\/novo\/dia-15-i-congresso-brasileiro-de-cirurgia-pediatrica-online\/\">15 de outubro<\/a><\/li>\n<li><a href=\"https:\/\/cipe.org.br\/novo\/dia-16-i-congresso-brasileiro-de-cirurgia-pediatrica-online\/\">16 de outubro<\/a><\/li>\n<li><a href=\"https:\/\/cipe.org.br\/novo\/dia-17-i-congresso-brasileiro-de-cirurgia-pediatrica-online\/\">17 de outubro<\/a><\/li>\n<li><a href=\"https:\/\/cipe.org.br\/novo\/encerramento-i-congresso-brasileiro-de-cirurgia-pediatrica-online\/\">18 de outubro<\/a><\/li>\n<\/ul>\n<p><strong>PROGRAMA\u00c7\u00c3O<\/strong><\/p>\n<p><strong>12 DE OUTUBRO (segunda-feira)<\/strong><\/p>\n<p><strong>19h30<\/strong>\u00a0Abertura: Hino Nacional<br \/>\n<strong>20h<\/strong>\u00a0Associatividade<br \/>\n<em>Lincoln Ferreira<\/em><br \/>\n<strong>20h15<\/strong>\u00a0Matriz de Compet\u00eancia da CIPE<br \/>\n<em>Jos\u00e9 Roberto de Souza Baratella<\/em><br \/>\n<strong>20h45<\/strong>\u00a0Pesquisa em Cirurgia Pedi\u00e1trica<br \/>\n<em>Louren\u00e7o Sbragia Neto<\/em><\/p>\n<p><strong>13 DE OUTUBRO (ter\u00e7a-feira)<\/strong><\/p>\n<p><strong>19h30<\/strong>\u00a0Estado atual do tratamento da S\u00edndrome do Intestino Curto na crian\u00e7a<br \/>\n<em>Ana Cristina Tannuri<br \/>\n<\/em>Moderadora: Jocemara Gurmini<em><br \/>\n<\/em><strong>20h30<\/strong>\u00a0Programas de Reabilita\u00e7\u00e3o Intestinal.<br \/>\n<em>Uenis Tannuri<\/em><br \/>\nModerador: Hugo da Costa Ribeiro J\u00fanior<br \/>\n<strong>21h30<\/strong>\u00a0Cisto Pilonidal: uma nova abordagem<br \/>\n<em>Nat\u00e1lia Pagan<\/em><br \/>\nModeradora: Melissa Volpiani<\/p>\n<p><strong>14 DE OUTUBRO (quarta-feira)<\/strong><\/p>\n<p><strong>19h30<\/strong>\u00a0Traqueobroncomalacia<br \/>\n<em>Jos\u00e9 Carlos Soares Fraga<\/em><br \/>\nModerador: \u00c1tila Reis Victoria<br \/>\n<strong>20h15<\/strong>\u00a0Treinamento simulado para videocirurgia e cirurgia fetal<br \/>\n<em>Marcela Bailez<\/em><br \/>\nModerador: Sergio Melo<\/p>\n<p><strong>15 DE OUTUBRO (quinta-feira)<\/strong><\/p>\n<p><strong>19h30<\/strong>\u00a0Transplante Hep\u00e1tico e transplante intestinal<br \/>\n<em>Jo\u00e3o Seda Neto<\/em><br \/>\nModerador: Sylvio Avilla<br \/>\n<strong>20h30<\/strong>\u00a0RGE<br \/>\n<em>Sperandio Del Caro<\/em><br \/>\nModerador: Marcos Del Caro<\/p>\n<p><strong>16 DE OUTUBRO DE 2020 (sexta-feira)<\/strong><\/p>\n<p><strong>19h30<\/strong>\u00a0Criatividade em Cirurgia Pedi\u00e1trica<br \/>\n<em>Alberto Pe\u00f1a<br \/>\n<\/em>Moderador: Murillo Capella<br \/>\n<strong>20h30<\/strong>\u00a0Principais desafios no seguimento das Malforma\u00e7\u00f5es Anorretais<br \/>\n<em>Andrea Bischoff<br \/>\nModera\u00e7\u00e3o: Percy Sandoval Ribera<br \/>\n<\/em><\/p>\n<p><strong>17 DE OUTUBRO (s\u00e1bado)<\/strong><\/p>\n<p><strong>14h30<\/strong>\u00a0Neuroblastoma<br \/>\n<em>Vilani Kremer<\/em><br \/>\nModerador: Christian Escobar<\/p>\n<p><strong>15h30<\/strong>\u00a0Tumor de p\u00e2ncreas e modelo 3D<br \/>\n<em>Hor\u00e1cio Alberto Questa<\/em><br \/>\nModerador: Simone Oliveira Coelho<\/p>\n<p><strong>17h<\/strong>\u00a0Tratamento atual das Anomalias Vasculares<br \/>\n<em>Juan Carlos Duarte Valencia<\/em>\u00a0(MEX)<br \/>\nModerador: Vilani Kremer<\/p>\n<p><strong>18h<\/strong>\u00a0Como eu trato Hemangiomas e Malforma\u00e7\u00f5es Vasculares: apresenta\u00e7\u00e3o de casos<br \/>\n<em>Heloisa Galv\u00e3o Amaral Campos<\/em><br \/>\nComentador:\u00a0<em>Mauricio Amoedo<\/em><br \/>\nComentador:\u00a0<em>Juan Carlos Valencia (MEX)<\/em><br \/>\nModerador:\u00a0<em>Francisco Nicanor<\/em><\/p>\n<p><strong>18 DE OUTUBRO (domingo)<\/strong><\/p>\n<p><strong>10h-12h<\/strong>\u00a0DDS<br \/>\n<em>Jo\u00e3o Luiz Pippi Salle<\/em><br \/>\nModerador: Lisieux Eyer de Jesus<\/p>\n<p><strong>15h<\/strong>\u00a0Trauma na Crian\u00e7a Novos Paradigmas<br \/>\n<em>Martin Eichelberger<\/em><br \/>\nModerador: Leila Grisa<\/p>\n<p><strong>16h<\/strong>\u00a0Cirurgia Pedi\u00e1trica Rob\u00f3tica no Brasil<br \/>\n<em>Maria Lucia Apezzato<\/em><br \/>\nModerador: Edward Esteves<\/p>\n<p><strong>17h<\/strong>\u00a0Capacita\u00e7\u00e3o em Rob\u00f3tica<br \/>\n<em>Aldo Melo<\/em><br \/>\nModeradora: Vilani Kremer<\/p>\n<p>&nbsp;<\/p>\n<p>&nbsp;<\/p>\n","protected":false},"excerpt":{"rendered":"<p>Evento realizado de 12 a 18 de outubro de 2020 CONFIRA OS V\u00cdDEOS 12 de outubro 13 de outubro 14 de outubro 15 de outubro 16<span class=\"excerpt-hellip\"> [\u2026]<\/span><\/p>\n","protected":false},"author":1,"featured_media":0,"parent":8963,"menu_order":0,"comment_status":"closed","ping_status":"closed","template":"","meta":{"footnotes":""},"_links":{"self":[{"href":"https:\/\/cipe.org.br\/novo\/wp-json\/wp\/v2\/pages\/14695"}],"collection":[{"href":"https:\/\/cipe.org.br\/novo\/wp-json\/wp\/v2\/pages"}],"about":[{"href":"https:\/\/cipe.org.br\/novo\/wp-json\/wp\/v2\/types\/page"}],"author":[{"embeddable":true,"href":"https:\/\/cipe.org.br\/novo\/wp-json\/wp\/v2\/users\/1"}],"replies":[{"embeddable":true,"href":"https:\/\/cipe.org.br\/novo\/wp-json\/wp\/v2\/comments?post=14695"}],"version-history":[{"count":1,"href":"https:\/\/cipe.org.br\/novo\/wp-json\/wp\/v2\/pages\/14695\/revisions"}],"predecessor-version":[{"id":14698,"href":"https:\/\/cipe.org.br\/novo\/wp-json\/wp\/v2\/pages\/14695\/revisions\/14698"}],"up":[{"embeddable":true,"href":"https:\/\/cipe.org.br\/novo\/wp-json\/wp\/v2\/pages\/8963"}],"wp:attachment":[{"href":"https:\/\/cipe.org.br\/novo\/wp-json\/wp\/v2\/media?parent=14695"}],"curies":[{"name":"wp","href":"https:\/\/api.w.org\/{rel}","templated":true}]}}