{"id":10149,"date":"2019-09-04T16:29:28","date_gmt":"2019-09-04T19:29:28","guid":{"rendered":"https:\/\/cipe.org.br\/novo\/?page_id=10149"},"modified":"2026-02-25T15:00:40","modified_gmt":"2026-02-25T18:00:40","slug":"rio-grande-do-sul","status":"publish","type":"page","link":"https:\/\/cipe.org.br\/novo\/associados\/rio-grande-do-sul\/","title":{"rendered":"Rio Grande do Sul"},"content":{"rendered":"<p><strong>BENTO GON\u00c7ALVES<\/strong><\/p>\n<ul>\n<li><strong>Natalia Baseggio (participante)<\/strong><\/li>\n<\/ul>\n<p><strong>CACHOEIRA DO SUL<\/strong><\/p>\n<ul>\n<li><strong>\u00c1lvaro Augusto Rosa de Noronha (participante)<\/strong><\/li>\n<\/ul>\n<p><strong>CAXIAS DO SUL<\/strong><\/p>\n<ul>\n<li><strong>Eduardo Spadari de Ara\u00fajo (titular)<\/strong><\/li>\n<li><strong>Mar\u00edlia Hojaij Carvalho Rochetti (titular)<\/strong><\/li>\n<\/ul>\n<p><strong>LAJEADO<\/strong><\/p>\n<ul>\n<li><strong>Alain Viegas Detobel (participante)<\/strong><\/li>\n<\/ul>\n<p><strong>PASSO FUNDO<\/strong><\/p>\n<ul>\n<li><strong>Gustavo Pileggi Castro (titular)<\/strong><\/li>\n<\/ul>\n<p><strong>PELOTAS<\/strong><\/p>\n<ul>\n<li><strong>Enio Paulo Pereira de Ara\u00fajo (remido)<\/strong><\/li>\n<li><strong>Victor Manuel Brizida Garcia Neto (participante)<\/strong><\/li>\n<\/ul>\n<p><strong>PORTO ALEGRE<\/strong><\/p>\n<ul>\n<li><strong>Aline Bianchi Bittencourt (participante)<\/strong><\/li>\n<li><strong>Carlos Alberto Hoff Peterson (remido)<\/strong><\/li>\n<li><strong>Caroline Gargioni Barreto (participante)<\/strong><\/li>\n<li><strong>Cristine Suzana Trein (participante)<\/strong><\/li>\n<li><strong>Eduardo Corr\u00eaa Costa (titular)<\/strong><\/li>\n<li><strong>Elin\u00eas Oliva Maciel (remido)<\/strong><\/li>\n<li><strong>Felipe Colombo de Holanda (participante)<\/strong><\/li>\n<li><strong>Fernanda Oliveira Ferreira (titular)<\/strong><\/li>\n<li><strong>Francine Burtet Bondan (participante)<\/strong><\/li>\n<li><strong>Gast\u00e3o Mello Coelho Silva (titular)<\/strong><\/li>\n<li><strong>Guilherme Eckert Peterson (titular)<\/strong><\/li>\n<li><strong>Iuri Nunes Kist (participante)<\/strong><\/li>\n<li><strong>Ivan Reni Denardi (titular)<\/strong><\/li>\n<li><strong>Joana Beatriz Yonan da Silva (participante)<\/strong><\/li>\n<li><strong>Jo\u00e3o Cyrus Bastos (titular)<\/strong><\/li>\n<li><strong>Jo\u00e3o Vicente Bassols (remido)<\/strong><\/li>\n<li><strong>Jos\u00e9 Carlos Soares de Fraga (titular)<\/strong><\/li>\n<li><strong>Jo\u00e3o Carlos Ketzer de Souza (remido)<\/strong><\/li>\n<li><strong>Let\u00edcia Feldens (titular)<\/strong><\/li>\n<li><strong>Lionel Leitzke (titular)<\/strong><\/li>\n<li><strong>Marcelo Costamilan Rombaldi<\/strong> <strong>(titular)<\/strong><\/li>\n<li><strong>Marcus Vinicius da Silva Azenha (titular)<\/strong><\/li>\n<li><strong>Mathias Antonio Poczyzts (titular)<\/strong><\/li>\n<li><strong>Nicole Knorr (titular)<\/strong><\/li>\n<li><strong>Nicolino C\u00e9sar Rosito (titular)<\/strong><\/li>\n<li><strong>Nivaldo Fontoura Severo (participante)<\/strong><\/li>\n<li><strong>Rafael Trindade Deyl (titular)<\/strong><\/li>\n<li><strong>Taismar Liliane da Silva Oliveira (titular)<\/strong><\/li>\n<li><strong>Thiago Barth Bertotto (titular)<\/strong><\/li>\n<\/ul>\n<p><strong>RIO GRANDE<\/strong><\/p>\n<ul>\n<li><strong>Alessandro Menezes de Oliveira (participante)<\/strong><\/li>\n<\/ul>\n<p><strong>SANTA CRUZ DO SUL<\/strong><\/p>\n<ul>\n<li><strong>Carolina Lonzanova Dur\u00e9 (participante)<\/strong><\/li>\n<li><strong>Marcio Abelha Martins (titular)<\/strong><\/li>\n<\/ul>\n<p><strong>SANTA MARIA<\/strong><\/p>\n<ul>\n<li><strong>Francine Burlet Bondon (participante)<\/strong><\/li>\n<li><strong>Gabriela Ruschel Zanolla (participante)<\/strong><\/li>\n<\/ul>\n<p><strong>S\u00c3O LEOPOLDO<\/strong><\/p>\n<ul>\n<li><strong>Mariana Seidl Gomes Orlandini (titular)<\/strong><\/li>\n<\/ul>\n<p>&nbsp;<\/p>\n","protected":false},"excerpt":{"rendered":"<p>BENTO GON\u00c7ALVES Natalia Baseggio (participante) CACHOEIRA DO SUL \u00c1lvaro Augusto Rosa de Noronha (participante) CAXIAS DO SUL Eduardo Spadari de Ara\u00fajo (titular) Mar\u00edlia Hojaij Carvalho Rochetti<span class=\"excerpt-hellip\"> [\u2026]<\/span><\/p>\n","protected":false},"author":1,"featured_media":0,"parent":8944,"menu_order":0,"comment_status":"closed","ping_status":"closed","template":"","meta":{"footnotes":""},"_links":{"self":[{"href":"https:\/\/cipe.org.br\/novo\/wp-json\/wp\/v2\/pages\/10149"}],"collection":[{"href":"https:\/\/cipe.org.br\/novo\/wp-json\/wp\/v2\/pages"}],"about":[{"href":"https:\/\/cipe.org.br\/novo\/wp-json\/wp\/v2\/types\/page"}],"author":[{"embeddable":true,"href":"https:\/\/cipe.org.br\/novo\/wp-json\/wp\/v2\/users\/1"}],"replies":[{"embeddable":true,"href":"https:\/\/cipe.org.br\/novo\/wp-json\/wp\/v2\/comments?post=10149"}],"version-history":[{"count":60,"href":"https:\/\/cipe.org.br\/novo\/wp-json\/wp\/v2\/pages\/10149\/revisions"}],"predecessor-version":[{"id":22996,"href":"https:\/\/cipe.org.br\/novo\/wp-json\/wp\/v2\/pages\/10149\/revisions\/22996"}],"up":[{"embeddable":true,"href":"https:\/\/cipe.org.br\/novo\/wp-json\/wp\/v2\/pages\/8944"}],"wp:attachment":[{"href":"https:\/\/cipe.org.br\/novo\/wp-json\/wp\/v2\/media?parent=10149"}],"curies":[{"name":"wp","href":"https:\/\/api.w.org\/{rel}","templated":true}]}}