{"id":10147,"date":"2019-09-04T16:03:03","date_gmt":"2019-09-04T19:03:03","guid":{"rendered":"https:\/\/cipe.org.br\/novo\/?page_id=10147"},"modified":"2026-03-09T15:48:14","modified_gmt":"2026-03-09T18:48:14","slug":"rio-grande-do-norte","status":"publish","type":"page","link":"https:\/\/cipe.org.br\/novo\/associados\/rio-grande-do-norte\/","title":{"rendered":"Rio Grande do Norte"},"content":{"rendered":"<p><strong>MOSSOR\u00d3<\/strong><\/p>\n<ul>\n<li><strong>Thailane Irineu de Morais Rodovalho (participante)<\/strong><\/li>\n<\/ul>\n<p><strong>NATAL<\/strong><\/p>\n<ul>\n<li><strong>Alexandre Arouca de Carvalho (participante)<br \/>\n<\/strong><\/li>\n<li><strong>Fl\u00e1vio Alexandre Santos de Azevedo (participante)<\/strong><\/li>\n<li><strong>Limirio Cardoso D&#8217; \u00c1vila Filho (participante)<\/strong><\/li>\n<li><strong>Manoel Marques de Melo (participante)\u00a0<\/strong><\/li>\n<li><strong>Marcela Samille Ara\u00fajo de Brito (titular)<\/strong><\/li>\n<li><strong>Marx Mariano de Melo (titular)<\/strong><\/li>\n<li><strong>Rita Medeiros Ferreira (titular)<\/strong><\/li>\n<li><strong>Rodrigo Cesar Lima Oliveira (participante)<\/strong><\/li>\n<li><strong>S\u00e9rgio Pacheco Ferreira de Melo (titular)<\/strong><\/li>\n<li><strong>Ulysses Cavalcante e Cavalcante (participante)<\/strong><\/li>\n<li><strong>Zita de Souza Rocha (remido)<\/strong><\/li>\n<\/ul>\n<p><strong>\u00a0<\/strong><\/p>\n<p>&nbsp;<\/p>\n","protected":false},"excerpt":{"rendered":"<p>MOSSOR\u00d3 Thailane Irineu de Morais Rodovalho (participante) NATAL Alexandre Arouca de Carvalho (participante) Fl\u00e1vio Alexandre Santos de Azevedo (participante) Limirio Cardoso D&#8217; \u00c1vila Filho (participante) Manoel<span class=\"excerpt-hellip\"> [\u2026]<\/span><\/p>\n","protected":false},"author":1,"featured_media":0,"parent":8944,"menu_order":0,"comment_status":"closed","ping_status":"closed","template":"","meta":{"footnotes":""},"_links":{"self":[{"href":"https:\/\/cipe.org.br\/novo\/wp-json\/wp\/v2\/pages\/10147"}],"collection":[{"href":"https:\/\/cipe.org.br\/novo\/wp-json\/wp\/v2\/pages"}],"about":[{"href":"https:\/\/cipe.org.br\/novo\/wp-json\/wp\/v2\/types\/page"}],"author":[{"embeddable":true,"href":"https:\/\/cipe.org.br\/novo\/wp-json\/wp\/v2\/users\/1"}],"replies":[{"embeddable":true,"href":"https:\/\/cipe.org.br\/novo\/wp-json\/wp\/v2\/comments?post=10147"}],"version-history":[{"count":22,"href":"https:\/\/cipe.org.br\/novo\/wp-json\/wp\/v2\/pages\/10147\/revisions"}],"predecessor-version":[{"id":23025,"href":"https:\/\/cipe.org.br\/novo\/wp-json\/wp\/v2\/pages\/10147\/revisions\/23025"}],"up":[{"embeddable":true,"href":"https:\/\/cipe.org.br\/novo\/wp-json\/wp\/v2\/pages\/8944"}],"wp:attachment":[{"href":"https:\/\/cipe.org.br\/novo\/wp-json\/wp\/v2\/media?parent=10147"}],"curies":[{"name":"wp","href":"https:\/\/api.w.org\/{rel}","templated":true}]}}