{"id":10128,"date":"2019-09-04T15:13:46","date_gmt":"2019-09-04T18:13:46","guid":{"rendered":"https:\/\/cipe.org.br\/novo\/?page_id=10128"},"modified":"2025-06-24T22:47:52","modified_gmt":"2025-06-25T01:47:52","slug":"paraiba","status":"publish","type":"page","link":"https:\/\/cipe.org.br\/novo\/associados\/paraiba\/","title":{"rendered":"Para\u00edba"},"content":{"rendered":"<p><strong>CAMPINA GRANDE<\/strong><\/p>\n<ul>\n<li><strong><strong>Ewerton Franco de Souza (titular)<br \/>\n<\/strong><\/strong><\/li>\n<li><strong>Paulo Marcelo Pinto Costa (participante)<\/strong><\/li>\n<\/ul>\n<p><strong>JO\u00c3O PESSOA<\/strong><\/p>\n<ul>\n<li><strong>Ana Cl\u00e1udia Soares Penazzi (participante)<\/strong><\/li>\n<li><strong>Daniel de Albuquerque Rangel Moreira (titular)<\/strong><\/li>\n<li><strong>J\u00falio C\u00e9sar Assun\u00e7\u00e3o N\u00f3brega (participante)<\/strong><\/li>\n<li><strong>Val\u00e9ria Mendes Vieira (participante)<\/strong><\/li>\n<li><strong>Wilberto Silva Trigueiro (remido)<\/strong><\/li>\n<\/ul>\n<p>&nbsp;<\/p>\n","protected":false},"excerpt":{"rendered":"<p>CAMPINA GRANDE Ewerton Franco de Souza (titular) Paulo Marcelo Pinto Costa (participante) JO\u00c3O PESSOA Ana Cl\u00e1udia Soares Penazzi (participante) Daniel de Albuquerque Rangel Moreira (titular) J\u00falio<span class=\"excerpt-hellip\"> [\u2026]<\/span><\/p>\n","protected":false},"author":1,"featured_media":0,"parent":8944,"menu_order":0,"comment_status":"closed","ping_status":"closed","template":"","meta":{"footnotes":""},"_links":{"self":[{"href":"https:\/\/cipe.org.br\/novo\/wp-json\/wp\/v2\/pages\/10128"}],"collection":[{"href":"https:\/\/cipe.org.br\/novo\/wp-json\/wp\/v2\/pages"}],"about":[{"href":"https:\/\/cipe.org.br\/novo\/wp-json\/wp\/v2\/types\/page"}],"author":[{"embeddable":true,"href":"https:\/\/cipe.org.br\/novo\/wp-json\/wp\/v2\/users\/1"}],"replies":[{"embeddable":true,"href":"https:\/\/cipe.org.br\/novo\/wp-json\/wp\/v2\/comments?post=10128"}],"version-history":[{"count":23,"href":"https:\/\/cipe.org.br\/novo\/wp-json\/wp\/v2\/pages\/10128\/revisions"}],"predecessor-version":[{"id":21856,"href":"https:\/\/cipe.org.br\/novo\/wp-json\/wp\/v2\/pages\/10128\/revisions\/21856"}],"up":[{"embeddable":true,"href":"https:\/\/cipe.org.br\/novo\/wp-json\/wp\/v2\/pages\/8944"}],"wp:attachment":[{"href":"https:\/\/cipe.org.br\/novo\/wp-json\/wp\/v2\/media?parent=10128"}],"curies":[{"name":"wp","href":"https:\/\/api.w.org\/{rel}","templated":true}]}}