{"id":10120,"date":"2019-09-04T15:00:22","date_gmt":"2019-09-04T18:00:22","guid":{"rendered":"https:\/\/cipe.org.br\/novo\/?page_id=10120"},"modified":"2026-01-20T17:31:22","modified_gmt":"2026-01-20T20:31:22","slug":"minas-gerais","status":"publish","type":"page","link":"https:\/\/cipe.org.br\/novo\/associados\/minas-gerais\/","title":{"rendered":"Minas Gerais"},"content":{"rendered":"<p><strong>BELO HORIZONTE<\/strong><\/p>\n<ul>\n<li><strong>\u00c1tila Magalh\u00e3es Victoria (titular)<\/strong><\/li>\n<li><strong>\u00c1tila Reis Victoria (titular)<\/strong><\/li>\n<li><strong>Augusto Jos\u00e9 da Silva Albuquerque (titular)<\/strong><\/li>\n<li><strong>Cl\u00e9cio Pi\u00e7arro (titular)<\/strong><\/li>\n<li><strong>Edson Samesima Tatsuo (remido)<\/strong><\/li>\n<li><strong>Eliane Mayumi Nonaka (titular)<\/strong><\/li>\n<li><strong>Fabio Mendes Botelho Filho (titular)<\/strong><\/li>\n<li><strong>Jo\u00e3o Bosco Rosseti Tiburcio (participante)<\/strong><\/li>\n<li><strong>Jos\u00e9 Carlos Brand\u00e3o Duarte Lanna (remido)<\/strong><\/li>\n<li><strong>Julia Bianchi Brito (participante)<\/strong><\/li>\n<li><strong>Luciano Dantes de Paula (remido)<\/strong><\/li>\n<li><strong>Manoel Firmato de Almeida (remido)<\/strong><\/li>\n<li><strong>Marcelo Eller Miranda<\/strong> <strong> (titular)<\/strong><\/li>\n<li><strong>Maria Luiza Carvalho da Silveira (titular)<\/strong><\/li>\n<li><strong>Maria Rita Pereira (titular)<\/strong><\/li>\n<li><strong>Mauro Chrys\u00f3stomo Ferreira (remido)<\/strong><\/li>\n<li><strong>Mirts Miyoshi Matsushita (titular)<\/strong><\/li>\n<li><strong>Paula Sannazzaro Oliveira de Assis (participante)<\/strong><\/li>\n<li><strong>Sandra Rosa Teixeira (participante)<\/strong><\/li>\n<\/ul>\n<p><strong>GOVERNADOR VALADARES<\/strong><\/p>\n<ul>\n<li><strong>Cristiano de Pinho Tavares (titular)<\/strong><\/li>\n<li><strong>Jane Debora Nunes Lopes (participante)<\/strong><\/li>\n<li><strong>Walthon Pereira Miranda Junior (titular)<\/strong><\/li>\n<\/ul>\n<p><strong>JUIZ DE FORA<\/strong><\/p>\n<ul>\n<li><strong>Aim\u00e9e Cabral Ramalhete (participante)<\/strong><\/li>\n<li><strong>Kelly Christina de Castro Paiva (titular)<\/strong><\/li>\n<li><strong>Marcelo Calcagno da Silva (titular)<\/strong><\/li>\n<li><strong>Sergio Henrique Schlaucher (participante)<\/strong><\/li>\n<\/ul>\n<p><strong>NOVA LIMA<\/strong><\/p>\n<ul>\n<li><strong>Maria Martha Zerbini Peroco Braga (remido)<\/strong><\/li>\n<\/ul>\n<p><strong>POUSO ALEGRE<\/strong><\/p>\n<ul>\n<li><strong>F\u00e9lix Carlos Ocariz Bazzano (titular)<\/strong><\/li>\n<\/ul>\n<p><strong>S\u00c3O LOUREN\u00c7O<\/strong><\/p>\n<ul>\n<li><strong>Musse Jos\u00e9 Matuck (participante)<\/strong><\/li>\n<\/ul>\n<p><strong>SETE LAGOAS<\/strong><\/p>\n<ul>\n<li><strong>Kaili A. Arruda de Oliveira (participante)<\/strong><\/li>\n<li><strong>Maria Luiza Gandra de Meira (titular)<\/strong><\/li>\n<\/ul>\n<p><strong>SOLEDADE DE MINAS<\/strong><\/p>\n<ul>\n<li><strong>Musse Jos\u00e9 Matuck (participante)<\/strong><\/li>\n<\/ul>\n<p><strong>TIM\u00d3TEO<\/strong><\/p>\n<ul>\n<li><strong>Ronaldo Ara\u00fajo Abreu (participante)<\/strong><\/li>\n<\/ul>\n<p><strong>UBERABA<\/strong><\/p>\n<ul>\n<li><strong>Adriana Cartafina Perez B\u00f3scollo (participante)<\/strong><\/li>\n<li><strong>Elina Tosta de Oliveira (participante)<\/strong><\/li>\n<li><strong>Gabrielly Bertoldi Silva (participante)<\/strong><\/li>\n<\/ul>\n<p><strong>UBERL\u00c2NDIA<\/strong><\/p>\n<ul>\n<li><strong>Catharina Somerlate Franco Tomich (participante)<\/strong><\/li>\n<li><strong>Saulo Rodrigues J\u00fanior (participante)<\/strong><\/li>\n<\/ul>\n<p><strong>VARGINHA<\/strong><\/p>\n<ul>\n<li><strong>Bruno Viana de Aquino (titular)<\/strong><\/li>\n<\/ul>\n<p>&nbsp;<\/p>\n","protected":false},"excerpt":{"rendered":"<p>BELO HORIZONTE \u00c1tila Magalh\u00e3es Victoria (titular) \u00c1tila Reis Victoria (titular) Augusto Jos\u00e9 da Silva Albuquerque (titular) Cl\u00e9cio Pi\u00e7arro (titular) Edson Samesima Tatsuo (remido) Eliane Mayumi Nonaka<span class=\"excerpt-hellip\"> [\u2026]<\/span><\/p>\n","protected":false},"author":1,"featured_media":0,"parent":8944,"menu_order":0,"comment_status":"closed","ping_status":"closed","template":"","meta":{"footnotes":""},"_links":{"self":[{"href":"https:\/\/cipe.org.br\/novo\/wp-json\/wp\/v2\/pages\/10120"}],"collection":[{"href":"https:\/\/cipe.org.br\/novo\/wp-json\/wp\/v2\/pages"}],"about":[{"href":"https:\/\/cipe.org.br\/novo\/wp-json\/wp\/v2\/types\/page"}],"author":[{"embeddable":true,"href":"https:\/\/cipe.org.br\/novo\/wp-json\/wp\/v2\/users\/1"}],"replies":[{"embeddable":true,"href":"https:\/\/cipe.org.br\/novo\/wp-json\/wp\/v2\/comments?post=10120"}],"version-history":[{"count":52,"href":"https:\/\/cipe.org.br\/novo\/wp-json\/wp\/v2\/pages\/10120\/revisions"}],"predecessor-version":[{"id":22823,"href":"https:\/\/cipe.org.br\/novo\/wp-json\/wp\/v2\/pages\/10120\/revisions\/22823"}],"up":[{"embeddable":true,"href":"https:\/\/cipe.org.br\/novo\/wp-json\/wp\/v2\/pages\/8944"}],"wp:attachment":[{"href":"https:\/\/cipe.org.br\/novo\/wp-json\/wp\/v2\/media?parent=10120"}],"curies":[{"name":"wp","href":"https:\/\/api.w.org\/{rel}","templated":true}]}}