{"id":10118,"date":"2019-09-04T14:46:46","date_gmt":"2019-09-04T17:46:46","guid":{"rendered":"https:\/\/cipe.org.br\/novo\/?page_id=10118"},"modified":"2025-08-08T13:52:57","modified_gmt":"2025-08-08T16:52:57","slug":"maranhao","status":"publish","type":"page","link":"https:\/\/cipe.org.br\/novo\/associados\/maranhao\/","title":{"rendered":"Maranh\u00e3o"},"content":{"rendered":"<p><strong>MANAUS<\/strong><\/p>\n<ul>\n<li><strong>Ana Paula Le\u00e3o de Ara\u00fajo (participante)<\/strong><\/li>\n<li><strong>Bruna Cecilia Neves de Carvalho (participante)<\/strong><\/li>\n<li><strong>Cinira de Souza Camur\u00e7a Lima (participante)<\/strong><\/li>\n<li><strong>Diana Nogueira do Nascimento (participante)<\/strong><\/li>\n<li><strong>Giselle Macedo de Souza (participante)<\/strong><\/li>\n<li><strong>Paulo C\u00e9sar da Silva Esc\u00f3ssio (participante)<\/strong><\/li>\n<li><strong>Ricardo Jos\u00e9 Vieira (participante)<\/strong><\/li>\n<\/ul>\n<p><strong>S\u00c3O LUIS<\/strong><\/p>\n<ul>\n<li><strong>Alu\u00edsio do R\u00eago Mello Filho (titular)<\/strong><\/li>\n<li><strong>Francisco Teixeira de Alcantara Neto (remido)<\/strong><\/li>\n<li><strong>Nelson de Siqueira (participante)<\/strong><\/li>\n<li><strong>Rafael Teixeira Boden<\/strong><\/li>\n<li><strong>Raymundo Alexandrino de Souza Lima (remido)<\/strong><\/li>\n<\/ul>\n","protected":false},"excerpt":{"rendered":"<p>MANAUS Ana Paula Le\u00e3o de Ara\u00fajo (participante) Bruna Cecilia Neves de Carvalho (participante) Cinira de Souza Camur\u00e7a Lima (participante) Diana Nogueira do Nascimento (participante) Giselle Macedo<span class=\"excerpt-hellip\"> [\u2026]<\/span><\/p>\n","protected":false},"author":1,"featured_media":0,"parent":8944,"menu_order":0,"comment_status":"closed","ping_status":"closed","template":"","meta":{"footnotes":""},"_links":{"self":[{"href":"https:\/\/cipe.org.br\/novo\/wp-json\/wp\/v2\/pages\/10118"}],"collection":[{"href":"https:\/\/cipe.org.br\/novo\/wp-json\/wp\/v2\/pages"}],"about":[{"href":"https:\/\/cipe.org.br\/novo\/wp-json\/wp\/v2\/types\/page"}],"author":[{"embeddable":true,"href":"https:\/\/cipe.org.br\/novo\/wp-json\/wp\/v2\/users\/1"}],"replies":[{"embeddable":true,"href":"https:\/\/cipe.org.br\/novo\/wp-json\/wp\/v2\/comments?post=10118"}],"version-history":[{"count":16,"href":"https:\/\/cipe.org.br\/novo\/wp-json\/wp\/v2\/pages\/10118\/revisions"}],"predecessor-version":[{"id":22036,"href":"https:\/\/cipe.org.br\/novo\/wp-json\/wp\/v2\/pages\/10118\/revisions\/22036"}],"up":[{"embeddable":true,"href":"https:\/\/cipe.org.br\/novo\/wp-json\/wp\/v2\/pages\/8944"}],"wp:attachment":[{"href":"https:\/\/cipe.org.br\/novo\/wp-json\/wp\/v2\/media?parent=10118"}],"curies":[{"name":"wp","href":"https:\/\/api.w.org\/{rel}","templated":true}]}}