{"id":10114,"date":"2019-09-04T14:40:57","date_gmt":"2019-09-04T17:40:57","guid":{"rendered":"https:\/\/cipe.org.br\/novo\/?page_id=10114"},"modified":"2025-06-24T18:52:12","modified_gmt":"2025-06-24T21:52:12","slug":"espirito-santo","status":"publish","type":"page","link":"https:\/\/cipe.org.br\/novo\/associados\/espirito-santo\/","title":{"rendered":"Esp\u00edrito Santo"},"content":{"rendered":"<p><strong>SERRA\u00a0<\/strong><\/p>\n<ul>\n<li><strong>Mariana Quintino Moura (participante)<\/strong><\/li>\n<\/ul>\n<p><strong>VILA VELHA<\/strong><\/p>\n<ul>\n<li><strong>Isabela Passos Pereira Quintaes (titular)<\/strong><\/li>\n<li><strong>Patricia Magnago Alto\u00e9 (participante)<\/strong><\/li>\n<li><strong>Paulo C\u00e9sar Ribeiro Boasquevisque (titular)<\/strong><\/li>\n<\/ul>\n<p><strong>VIT\u00d3RIA<\/strong><\/p>\n<ul>\n<li><strong>Andrea Saad Daher Borjaili (participante)<\/strong><\/li>\n<li><strong>Hustenil Ubaldino Quintanilha (remido)<\/strong><\/li>\n<li><strong>Jos\u00e9 Carlos Frasson (participante)<\/strong><\/li>\n<li><strong>Ant\u00f4nio Jos\u00e9 Gon\u00e7alves Leal (Titular)<\/strong><\/li>\n<li><strong>Marcos Motta del Caro (participante)<\/strong><\/li>\n<li><strong>Mariana Gir\u00e3o Tauffer (titular)<\/strong><\/li>\n<li><strong>Roberto Vieira Dettogni (remido)<\/strong><\/li>\n<li><strong>Salom\u00e3o Br\u00eatas (titular)<\/strong><\/li>\n<li><strong>Samuel Paiva Martins (remido)<\/strong><\/li>\n<li><strong>Sperandio Reinaldo Del Caro (remido)<\/strong><\/li>\n<\/ul>\n","protected":false},"excerpt":{"rendered":"<p>SERRA\u00a0 Mariana Quintino Moura (participante) VILA VELHA Isabela Passos Pereira Quintaes (titular) Patricia Magnago Alto\u00e9 (participante) Paulo C\u00e9sar Ribeiro Boasquevisque (titular) VIT\u00d3RIA Andrea Saad Daher Borjaili<span class=\"excerpt-hellip\"> [\u2026]<\/span><\/p>\n","protected":false},"author":1,"featured_media":0,"parent":8944,"menu_order":0,"comment_status":"closed","ping_status":"closed","template":"","meta":{"footnotes":""},"_links":{"self":[{"href":"https:\/\/cipe.org.br\/novo\/wp-json\/wp\/v2\/pages\/10114"}],"collection":[{"href":"https:\/\/cipe.org.br\/novo\/wp-json\/wp\/v2\/pages"}],"about":[{"href":"https:\/\/cipe.org.br\/novo\/wp-json\/wp\/v2\/types\/page"}],"author":[{"embeddable":true,"href":"https:\/\/cipe.org.br\/novo\/wp-json\/wp\/v2\/users\/1"}],"replies":[{"embeddable":true,"href":"https:\/\/cipe.org.br\/novo\/wp-json\/wp\/v2\/comments?post=10114"}],"version-history":[{"count":23,"href":"https:\/\/cipe.org.br\/novo\/wp-json\/wp\/v2\/pages\/10114\/revisions"}],"predecessor-version":[{"id":21870,"href":"https:\/\/cipe.org.br\/novo\/wp-json\/wp\/v2\/pages\/10114\/revisions\/21870"}],"up":[{"embeddable":true,"href":"https:\/\/cipe.org.br\/novo\/wp-json\/wp\/v2\/pages\/8944"}],"wp:attachment":[{"href":"https:\/\/cipe.org.br\/novo\/wp-json\/wp\/v2\/media?parent=10114"}],"curies":[{"name":"wp","href":"https:\/\/api.w.org\/{rel}","templated":true}]}}