{"id":10110,"date":"2019-09-04T14:26:50","date_gmt":"2019-09-04T17:26:50","guid":{"rendered":"https:\/\/cipe.org.br\/novo\/?page_id=10110"},"modified":"2026-03-24T14:31:56","modified_gmt":"2026-03-24T17:31:56","slug":"ceara","status":"publish","type":"page","link":"https:\/\/cipe.org.br\/novo\/associados\/ceara\/","title":{"rendered":"Cear\u00e1"},"content":{"rendered":"<p><strong>BARBALHA<\/strong><\/p>\n<ul>\n<li><strong>Jo\u00e3o Saraiva da Cruz Neto<\/strong> <strong>(participante)<\/strong><\/li>\n<\/ul>\n<p><strong>EUS\u00c9BIO<\/strong><\/p>\n<ul>\n<li><strong>Alessandra Pamplona Botelho Venturini<\/strong> <strong>(participante)<\/strong><\/li>\n<\/ul>\n<p><strong>FORTALEZA<\/strong><\/p>\n<ul>\n<li><strong>Ant\u00f4nio Aldo Melo Filho (titular)<\/strong><\/li>\n<li><strong>Augusto Cesar Gadelha de Abreu (remido)<\/strong><\/li>\n<li><strong>Augusto Cesar Gadelha de Abreu Filho (participante)<\/strong><\/li>\n<li><strong>Humberto Forte Lia Bia Fortes (participante)<\/strong><\/li>\n<li><strong>Izabella Furtado de Vasconcelos (participante)\u00a0<\/strong><\/li>\n<li><strong>Jo\u00e3o Henrique Freitas Colares (titular)<\/strong><\/li>\n<li><strong>Jos\u00e9 Ricardo Barbosa de Azevedo (participante)<\/strong><\/li>\n<li><strong>Manoel Luiz Filgueira de Oliveira (titular)<\/strong><\/li>\n<li><strong>M\u00e1rcia Maria de Holanda Goes Bezerra (participante)<\/strong><\/li>\n<li><strong>Mariana Marconato Monje (titular)<\/strong><\/li>\n<li><strong>Monika Maya Tsuji Nishikido (titular)<\/strong><\/li>\n<li><strong>Rocino Marinho de Oliveira Neto (titular)<\/strong><\/li>\n<li><strong>Saulo Pinho Nunes (titular)<\/strong><\/li>\n<li><strong>S\u00e9rgio Botelho Guimar\u00e3es (remido)<\/strong><\/li>\n<\/ul>\n<p><strong>JUAZEIRO DO NORTE<\/strong><\/p>\n<ul>\n<li><strong>Micaelle Jozinne Gon\u00e7alves Cardoso (titular)<\/strong><\/li>\n<\/ul>\n","protected":false},"excerpt":{"rendered":"<p>BARBALHA Jo\u00e3o Saraiva da Cruz Neto (participante) EUS\u00c9BIO Alessandra Pamplona Botelho Venturini (participante) FORTALEZA Ant\u00f4nio Aldo Melo Filho (titular) Augusto Cesar Gadelha de Abreu (remido) Augusto<span class=\"excerpt-hellip\"> [\u2026]<\/span><\/p>\n","protected":false},"author":1,"featured_media":0,"parent":8944,"menu_order":0,"comment_status":"closed","ping_status":"closed","template":"","meta":{"footnotes":""},"_links":{"self":[{"href":"https:\/\/cipe.org.br\/novo\/wp-json\/wp\/v2\/pages\/10110"}],"collection":[{"href":"https:\/\/cipe.org.br\/novo\/wp-json\/wp\/v2\/pages"}],"about":[{"href":"https:\/\/cipe.org.br\/novo\/wp-json\/wp\/v2\/types\/page"}],"author":[{"embeddable":true,"href":"https:\/\/cipe.org.br\/novo\/wp-json\/wp\/v2\/users\/1"}],"replies":[{"embeddable":true,"href":"https:\/\/cipe.org.br\/novo\/wp-json\/wp\/v2\/comments?post=10110"}],"version-history":[{"count":31,"href":"https:\/\/cipe.org.br\/novo\/wp-json\/wp\/v2\/pages\/10110\/revisions"}],"predecessor-version":[{"id":23077,"href":"https:\/\/cipe.org.br\/novo\/wp-json\/wp\/v2\/pages\/10110\/revisions\/23077"}],"up":[{"embeddable":true,"href":"https:\/\/cipe.org.br\/novo\/wp-json\/wp\/v2\/pages\/8944"}],"wp:attachment":[{"href":"https:\/\/cipe.org.br\/novo\/wp-json\/wp\/v2\/media?parent=10110"}],"curies":[{"name":"wp","href":"https:\/\/api.w.org\/{rel}","templated":true}]}}